{"id":31751,"date":"2026-01-19T14:24:52","date_gmt":"2026-01-19T13:24:52","guid":{"rendered":"https:\/\/clarityproject.de\/?post_type=product&#038;p=31751"},"modified":"2026-01-19T14:36:55","modified_gmt":"2026-01-19T13:36:55","slug":"qlbintensive-material","status":"publish","type":"product","link":"https:\/\/clarityproject.de\/en\/product\/qlbintensive-material\/","title":{"rendered":"QLBintensive Material"},"content":{"rendered":"<p>Hier erh\u00e4ltst du material, das wir im <strong>QLBintensive Workshop<\/strong> vermittelt haben, um deine Praxis fortzuf\u00fchren.<br \/>\nDu kannst es nur erwerben, wenn du KursteilnehmerIn warst. Allen anderen empfehlen wir das <a href=\"https:\/\/clarityproject.de\/produkt\/quantum-light-breath-training\/\">QLB-Online Training<\/a>.<\/p>\n<p>Du ben\u00f6tigst die Passion For Clarity-App daf\u00fcr, die du gratis downloaden kannst.<\/p>\n<p><strong>Du erh\u00e4ltst \u00fcber die Passion for Clarity-App<\/strong><\/p>\n<p>&#8211; einige \u00dcbungssessions zum richtigen Atmen im QLB, bzw zur Vorbereitung auf den QLB als Audio mp3 (EnergyBreathing)<br \/>\n-die ClarityLetgo Meditation als stillere Alternative zum QLB<br \/>\n&#8211; Eine von Nishkam gef\u00fchrte Chakra-Entspannung zur Steigerung des Beobachtermodus in der Meditation<\/p>\n<p><strong>Du hast auch Zugriff<\/strong><br \/>\n&#8211; auf eine Chat-Community und kannst Fragen stellen, oder Deine Erfahrungen austauschen.<br \/>\n&#8211; Du kannst dein QLB-Gruppen-Angebot in der App eintragen, ggf auch auf einer Liste innerhalb der ClarityWebsite<\/p>\n<p><strong>Auf Nachfrage beim ClarityProject per Email:<\/strong> Wenn du das QLB-OnlineTraining absolviert hast, kannst Du QLB\u00b4s f\u00fcr Gruppen als QLB Guide unter dem ClarityLogo anbieten und dieses in der Werbung daf\u00fcr \u00a0einsetzen. Das ClarityProject ersetzt keine Ausbildung oder Zertifierung f\u00fcr therapeutische Arbeit die staatlich anerkannt w\u00e4re.Du bist ganz allein f\u00fcr Deine Angbote verantwortlich. Bitte wende Dich an Nishkam, um Fragen dazu zu besprechen.<\/p>\n<p>&nbsp;<\/p>\n<p>Am besten l\u00e4dst Du Dir die Passion for Clarity-App gleich gratis auf Dein Smartphone oder den Computer und registrierst Dich.<\/p>\n<p>Nur dann k\u00f6nnen wir Dich f\u00fcr die Nutzung der App freischalten.<span class=\"Apple-converted-space\">\u00a0 <\/span>Die Gebrauchsanweisung dazu befindest sich unter dem <a href=\"https:\/\/clarityproject.de\/clarityapp\/\">Haupt-Men\u00fcpunkt\/Reiter &#8220;Clarity-App&#8221;<\/a> auf der Website www.clarityproject.de<\/p>\n<p>Du kannst das Material auf dem Smartphone oder auf Computer, Tablett etc anschauen\/-h\u00f6ren.<br \/>\nInnerhalb des Smartphones kannst du es downloaden und offline h\u00f6ren.<br \/>\nDer Zugriff endet \u00a0falls diese App eingestellt werden sollte.<\/p>\n<p><img loading=\"lazy\" decoding=\"async\" class=\"alignnone wp-image-24484\" src=\"https:\/\/clarityproject.de\/wp-content\/uploads\/App2.png\" alt=\"\" width=\"285\" height=\"548\" srcset=\"https:\/\/clarityproject.de\/wp-content\/uploads\/App2.png 570w, https:\/\/clarityproject.de\/wp-content\/uploads\/App2-156x300.png 156w, https:\/\/clarityproject.de\/wp-content\/uploads\/App2-533x1024.png 533w\" sizes=\"auto, (max-width: 285px) 100vw, 285px\" \/><\/p>\n","protected":false},"excerpt":{"rendered":"<p>Material f\u00fcr angehende oder praktizierende QLB-Guides, die den Workshop QLBintensive absolviert haben<\/p>\n","protected":false},"featured_media":23312,"comment_status":"open","ping_status":"closed","template":"","meta":[],"product_brand":[],"product_cat":[158,109,157,110],"product_tag":[114],"class_list":{"0":"post-31751","1":"product","2":"type-product","3":"status-publish","4":"has-post-thumbnail","6":"product_cat-products-for-clarityguides","7":"product_cat-products-for-participants","8":"product_cat-products-in-the-clarityapp","9":"product_cat-qlb-en","10":"product_tag-german-en","11":"sales-flash-overlay","12":"woocommerce-text-align-center","13":"woocommerce-image-align-center","14":"do-quantity-buttons","16":"first","17":"instock","18":"taxable","19":"shipping-taxable","20":"purchasable","21":"product-type-simple"},"yoast_head":"<!-- This site is optimized with the Yoast SEO plugin v27.4 - https:\/\/yoast.com\/product\/yoast-seo-wordpress\/ -->\n<title>QLBintensive Material - The Clarity Project\u00ae<\/title>\n<meta name=\"robots\" content=\"index, follow, max-snippet:-1, max-image-preview:large, max-video-preview:-1\" \/>\n<link rel=\"canonical\" href=\"https:\/\/clarityproject.de\/en\/product\/qlbintensive-material\/\" \/>\n<meta property=\"og:locale\" content=\"en_US\" \/>\n<meta property=\"og:type\" content=\"article\" \/>\n<meta property=\"og:title\" content=\"QLBintensive Material - The Clarity Project\u00ae\" \/>\n<meta property=\"og:description\" content=\"Material f\u00fcr angehende oder praktizierende QLB-Guides, die den Workshop QLBintensive absolviert haben\" \/>\n<meta property=\"og:url\" content=\"https:\/\/clarityproject.de\/en\/product\/qlbintensive-material\/\" \/>\n<meta property=\"og:site_name\" content=\"The Clarity Project\u00ae\" \/>\n<meta property=\"article:modified_time\" content=\"2026-01-19T13:36:55+00:00\" \/>\n<meta name=\"twitter:card\" content=\"summary_large_image\" \/>\n<meta name=\"twitter:label1\" content=\"Est. reading time\" \/>\n\t<meta name=\"twitter:data1\" content=\"2 minutes\" \/>\n<script type=\"application\/ld+json\" class=\"yoast-schema-graph\">{\"@context\":\"https:\\\/\\\/schema.org\",\"@graph\":[{\"@type\":\"WebPage\",\"@id\":\"https:\\\/\\\/clarityproject.de\\\/en\\\/product\\\/qlbintensive-material\\\/\",\"url\":\"https:\\\/\\\/clarityproject.de\\\/en\\\/product\\\/qlbintensive-material\\\/\",\"name\":\"QLBintensive Material - The Clarity Project\u00ae\",\"isPartOf\":{\"@id\":\"https:\\\/\\\/clarityproject.de\\\/en\\\/#website\"},\"primaryImageOfPage\":{\"@id\":\"https:\\\/\\\/clarityproject.de\\\/en\\\/product\\\/qlbintensive-material\\\/#primaryimage\"},\"image\":{\"@id\":\"https:\\\/\\\/clarityproject.de\\\/en\\\/product\\\/qlbintensive-material\\\/#primaryimage\"},\"thumbnailUrl\":\"https:\\\/\\\/clarityproject.de\\\/wp-content\\\/uploads\\\/QLB-Picto.tiff\",\"datePublished\":\"2026-01-19T13:24:52+00:00\",\"dateModified\":\"2026-01-19T13:36:55+00:00\",\"breadcrumb\":{\"@id\":\"https:\\\/\\\/clarityproject.de\\\/en\\\/product\\\/qlbintensive-material\\\/#breadcrumb\"},\"inLanguage\":\"en-US\",\"potentialAction\":[{\"@type\":\"ReadAction\",\"target\":[\"https:\\\/\\\/clarityproject.de\\\/en\\\/product\\\/qlbintensive-material\\\/\"]}]},{\"@type\":\"ImageObject\",\"inLanguage\":\"en-US\",\"@id\":\"https:\\\/\\\/clarityproject.de\\\/en\\\/product\\\/qlbintensive-material\\\/#primaryimage\",\"url\":\"https:\\\/\\\/clarityproject.de\\\/wp-content\\\/uploads\\\/QLB-Picto.tiff\",\"contentUrl\":\"https:\\\/\\\/clarityproject.de\\\/wp-content\\\/uploads\\\/QLB-Picto.tiff\"},{\"@type\":\"BreadcrumbList\",\"@id\":\"https:\\\/\\\/clarityproject.de\\\/en\\\/product\\\/qlbintensive-material\\\/#breadcrumb\",\"itemListElement\":[{\"@type\":\"ListItem\",\"position\":1,\"name\":\"Startseite\",\"item\":\"https:\\\/\\\/clarityproject.de\\\/en\\\/\"},{\"@type\":\"ListItem\",\"position\":2,\"name\":\"Shop\",\"item\":\"https:\\\/\\\/clarityproject.de\\\/en\\\/shop-2\\\/\"},{\"@type\":\"ListItem\",\"position\":3,\"name\":\"QLBintensive Material\"}]},{\"@type\":\"WebSite\",\"@id\":\"https:\\\/\\\/clarityproject.de\\\/en\\\/#website\",\"url\":\"https:\\\/\\\/clarityproject.de\\\/en\\\/\",\"name\":\"The Clarity Project\u00ae\",\"description\":\"\",\"publisher\":{\"@id\":\"https:\\\/\\\/clarityproject.de\\\/en\\\/#organization\"},\"potentialAction\":[{\"@type\":\"SearchAction\",\"target\":{\"@type\":\"EntryPoint\",\"urlTemplate\":\"https:\\\/\\\/clarityproject.de\\\/en\\\/?s={search_term_string}\"},\"query-input\":{\"@type\":\"PropertyValueSpecification\",\"valueRequired\":true,\"valueName\":\"search_term_string\"}}],\"inLanguage\":\"en-US\"},{\"@type\":\"Organization\",\"@id\":\"https:\\\/\\\/clarityproject.de\\\/en\\\/#organization\",\"name\":\"Clarity Project\",\"url\":\"https:\\\/\\\/clarityproject.de\\\/en\\\/\",\"logo\":{\"@type\":\"ImageObject\",\"inLanguage\":\"en-US\",\"@id\":\"https:\\\/\\\/clarityproject.de\\\/en\\\/#\\\/schema\\\/logo\\\/image\\\/\",\"url\":\"https:\\\/\\\/clarityproject.de\\\/wp-content\\\/uploads\\\/2021\\\/07\\\/logo-original-clarity.jpg\",\"contentUrl\":\"https:\\\/\\\/clarityproject.de\\\/wp-content\\\/uploads\\\/2021\\\/07\\\/logo-original-clarity.jpg\",\"width\":625,\"height\":899,\"caption\":\"Clarity Project\"},\"image\":{\"@id\":\"https:\\\/\\\/clarityproject.de\\\/en\\\/#\\\/schema\\\/logo\\\/image\\\/\"}}]}<\/script>\n<!-- \/ Yoast SEO plugin. -->","yoast_head_json":{"title":"QLBintensive Material - The Clarity Project\u00ae","robots":{"index":"index","follow":"follow","max-snippet":"max-snippet:-1","max-image-preview":"max-image-preview:large","max-video-preview":"max-video-preview:-1"},"canonical":"https:\/\/clarityproject.de\/en\/product\/qlbintensive-material\/","og_locale":"en_US","og_type":"article","og_title":"QLBintensive Material - The Clarity Project\u00ae","og_description":"Material f\u00fcr angehende oder praktizierende QLB-Guides, die den Workshop QLBintensive absolviert haben","og_url":"https:\/\/clarityproject.de\/en\/product\/qlbintensive-material\/","og_site_name":"The Clarity Project\u00ae","article_modified_time":"2026-01-19T13:36:55+00:00","twitter_card":"summary_large_image","twitter_misc":{"Est. reading time":"2 minutes"},"schema":{"@context":"https:\/\/schema.org","@graph":[{"@type":"WebPage","@id":"https:\/\/clarityproject.de\/en\/product\/qlbintensive-material\/","url":"https:\/\/clarityproject.de\/en\/product\/qlbintensive-material\/","name":"QLBintensive Material - The Clarity Project\u00ae","isPartOf":{"@id":"https:\/\/clarityproject.de\/en\/#website"},"primaryImageOfPage":{"@id":"https:\/\/clarityproject.de\/en\/product\/qlbintensive-material\/#primaryimage"},"image":{"@id":"https:\/\/clarityproject.de\/en\/product\/qlbintensive-material\/#primaryimage"},"thumbnailUrl":"https:\/\/clarityproject.de\/wp-content\/uploads\/QLB-Picto.tiff","datePublished":"2026-01-19T13:24:52+00:00","dateModified":"2026-01-19T13:36:55+00:00","breadcrumb":{"@id":"https:\/\/clarityproject.de\/en\/product\/qlbintensive-material\/#breadcrumb"},"inLanguage":"en-US","potentialAction":[{"@type":"ReadAction","target":["https:\/\/clarityproject.de\/en\/product\/qlbintensive-material\/"]}]},{"@type":"ImageObject","inLanguage":"en-US","@id":"https:\/\/clarityproject.de\/en\/product\/qlbintensive-material\/#primaryimage","url":"https:\/\/clarityproject.de\/wp-content\/uploads\/QLB-Picto.tiff","contentUrl":"https:\/\/clarityproject.de\/wp-content\/uploads\/QLB-Picto.tiff"},{"@type":"BreadcrumbList","@id":"https:\/\/clarityproject.de\/en\/product\/qlbintensive-material\/#breadcrumb","itemListElement":[{"@type":"ListItem","position":1,"name":"Startseite","item":"https:\/\/clarityproject.de\/en\/"},{"@type":"ListItem","position":2,"name":"Shop","item":"https:\/\/clarityproject.de\/en\/shop-2\/"},{"@type":"ListItem","position":3,"name":"QLBintensive Material"}]},{"@type":"WebSite","@id":"https:\/\/clarityproject.de\/en\/#website","url":"https:\/\/clarityproject.de\/en\/","name":"The Clarity Project\u00ae","description":"","publisher":{"@id":"https:\/\/clarityproject.de\/en\/#organization"},"potentialAction":[{"@type":"SearchAction","target":{"@type":"EntryPoint","urlTemplate":"https:\/\/clarityproject.de\/en\/?s={search_term_string}"},"query-input":{"@type":"PropertyValueSpecification","valueRequired":true,"valueName":"search_term_string"}}],"inLanguage":"en-US"},{"@type":"Organization","@id":"https:\/\/clarityproject.de\/en\/#organization","name":"Clarity Project","url":"https:\/\/clarityproject.de\/en\/","logo":{"@type":"ImageObject","inLanguage":"en-US","@id":"https:\/\/clarityproject.de\/en\/#\/schema\/logo\/image\/","url":"https:\/\/clarityproject.de\/wp-content\/uploads\/2021\/07\/logo-original-clarity.jpg","contentUrl":"https:\/\/clarityproject.de\/wp-content\/uploads\/2021\/07\/logo-original-clarity.jpg","width":625,"height":899,"caption":"Clarity Project"},"image":{"@id":"https:\/\/clarityproject.de\/en\/#\/schema\/logo\/image\/"}}]}},"jetpack_sharing_enabled":true,"_links":{"self":[{"href":"https:\/\/clarityproject.de\/en\/wp-json\/wp\/v2\/product\/31751","targetHints":{"allow":["GET"]}}],"collection":[{"href":"https:\/\/clarityproject.de\/en\/wp-json\/wp\/v2\/product"}],"about":[{"href":"https:\/\/clarityproject.de\/en\/wp-json\/wp\/v2\/types\/product"}],"replies":[{"embeddable":true,"href":"https:\/\/clarityproject.de\/en\/wp-json\/wp\/v2\/comments?post=31751"}],"wp:featuredmedia":[{"embeddable":true,"href":"https:\/\/clarityproject.de\/en\/wp-json\/wp\/v2\/media\/23312"}],"wp:attachment":[{"href":"https:\/\/clarityproject.de\/en\/wp-json\/wp\/v2\/media?parent=31751"}],"wp:term":[{"taxonomy":"product_brand","embeddable":true,"href":"https:\/\/clarityproject.de\/en\/wp-json\/wp\/v2\/product_brand?post=31751"},{"taxonomy":"product_cat","embeddable":true,"href":"https:\/\/clarityproject.de\/en\/wp-json\/wp\/v2\/product_cat?post=31751"},{"taxonomy":"product_tag","embeddable":true,"href":"https:\/\/clarityproject.de\/en\/wp-json\/wp\/v2\/product_tag?post=31751"}],"curies":[{"name":"wp","href":"https:\/\/api.w.org\/{rel}","templated":true}]}}