{"id":26411,"date":"2024-01-18T11:25:13","date_gmt":"2024-01-18T10:25:13","guid":{"rendered":"https:\/\/clarityproject.de\/?post_type=product&#038;p=26411"},"modified":"2025-12-01T14:17:45","modified_gmt":"2025-12-01T13:17:45","slug":"medi-aktionspaket-ebook-cd","status":"publish","type":"product","link":"https:\/\/clarityproject.de\/en\/product\/medi-aktionspaket-ebook-cd\/","title":{"rendered":"Medi-Aktionspaket Ebook &#038; Download mp3"},"content":{"rendered":"<p><strong>Eine beliebige deutsche QLB mp3 und das Handbuch zum Quantum Light Breath als Ebook<\/strong><\/p>\n<p>Wir freuen uns, wenn die wunderbaren Atemmeditationen ganz korrekt im Sinne von Jeru Kabbal praktiziert werden.<\/p>\n<p>Deswegen empfehlen wir die Lekt\u00fcre von &#8220;Ein Quantum Licht&#8221;, dem Handbuch zum QLB in dem alles Wissenswerte zum QLB und viel dar\u00fcberhinaus erkl\u00e4rt wird.<\/p>\n<p>Der Kauf der Kombination wird mit einem Sonderpreis belohnt &#8211; Sie sparen im Vergleich zum Einzelkauf von Ebook und mp3-Version.<\/p>\n<p>Es gibt die Varianten:<br \/>\neine der 3 QLB Varianten als mp3 mit Ebook (Aktionspaket 1)<\/p>\n<p>QLB 2 &amp; 3 mit Ebook (Aktionspaket 2)<\/p>\n<p>oder das Ebook mit allen 3 deutschsprachige QLBs (Aktionspaket 3)<\/p>\n<p>Sie k\u00f6nnen das Ebook (epub) am besten auf einem Kindle, Tolino oder iBooks von Apple, oder auf anderen E-readern \u00a0lesen, die kostenlos im Internet verf\u00fcgbar sind (Calibre.com). Es gibt aber auch die M\u00f6glichkeit die ePub Datei in eine pdf zu wandeln (https:\/\/www.zamzar.com\/convert\/epub-to-pdf\/) und dann mit Acrobat Reader zu lesen).<\/p>\n<p><strong>Das Handbuch zum QLB ist als Taschenbuchausgabe nur noch \u00fcber <a class=\"_ps2id\" href=\"https:\/\/www.amazon.de\/dp\/394727419X\/ref=tmm_pap_swatch_0?_encoding=UTF8&amp;dib_tag=se&amp;dib=eyJ2IjoiMSJ9.2GE1_6860PImp61agPWFIH7cm0xbc83bRLkkBCFXXFGWVC1bSa76N15RBLQg_S9sRYfYTutnWb_0r_lrmmt9mksI3P_4Jgu0lfBjVM-94S0JXN9IM-RcHBChj1lJUVykrwK__sTx7EdqWl7YZHNRt5LqjAZPZSUrxSDlapGPSzlO_aQjva6tPoG0DOPYKTAj_YoqBs0fv0564cZgqFoljnQHnYB2rgoKbNrs4ion53c.tr7bqB6Cv2HhivvRcM0YJ87kqXAJhu-up5LbkWdT5Q0&amp;qid=1709224041&amp;sr=8-3\" data-ps2id-offset=\"\" target=\"_blank\" rel=\"noopener\">Amazon<\/a> zu bestellen.<\/strong><\/p>\n","protected":false},"excerpt":{"rendered":"<div class=\"product-short-description\">\n<p>Das Handbuch zum Quantum Light Breath (Ebook) mit beigelegter QLB 1 , QLB2- und 3 mp3 (Download) .<\/p>\n<\/div>\n","protected":false},"featured_media":21865,"comment_status":"open","ping_status":"closed","template":"","meta":[],"product_brand":[],"product_cat":[102,104,106,110],"product_tag":[114,116],"class_list":{"0":"post-26411","1":"product","2":"type-product","3":"status-publish","4":"has-post-thumbnail","6":"product_cat-ebooks","7":"product_cat-claritytalks-en","8":"product_cat-claritytools-en","9":"product_cat-qlb-en","10":"product_tag-german-en","11":"product_tag-german-en-2","12":"product_shipping_class-versandkostenfrei-in-d","13":"sales-flash-overlay","14":"woocommerce-text-align-center","15":"woocommerce-image-align-center","16":"do-quantity-buttons","18":"first","19":"instock","20":"sale","21":"taxable","22":"shipping-taxable","23":"purchasable","24":"product-type-variable"},"jetpack_sharing_enabled":true,"_links":{"self":[{"href":"https:\/\/clarityproject.de\/en\/wp-json\/wp\/v2\/product\/26411","targetHints":{"allow":["GET"]}}],"collection":[{"href":"https:\/\/clarityproject.de\/en\/wp-json\/wp\/v2\/product"}],"about":[{"href":"https:\/\/clarityproject.de\/en\/wp-json\/wp\/v2\/types\/product"}],"replies":[{"embeddable":true,"href":"https:\/\/clarityproject.de\/en\/wp-json\/wp\/v2\/comments?post=26411"}],"wp:featuredmedia":[{"embeddable":true,"href":"https:\/\/clarityproject.de\/en\/wp-json\/wp\/v2\/media\/21865"}],"wp:attachment":[{"href":"https:\/\/clarityproject.de\/en\/wp-json\/wp\/v2\/media?parent=26411"}],"wp:term":[{"taxonomy":"product_brand","embeddable":true,"href":"https:\/\/clarityproject.de\/en\/wp-json\/wp\/v2\/product_brand?post=26411"},{"taxonomy":"product_cat","embeddable":true,"href":"https:\/\/clarityproject.de\/en\/wp-json\/wp\/v2\/product_cat?post=26411"},{"taxonomy":"product_tag","embeddable":true,"href":"https:\/\/clarityproject.de\/en\/wp-json\/wp\/v2\/product_tag?post=26411"}],"curies":[{"name":"wp","href":"https:\/\/api.w.org\/{rel}","templated":true}]}}