{"id":26406,"date":"2024-01-18T10:56:19","date_gmt":"2024-01-18T09:56:19","guid":{"rendered":"https:\/\/clarityproject.de\/?post_type=product&#038;p=26406"},"modified":"2025-12-15T16:30:41","modified_gmt":"2025-12-15T15:30:41","slug":"ein-quantum-licht-handbuch-zum-qlb-ebook","status":"publish","type":"product","link":"https:\/\/clarityproject.de\/en\/product\/ein-quantum-licht-handbuch-zum-qlb-ebook\/","title":{"rendered":"Ein Quantum Licht- Handbuch zum QLB (Ebook)"},"content":{"rendered":"<div id=\"tab-description\" class=\"product-description tab-content\">\n<p><strong>Das Handbuch zum Quantum Light Breath (Ebook)<\/strong><\/p>\n<p>In diesem Handbuch lesen Sie alles Wissenswerte rund um den bekannten transformativen Atemprozess Quantum Light Breath. Der erfahrene ClarityTrainer Nishkam Koch erl\u00e4utert auf \u00fcber einhundert Seiten Hintergrund, Entwicklung und Praxis dieser Meditation. Die Wirkungsweise und richtige Durchf\u00fchrung des Atemprozesses wird ausf\u00fchrlich dargestellt. Koch gibt zahlreiche wertvolle Tips, wie der QLB effektiv hilft, den pers\u00f6nlichen Wachstumsweg zu beschleunigen und wie die t\u00e4glichen Praxis des QLB zu Reinigung,\u00a0Kreativit\u00e4t und Wohlbefinden f\u00fchrt. F\u00fcr Menschen, die den QLB mit einer Gruppe praktizieren wollen, liefert das Buch weitere wertvolle Hinweise.<\/p>\n<p>Jeru Kabbal, Erfinder der Atemmeditation, \u00a0erkl\u00e4rt die spirituellen Zusammenh\u00e4nge zwischen Atem, Geist und K\u00f6rperbewu\u00dftsein und gibt zahlreiche Tipps f\u00fcr Praktizierende und Gruppenleiter.<\/p>\n<p>Sie k\u00f6nnen das Ebook (epub) am besten auf einem Kindle, Tolino oder iBooks von Apple, oder auf anderen E-readern \u00a0lesen, die kostenlos im Internet verf\u00fcgbar sind (Calibre.com). Es gibt aber auch die M\u00f6glichkeit die ePub Datei in eine pdf zu wandeln (https:\/\/www.zamzar.com\/convert\/epub-to-pdf\/) und dann mit Acrobat Reader zu lesen).<\/p>\n<\/div>\n<p><strong>Das Handbuch zum QLB ist als Taschenbuchausgabe nur noch \u00fcber <a class=\"_ps2id\" href=\"https:\/\/www.amazon.de\/dp\/394727419X\/ref=tmm_pap_swatch_0?_encoding=UTF8&amp;dib_tag=se&amp;dib=eyJ2IjoiMSJ9.2GE1_6860PImp61agPWFIH7cm0xbc83bRLkkBCFXXFGWVC1bSa76N15RBLQg_S9sRYfYTutnWb_0r_lrmmt9mksI3P_4Jgu0lfBjVM-94S0JXN9IM-RcHBChj1lJUVykrwK__sTx7EdqWl7YZHNRt5LqjAZPZSUrxSDlapGPSzlO_aQjva6tPoG0DOPYKTAj_YoqBs0fv0564cZgqFoljnQHnYB2rgoKbNrs4ion53c.tr7bqB6Cv2HhivvRcM0YJ87kqXAJhu-up5LbkWdT5Q0&amp;qid=1709224041&amp;sr=8-3\" data-ps2id-offset=\"\" target=\"_blank\" rel=\"noopener\">Amazon<\/a> zu bestellen.<\/strong><\/p>\n<div id=\"tab-description\" class=\"product-description tab-content\">\n<p>&nbsp;<\/p>\n<p>&nbsp;<\/p>\n<\/div>\n","protected":false},"excerpt":{"rendered":"[contact-form][contact-field label=\"Name\" type=\"name\"  required=\"true\" \/][contact-field label=\"E-Mail\" type=\"email\" required=\"true\" \/][contact-field label=\"Website\" type=\"url\" \/][contact-field label=\"Nachricht\" type=\"textarea\" \/][\/contact-form]\n<p>Das Handbuch zum Quantum Light Breath als Ebook Download<br \/>\nvon Nishkam Koch &amp; Jeru Kabbal<\/p>\n<p><strong>Das Handbuch zum QLB ist als Taschenbuchausgabe nur noch \u00fcber <a class=\"_ps2id\" href=\"https:\/\/www.amazon.de\/dp\/394727419X\/ref=tmm_pap_swatch_0?_encoding=UTF8&amp;dib_tag=se&amp;dib=eyJ2IjoiMSJ9.2GE1_6860PImp61agPWFIH7cm0xbc83bRLkkBCFXXFGWVC1bSa76N15RBLQg_S9sRYfYTutnWb_0r_lrmmt9mksI3P_4Jgu0lfBjVM-94S0JXN9IM-RcHBChj1lJUVykrwK__sTx7EdqWl7YZHNRt5LqjAZPZSUrxSDlapGPSzlO_aQjva6tPoG0DOPYKTAj_YoqBs0fv0564cZgqFoljnQHnYB2rgoKbNrs4ion53c.tr7bqB6Cv2HhivvRcM0YJ87kqXAJhu-up5LbkWdT5Q0&amp;qid=1709224041&amp;sr=8-3\" data-ps2id-offset=\"\">Amazon<\/a> zu bestellen.<\/strong><\/p>\n","protected":false},"featured_media":26409,"comment_status":"open","ping_status":"closed","template":"","meta":[],"product_brand":[],"product_cat":[102,104],"product_tag":[114,116],"class_list":{"0":"post-26406","1":"product","2":"type-product","3":"status-publish","4":"has-post-thumbnail","6":"product_cat-ebooks","7":"product_cat-claritytalks-en","8":"product_tag-german-en","9":"product_tag-german-en-2","10":"product_shipping_class-versandkostenfrei-in-d","11":"sales-flash-overlay","12":"woocommerce-text-align-center","13":"woocommerce-image-align-center","14":"do-quantity-buttons","16":"first","17":"instock","18":"downloadable","19":"taxable","20":"shipping-taxable","21":"purchasable","22":"product-type-simple"},"jetpack_sharing_enabled":true,"_links":{"self":[{"href":"https:\/\/clarityproject.de\/en\/wp-json\/wp\/v2\/product\/26406","targetHints":{"allow":["GET"]}}],"collection":[{"href":"https:\/\/clarityproject.de\/en\/wp-json\/wp\/v2\/product"}],"about":[{"href":"https:\/\/clarityproject.de\/en\/wp-json\/wp\/v2\/types\/product"}],"replies":[{"embeddable":true,"href":"https:\/\/clarityproject.de\/en\/wp-json\/wp\/v2\/comments?post=26406"}],"wp:featuredmedia":[{"embeddable":true,"href":"https:\/\/clarityproject.de\/en\/wp-json\/wp\/v2\/media\/26409"}],"wp:attachment":[{"href":"https:\/\/clarityproject.de\/en\/wp-json\/wp\/v2\/media?parent=26406"}],"wp:term":[{"taxonomy":"product_brand","embeddable":true,"href":"https:\/\/clarityproject.de\/en\/wp-json\/wp\/v2\/product_brand?post=26406"},{"taxonomy":"product_cat","embeddable":true,"href":"https:\/\/clarityproject.de\/en\/wp-json\/wp\/v2\/product_cat?post=26406"},{"taxonomy":"product_tag","embeddable":true,"href":"https:\/\/clarityproject.de\/en\/wp-json\/wp\/v2\/product_tag?post=26406"}],"curies":[{"name":"wp","href":"https:\/\/api.w.org\/{rel}","templated":true}]}}