{"id":26149,"date":"2024-02-26T13:11:05","date_gmt":"2024-02-26T12:11:05","guid":{"rendered":"https:\/\/clarityproject.de\/?post_type=product&#038;p=26149"},"modified":"2025-01-15T09:29:06","modified_gmt":"2025-01-15T08:29:06","slug":"quantum-light-breath-cd","status":"publish","type":"product","link":"https:\/\/clarityproject.de\/en\/product\/quantum-light-breath-cd\/","title":{"rendered":"QLB als CD"},"content":{"rendered":"<p>Jeru Kabbal leitet pers\u00f6nlich in deutscher Sprache durch den Prozess. Zun\u00e4chst gibt er eine ausf\u00fchrliche Einf\u00fchrung zu dieser Meditation.<\/p>\n<p>&nbsp;<\/p>\n<p>Hier gibt es das <b>Booklet zur Quantum Light Breath CD\/mp3<\/b> zum Lesen oder <a href=\"https:\/\/issuu.com\/clarityverlag\/docs\/qlb_booklet\">zum Downloaden<\/a>.<\/p>\n<div id=\"tab-description\" class=\"woocommerce-Tabs-panel woocommerce-Tabs-panel--description panel entry-content wc-tab\" role=\"tabpanel\" aria-labelledby=\"tab-title-description\">\n<p><strong>Probiere die Atemmeditation aus- Du wirst von der Tiefe \u00fcberrascht sein!<\/strong><\/p>\n<p>Der Quantum Light Breath beschleunigt Deinen pers\u00f6nlichen Wachstumsproze\u00df,<\/p>\n<p>in dem er alte Programme, Muster und Blockaden, die noch im Unterbewu\u00dftsein verankert sind lockert<\/p>\n<p>und schlie\u00dflich \u00fcber den Atem aufl\u00f6st. Du kannst den QLB allein oder in der Gruppe durchf\u00fchren.<\/p>\n<p>Der QLB ist einfach, effektiv und f\u00fchrt \u00fcberraschend schnell zu mehr Klarheit und Wohlbefinden.<\/p>\n<p>\u2022 Atme Dich frei<\/p>\n<p>\u2022 Reinige K\u00f6rper, Geist und Seele<\/p>\n<p>\u2022 \u00d6ffne dich der Existenz im Hier und Jetzt<\/p>\n<p>\u2022 St\u00e4rke Deine Selbstheilungskr\u00e4fte<\/p>\n<p>\u2022 Befreie Dich von hemmenden Mustern und Blockaden<\/p>\n<p>\u2022 La\u00df Deine festgehaltenen \u00c4ngste und Spannungen los<\/p>\n<p>\u2022 Transformiere Stress und \u00c4rger<\/p>\n<p>\u2022 Dehne Dein Energiefeld aus, erweitere Dein Bewu\u00dftsein<\/p>\n<p>\u2022 \u00d6ffne Dich einer direkten extatischen Erfahrung<\/p>\n<\/div>\n<div class=\"wccpf-fields-container\"><\/div>\n","protected":false},"excerpt":{"rendered":"<p>Meditativer Atemprozess von Jeru Kabbal \u00a0als on demand CD ohne booklet.<br \/>\nDie Versionen 2 und 3 sind ebenfalls so lieferbar. Bitte senden Sie uns eine email, welche Versionen wir schicken sollen (info@clarityproject.de). Ohne weitere Angabe versenden wir QLB 1.<\/p>\n","protected":false},"featured_media":22556,"comment_status":"open","ping_status":"closed","template":"","meta":[],"product_brand":[],"product_cat":[94,88],"product_tag":[90,91],"class_list":{"0":"post-26149","1":"product","2":"type-product","3":"status-publish","4":"has-post-thumbnail","6":"product_cat-claritytools","7":"product_cat-qlb","8":"product_tag-deutsch","9":"product_tag-german","10":"sales-flash-overlay","11":"woocommerce-text-align-center","12":"woocommerce-image-align-center","13":"do-quantity-buttons","15":"first","16":"instock","17":"taxable","18":"shipping-taxable","19":"purchasable","20":"product-type-simple"},"yoast_head":"<!-- This site is optimized with the Yoast SEO plugin v27.2 - https:\/\/yoast.com\/product\/yoast-seo-wordpress\/ -->\n<title>QLB als CD - The Clarity Project\u00ae<\/title>\n<meta name=\"robots\" content=\"index, follow, max-snippet:-1, max-image-preview:large, max-video-preview:-1\" \/>\n<link rel=\"canonical\" href=\"https:\/\/clarityproject.de\/en\/product\/quantum-light-breath-cd\/\" \/>\n<meta property=\"og:locale\" content=\"en_US\" \/>\n<meta property=\"og:type\" content=\"article\" \/>\n<meta property=\"og:title\" content=\"QLB als CD - The Clarity Project\u00ae\" \/>\n<meta property=\"og:description\" content=\"Meditativer Atemprozess von Jeru Kabbal \u00a0als on demand CD ohne booklet. Die Versionen 2 und 3 sind ebenfalls so lieferbar. Bitte senden Sie uns eine email, welche Versionen wir schicken sollen (info@clarityproject.de). Ohne weitere Angabe versenden wir QLB 1.\" \/>\n<meta property=\"og:url\" content=\"https:\/\/clarityproject.de\/en\/product\/quantum-light-breath-cd\/\" \/>\n<meta property=\"og:site_name\" content=\"The Clarity Project\u00ae\" \/>\n<meta property=\"article:modified_time\" content=\"2025-01-15T08:29:06+00:00\" \/>\n<meta property=\"og:image\" content=\"https:\/\/clarityproject.de\/wp-content\/uploads\/112_IMGP7429-2.jpg\" \/>\n\t<meta property=\"og:image:width\" content=\"300\" \/>\n\t<meta property=\"og:image:height\" content=\"201\" \/>\n\t<meta property=\"og:image:type\" content=\"image\/jpeg\" \/>\n<meta name=\"twitter:card\" content=\"summary_large_image\" \/>\n<meta name=\"twitter:label1\" content=\"Est. reading time\" \/>\n\t<meta name=\"twitter:data1\" content=\"2 minutes\" \/>\n<script type=\"application\/ld+json\" class=\"yoast-schema-graph\">{\"@context\":\"https:\/\/schema.org\",\"@graph\":[{\"@type\":\"WebPage\",\"@id\":\"https:\/\/clarityproject.de\/en\/product\/quantum-light-breath-cd\/\",\"url\":\"https:\/\/clarityproject.de\/en\/product\/quantum-light-breath-cd\/\",\"name\":\"QLB als CD - The Clarity Project\u00ae\",\"isPartOf\":{\"@id\":\"https:\/\/clarityproject.de\/en\/#website\"},\"primaryImageOfPage\":{\"@id\":\"https:\/\/clarityproject.de\/en\/product\/quantum-light-breath-cd\/#primaryimage\"},\"image\":{\"@id\":\"https:\/\/clarityproject.de\/en\/product\/quantum-light-breath-cd\/#primaryimage\"},\"thumbnailUrl\":\"https:\/\/clarityproject.de\/wp-content\/uploads\/112_IMGP7429-2.jpg\",\"datePublished\":\"2024-02-26T12:11:05+00:00\",\"dateModified\":\"2025-01-15T08:29:06+00:00\",\"breadcrumb\":{\"@id\":\"https:\/\/clarityproject.de\/en\/product\/quantum-light-breath-cd\/#breadcrumb\"},\"inLanguage\":\"en-US\",\"potentialAction\":[{\"@type\":\"ReadAction\",\"target\":[\"https:\/\/clarityproject.de\/en\/product\/quantum-light-breath-cd\/\"]}]},{\"@type\":\"ImageObject\",\"inLanguage\":\"en-US\",\"@id\":\"https:\/\/clarityproject.de\/en\/product\/quantum-light-breath-cd\/#primaryimage\",\"url\":\"https:\/\/clarityproject.de\/wp-content\/uploads\/112_IMGP7429-2.jpg\",\"contentUrl\":\"https:\/\/clarityproject.de\/wp-content\/uploads\/112_IMGP7429-2.jpg\",\"width\":300,\"height\":201,\"caption\":\"Striped dolphin (Stenella Coeruleoalba), leaping during fast swim, bowriding, La Gomera, Canary Islands, Northeast Atlantic Ocean\"},{\"@type\":\"BreadcrumbList\",\"@id\":\"https:\/\/clarityproject.de\/en\/product\/quantum-light-breath-cd\/#breadcrumb\",\"itemListElement\":[{\"@type\":\"ListItem\",\"position\":1,\"name\":\"Startseite\",\"item\":\"https:\/\/clarityproject.de\/en\/\"},{\"@type\":\"ListItem\",\"position\":2,\"name\":\"Shop\",\"item\":\"https:\/\/clarityproject.de\/en\/shop-2\/\"},{\"@type\":\"ListItem\",\"position\":3,\"name\":\"QLB als CD\"}]},{\"@type\":\"WebSite\",\"@id\":\"https:\/\/clarityproject.de\/en\/#website\",\"url\":\"https:\/\/clarityproject.de\/en\/\",\"name\":\"The Clarity Project\u00ae\",\"description\":\"\",\"publisher\":{\"@id\":\"https:\/\/clarityproject.de\/en\/#organization\"},\"potentialAction\":[{\"@type\":\"SearchAction\",\"target\":{\"@type\":\"EntryPoint\",\"urlTemplate\":\"https:\/\/clarityproject.de\/en\/?s={search_term_string}\"},\"query-input\":{\"@type\":\"PropertyValueSpecification\",\"valueRequired\":true,\"valueName\":\"search_term_string\"}}],\"inLanguage\":\"en-US\"},{\"@type\":\"Organization\",\"@id\":\"https:\/\/clarityproject.de\/en\/#organization\",\"name\":\"Clarity Project\",\"url\":\"https:\/\/clarityproject.de\/en\/\",\"logo\":{\"@type\":\"ImageObject\",\"inLanguage\":\"en-US\",\"@id\":\"https:\/\/clarityproject.de\/en\/#\/schema\/logo\/image\/\",\"url\":\"https:\/\/clarityproject.de\/wp-content\/uploads\/2021\/07\/logo-original-clarity.jpg\",\"contentUrl\":\"https:\/\/clarityproject.de\/wp-content\/uploads\/2021\/07\/logo-original-clarity.jpg\",\"width\":625,\"height\":899,\"caption\":\"Clarity Project\"},\"image\":{\"@id\":\"https:\/\/clarityproject.de\/en\/#\/schema\/logo\/image\/\"}}]}<\/script>\n<!-- \/ Yoast SEO plugin. -->","yoast_head_json":{"title":"QLB als CD - The Clarity Project\u00ae","robots":{"index":"index","follow":"follow","max-snippet":"max-snippet:-1","max-image-preview":"max-image-preview:large","max-video-preview":"max-video-preview:-1"},"canonical":"https:\/\/clarityproject.de\/en\/product\/quantum-light-breath-cd\/","og_locale":"en_US","og_type":"article","og_title":"QLB als CD - The Clarity Project\u00ae","og_description":"Meditativer Atemprozess von Jeru Kabbal \u00a0als on demand CD ohne booklet. Die Versionen 2 und 3 sind ebenfalls so lieferbar. Bitte senden Sie uns eine email, welche Versionen wir schicken sollen (info@clarityproject.de). Ohne weitere Angabe versenden wir QLB 1.","og_url":"https:\/\/clarityproject.de\/en\/product\/quantum-light-breath-cd\/","og_site_name":"The Clarity Project\u00ae","article_modified_time":"2025-01-15T08:29:06+00:00","og_image":[{"width":300,"height":201,"url":"https:\/\/clarityproject.de\/wp-content\/uploads\/112_IMGP7429-2.jpg","type":"image\/jpeg"}],"twitter_card":"summary_large_image","twitter_misc":{"Est. reading time":"2 minutes"},"schema":{"@context":"https:\/\/schema.org","@graph":[{"@type":"WebPage","@id":"https:\/\/clarityproject.de\/en\/product\/quantum-light-breath-cd\/","url":"https:\/\/clarityproject.de\/en\/product\/quantum-light-breath-cd\/","name":"QLB als CD - The Clarity Project\u00ae","isPartOf":{"@id":"https:\/\/clarityproject.de\/en\/#website"},"primaryImageOfPage":{"@id":"https:\/\/clarityproject.de\/en\/product\/quantum-light-breath-cd\/#primaryimage"},"image":{"@id":"https:\/\/clarityproject.de\/en\/product\/quantum-light-breath-cd\/#primaryimage"},"thumbnailUrl":"https:\/\/clarityproject.de\/wp-content\/uploads\/112_IMGP7429-2.jpg","datePublished":"2024-02-26T12:11:05+00:00","dateModified":"2025-01-15T08:29:06+00:00","breadcrumb":{"@id":"https:\/\/clarityproject.de\/en\/product\/quantum-light-breath-cd\/#breadcrumb"},"inLanguage":"en-US","potentialAction":[{"@type":"ReadAction","target":["https:\/\/clarityproject.de\/en\/product\/quantum-light-breath-cd\/"]}]},{"@type":"ImageObject","inLanguage":"en-US","@id":"https:\/\/clarityproject.de\/en\/product\/quantum-light-breath-cd\/#primaryimage","url":"https:\/\/clarityproject.de\/wp-content\/uploads\/112_IMGP7429-2.jpg","contentUrl":"https:\/\/clarityproject.de\/wp-content\/uploads\/112_IMGP7429-2.jpg","width":300,"height":201,"caption":"Striped dolphin (Stenella Coeruleoalba), leaping during fast swim, bowriding, La Gomera, Canary Islands, Northeast Atlantic Ocean"},{"@type":"BreadcrumbList","@id":"https:\/\/clarityproject.de\/en\/product\/quantum-light-breath-cd\/#breadcrumb","itemListElement":[{"@type":"ListItem","position":1,"name":"Startseite","item":"https:\/\/clarityproject.de\/en\/"},{"@type":"ListItem","position":2,"name":"Shop","item":"https:\/\/clarityproject.de\/en\/shop-2\/"},{"@type":"ListItem","position":3,"name":"QLB als CD"}]},{"@type":"WebSite","@id":"https:\/\/clarityproject.de\/en\/#website","url":"https:\/\/clarityproject.de\/en\/","name":"The Clarity Project\u00ae","description":"","publisher":{"@id":"https:\/\/clarityproject.de\/en\/#organization"},"potentialAction":[{"@type":"SearchAction","target":{"@type":"EntryPoint","urlTemplate":"https:\/\/clarityproject.de\/en\/?s={search_term_string}"},"query-input":{"@type":"PropertyValueSpecification","valueRequired":true,"valueName":"search_term_string"}}],"inLanguage":"en-US"},{"@type":"Organization","@id":"https:\/\/clarityproject.de\/en\/#organization","name":"Clarity Project","url":"https:\/\/clarityproject.de\/en\/","logo":{"@type":"ImageObject","inLanguage":"en-US","@id":"https:\/\/clarityproject.de\/en\/#\/schema\/logo\/image\/","url":"https:\/\/clarityproject.de\/wp-content\/uploads\/2021\/07\/logo-original-clarity.jpg","contentUrl":"https:\/\/clarityproject.de\/wp-content\/uploads\/2021\/07\/logo-original-clarity.jpg","width":625,"height":899,"caption":"Clarity Project"},"image":{"@id":"https:\/\/clarityproject.de\/en\/#\/schema\/logo\/image\/"}}]}},"jetpack_sharing_enabled":true,"_links":{"self":[{"href":"https:\/\/clarityproject.de\/en\/wp-json\/wp\/v2\/product\/26149","targetHints":{"allow":["GET"]}}],"collection":[{"href":"https:\/\/clarityproject.de\/en\/wp-json\/wp\/v2\/product"}],"about":[{"href":"https:\/\/clarityproject.de\/en\/wp-json\/wp\/v2\/types\/product"}],"replies":[{"embeddable":true,"href":"https:\/\/clarityproject.de\/en\/wp-json\/wp\/v2\/comments?post=26149"}],"wp:featuredmedia":[{"embeddable":true,"href":"https:\/\/clarityproject.de\/en\/wp-json\/wp\/v2\/media\/22556"}],"wp:attachment":[{"href":"https:\/\/clarityproject.de\/en\/wp-json\/wp\/v2\/media?parent=26149"}],"wp:term":[{"taxonomy":"product_brand","embeddable":true,"href":"https:\/\/clarityproject.de\/en\/wp-json\/wp\/v2\/product_brand?post=26149"},{"taxonomy":"product_cat","embeddable":true,"href":"https:\/\/clarityproject.de\/en\/wp-json\/wp\/v2\/product_cat?post=26149"},{"taxonomy":"product_tag","embeddable":true,"href":"https:\/\/clarityproject.de\/en\/wp-json\/wp\/v2\/product_tag?post=26149"}],"curies":[{"name":"wp","href":"https:\/\/api.w.org\/{rel}","templated":true}]}}