{"id":24477,"date":"2022-12-07T13:52:31","date_gmt":"2022-12-07T12:52:31","guid":{"rendered":"https:\/\/clarityproject.de\/?post_type=product&#038;p=24477"},"modified":"2026-01-22T08:32:05","modified_gmt":"2026-01-22T07:32:05","slug":"passion-for-clarity-app-abonnieren","status":"publish","type":"product","link":"https:\/\/clarityproject.de\/en\/product\/passion-for-clarity-app-abonnieren\/","title":{"rendered":"Passion for Clarity- ClarityHome-App abonnieren"},"content":{"rendered":"<p><strong>Ein Abo macht \u00a0Sinn, wenn Du bereits mindestens Clarity Stufe 1 (online oder als Pr\u00e4senzworkshop) absolviert hast.<br \/>\n<\/strong><\/p>\n<h4><strong>Hier kannst Du ein Abo mit Kreditkarte via Stripe mit ein paar Klicks bestellen:<\/strong><strong><br \/>\n<\/strong><\/h4>\n<h4><strong><a href=\"https:\/\/buy.stripe.com\/7sY3cu6Svesg4rtcsqdwc0b\" target=\"_blank\" rel=\"noopener\">Jahresabo<\/a>\u00a0 zum Einheitspreis <\/strong><strong>f\u00fcr alle Inhalte bis einschliesslich Clarity-Level 5\/Teil 6: 99 Euro\u00a0<\/strong><\/h4>\n<h6><strong>(Inhalte werden nach und nach auf dein aktuelles Kurslevel freigeschaltet. Du kannst Jahresabos 7 Tage kostenlos testen)<br \/>\n<\/strong><strong>\u00a0<\/strong><\/h6>\n<p>&nbsp;<\/p>\n<p><strong>Das bietet Dir das Abo unserer Passion-for-ClarityHome-App:<\/strong><br \/>\nZugriff auf Inhalte, die Deinem Clarity-Stufen-Level aus Pr\u00e4senz-Workshops entsprechen. Bist Du beispielsweise in Stufe 5 Teil 3, kannst Du auf didaktisch wohl geordnetes Kursmaterial zu dieser Kursstufe zur\u00fcckgreifen und auf alles, was zu \u00a0fr\u00fcheren Kursen angeboten wird.<br \/>\n<strong>Mit deinem Abo unterst\u00fctzt Du jetzt schon das hilfreiche Werk von Jeru Kabbal, Danke!<\/strong><\/p>\n<p>Das Material besteht aus Beitr\u00e4gen (Talks, Traumreisen, Erkl\u00e4r-Videos, QLBs) von Nishkam und Jeru. Die Audiobeitr\u00e4ge von Jeru sind Teils in englisch, aber es gibt auch erstmalig ver\u00f6ffentlichte Talks von ihm in deutsch.<br \/>\nZus\u00e4tzlich erh\u00e4ltst Du Zugriff auf zahlreiche Communities, in denen Du Dich \u00fcber deine ClarityWork austauschen kannst, Fragen an Guides stellen kannst, uvam.<br \/>\nApp-Produkte sind nicht Bestandteil des Abos und k\u00f6nnen hier im Shop erworben werden.<\/p>\n<p>Du bekommst<strong> jeden Monat Zugriff<\/strong> <strong>auf einen anderen Quantum Light Breath<\/strong> mit Jeru oder Nishkam und<br \/>\n&#8211;<strong> jede zweite Woche Zugriff auf einen anderen Audiotalk<\/strong> mit Jeru oder Nishkam.<\/p>\n<p>Auch der Online-Workshop Clarity Sufe 1 ist f\u00fcr Dich mit enthalten, falls du die Grundlagen nochmal in Ruhe als Online Kurs wiederholen m\u00f6chtest (z.Zt. Teil 1\/Stufe 1).<\/p>\n<p>Nicht im Abo enthalten ist das \u00a0Produkt, \u00a0 QLB Training (gedacht f\u00fcr Teilnehmer, die den QLB als Gruppen-Event anleiten m\u00f6chten).<\/p>\n<p><strong>Willst Du als Paar die App abonnieren? Dann bekommt ihr das Abo jeder f\u00fcr 89 Euro (bitte eine kleine Erinnerung an info@clarityproject.de mailen).<\/strong><\/p>\n<p><span style=\"font-size: inherit;\">Im Laufe der Zeit werden mehr Inhalte folgen.<\/span><\/p>\n<p>Am besten l\u00e4dst Du Dir die Passion for Clarity-App gleich gratis auf Dein Smartphone oder den Computer und registrierst Dich.<\/p>\n<p>Nur dann k\u00f6nnen wir Dich f\u00fcr die Nutzung der App freischalten.<span class=\"Apple-converted-space\">\u00a0 <\/span>Die Gebrauchsanweisung dazu befindest sich unter dem <a href=\"https:\/\/clarityproject.de\/clarityapp\/\">Haupt-Men\u00fcpunkt\/Reiter &#8220;Clarity-App&#8221;<\/a> auf der Website www.clarityproject.de<\/p>\n<p>Wenn Deine Abo-Bestellung eingegangen und die Zahlung \u00a0via dem Zahlungsdienstleister Stripe erfolgt ist, wird die\u00a0<strong>Passion-for-Clarity-App f\u00fcr Dich freigeschaltet<\/strong>. Dann hast Du Zugriff auf alle Inhalte, die Deiner Clarity-Stufe entsprechen (inklusive alles was bis dahin vermittelt wurde und in der App hinterlegt ist), ausgenommen der erw\u00e4hnten Produkte, die nicht Bestandteil des Abos sind.<\/p>\n<p>Du kannst das Material auf dem Smartphone oder auf Computer, Tablett etc anschauen\/-h\u00f6ren.<br \/>\nAuf dem Smartphone auch ohne Wlan Anschluss, wenn du das Audio innerhalb der App downloadest.<\/p>\n<p>Der Zugriff endet mit dem Ende Deines Abos oder falls diese App eingestellt werden sollte.<\/p>\n<h4><strong>Hier kannst Du ein Abo mit Kreditkarte via Stripe mit ein paar Klicks bestellen:<\/strong><\/h4>\n<h4><strong><a href=\"https:\/\/buy.stripe.com\/8x25kCdgTbg4aPRdwudwc0c\" target=\"_blank\" rel=\"noopener\">Jahresabo<\/a>\u00a0 zum Einheitspreis <\/strong><strong>f\u00fcr alle Inhalte bis einschliesslich Clarity-Level 5\/ Teil 6: 99 Euro<\/strong><\/h4>\n<h6><strong>(Inhalte werden nach und nach auf dein aktuelles Kurslevel freigeschaltet. Du kannst Jahresabos 7 Tage kostenlos testen)<br \/>\n<\/strong><strong>(Du kannst Jahresabos 7 Tage kostenlos testen)<br \/>\n<\/strong><strong>\u00a0<\/strong><\/h6>\n<p><strong>Hier kannst Du dein Abo jederzeit mit Wirkung bis zur n\u00e4chsten Abbuchung k\u00fcndigen. Schreib einfach kurz, dass du dich abmelden m\u00f6chtest: <a href=\"mailto:info@clarityproject.de\">Abo k\u00fcndigen<\/a>,<br \/>\nRechnungsanschrift \u00e4ndern, Karteninfos \u00e4ndern, Rechnung downloaden: das geht am einfachsten hier:<\/strong><br \/>\n<strong>\u00a0<a href=\"https:\/\/billing.stripe.com\/p\/login\/6oEbJxg115QB6vSbII\" target=\"_blank\" rel=\"noopener\">Stripe-Kundenportal<\/a><\/strong><\/p>\n<h4><\/h4>\n<p><strong>\u00a0<\/strong><\/p>\n<p>&nbsp;<\/p>\n<h6><\/h6>\n","protected":false},"excerpt":{"rendered":"<p>Hol Dir die Passion for ClarityHome-App gratis auf Dein Smartphone, Dein Tablet oder Deinen Computer!<br \/>\nSpart zusammen 20% im Paar-Abo (jeder 10%, Paare die im gleichen Haushalt leben, bitte bei uns beantragen).<br \/>\nTESTE KOSTENLOS die App f\u00fcr sieben Tage.<br \/>\n<strong>Jetzt alles mit Jubil\u00e4ums-Rabatt!<\/strong><\/p>\n","protected":false},"featured_media":24484,"comment_status":"open","ping_status":"closed","template":"","meta":[],"product_brand":[],"product_cat":[59,97,141],"product_tag":[90],"class_list":{"0":"post-24477","1":"product","2":"type-product","3":"status-publish","4":"has-post-thumbnail","6":"product_cat-unkategorisiert","7":"product_cat-produkte-fuer-kursteilnehmende","8":"product_cat-app","9":"product_tag-deutsch","10":"sales-flash-overlay","11":"woocommerce-text-align-center","12":"woocommerce-image-align-center","13":"do-quantity-buttons","15":"first","16":"instock","17":"taxable","18":"shipping-taxable","19":"product-type-simple"},"jetpack_sharing_enabled":true,"_links":{"self":[{"href":"https:\/\/clarityproject.de\/en\/wp-json\/wp\/v2\/product\/24477","targetHints":{"allow":["GET"]}}],"collection":[{"href":"https:\/\/clarityproject.de\/en\/wp-json\/wp\/v2\/product"}],"about":[{"href":"https:\/\/clarityproject.de\/en\/wp-json\/wp\/v2\/types\/product"}],"replies":[{"embeddable":true,"href":"https:\/\/clarityproject.de\/en\/wp-json\/wp\/v2\/comments?post=24477"}],"wp:featuredmedia":[{"embeddable":true,"href":"https:\/\/clarityproject.de\/en\/wp-json\/wp\/v2\/media\/24484"}],"wp:attachment":[{"href":"https:\/\/clarityproject.de\/en\/wp-json\/wp\/v2\/media?parent=24477"}],"wp:term":[{"taxonomy":"product_brand","embeddable":true,"href":"https:\/\/clarityproject.de\/en\/wp-json\/wp\/v2\/product_brand?post=24477"},{"taxonomy":"product_cat","embeddable":true,"href":"https:\/\/clarityproject.de\/en\/wp-json\/wp\/v2\/product_cat?post=24477"},{"taxonomy":"product_tag","embeddable":true,"href":"https:\/\/clarityproject.de\/en\/wp-json\/wp\/v2\/product_tag?post=24477"}],"curies":[{"name":"wp","href":"https:\/\/api.w.org\/{rel}","templated":true}]}}