{"id":24475,"date":"2022-12-07T13:18:00","date_gmt":"2022-12-07T12:18:00","guid":{"rendered":"https:\/\/clarityproject.de\/?post_type=product&#038;p=24475"},"modified":"2025-09-22T18:14:18","modified_gmt":"2025-09-22T16:14:18","slug":"app-quantum-light-breath-experience","status":"publish","type":"product","link":"https:\/\/clarityproject.de\/en\/product\/app-quantum-light-breath-experience\/","title":{"rendered":"Quantum Light Breath- Experience I \u2013 4 deutsche QLBs zum Streamen aus der Clarity-App"},"content":{"rendered":"<p>Das Programm &#8220;QLB &#8211; Experience&#8221; \u00a0beinhaltet QLB 1, 2 und 3 von Jeru Kabbal (in deutsch), einen QLB mit Nishkam, sowie ein Erkl\u00e4rvideo \u00a0von Nishkam und ein Intro zum QLB von Jeru.<\/p>\n<p><strong>Der Clou an diesem Angebot ist auch, dass Du die QLBs direkt \u00fcber eine App vom Smartphone streamen kannst.<\/strong> Du kannst sie auch nutzen, wenn Du kein Wlan zur Verf\u00fcgung hast, wenn Du sie auf dein Ger\u00e4t innerhalb der App runterl\u00e4dst.<\/p>\n<p><strong>Zus\u00e4tzlich zu den drei QLBs von Jeru Kabbal erh\u00e4ltst du einen QLB mit Nishkam (Nr.1), sowie ausf\u00fchrliche Erkl\u00e4rungen zur QLB Praxis.<br \/>\nQLB 1: Bleib ganz im Jetzt<br \/>\nQLB 2: Vergiss deine Probleme, das Leben ist ein kosmischer Witz<br \/>\nQLB 3: \u00d6ffne dein Herz und sende deine Liebe<\/strong><\/p>\n<p><strong>QLB-N1 mit Nishkam: Atme dieses Licht ein<\/strong><\/p>\n<p><strong>Du ben\u00f6tigst die Passion For Clarity-App daf\u00fcr, die du gratis downloaden kannst.<\/strong><\/p>\n<p>Dieses Programm ist f\u00fcr QLB-Lovers gedacht, die die QLBs gern \u00fcber die App immer und \u00fcberall verf\u00fcgbar haben m\u00f6chten.<br \/>\nDu hast auch Zugriff auf eine Chat-Community und kannst Fragen stellen, oder deine Erfahrungen austauschen.<\/p>\n<p>Am besten l\u00e4dst Du Dir die Passion for Clarity-App gleich gratis auf Dein Smartphone oder den Computer und registrierst Dich.<\/p>\n<p>Nur dann k\u00f6nnen wir Dich f\u00fcr die Nutzung der App freischalten.<span class=\"Apple-converted-space\">\u00a0 <\/span>Die Gebrauchsanweisung dazu befindest sich unter dem <a href=\"https:\/\/clarityproject.de\/clarityapp\/\">Haupt-Men\u00fcpunkt\/Reiter &#8220;Clarity-App&#8221;<\/a> auf der Website www.clarityproject.de<\/p>\n<p>Wenn Deine Bestellung eingegangen und die Zahlung erfolgt ist, wird die\u00a0<strong>Passion-for-Clarity-App f\u00fcr Dich freigeschaltet<\/strong>. Dann hast Du Zugriff auf alle Inhalte, die Du erworben hast. Das kann bis zu 24 Stunden dauern.<\/p>\n<p>Du kannst das Material auf dem Smartphone oder auf Computer, Tablett etc auch offline anschauen\/-h\u00f6ren, wenn du die tracks innerhalb der App downloadest.<\/p>\n<p><img loading=\"lazy\" decoding=\"async\" class=\"alignnone wp-image-24484\" src=\"https:\/\/clarityproject.de\/wp-content\/uploads\/App2.png\" alt=\"\" width=\"284\" height=\"546\" srcset=\"https:\/\/clarityproject.de\/wp-content\/uploads\/App2.png 570w, https:\/\/clarityproject.de\/wp-content\/uploads\/App2-156x300.png 156w, https:\/\/clarityproject.de\/wp-content\/uploads\/App2-533x1024.png 533w\" sizes=\"auto, (max-width: 284px) 100vw, 284px\" \/><\/p>\n","protected":false},"excerpt":{"rendered":"<p>Das Programm &#8220;QLB &#8211; Experience&#8221; \u00a0beinhaltet QLB 1, 2 und 3 von Jeru Kabbal (in deutsch), einen QLB mit Nishkam, sowie ein Erkl\u00e4rvideo \u00a0von Nishkam und ein Intro zum QLB &#8230; <a title=\"Quantum Light Breath- Experience I \u2013 4 deutsche QLBs zum Streamen aus der Clarity-App\" class=\"read-more\" href=\"https:\/\/clarityproject.de\/en\/product\/app-quantum-light-breath-experience\/\" aria-label=\"Read more about Quantum Light Breath- Experience I \u2013 4 deutsche QLBs zum Streamen aus der Clarity-App\">\u00bb\u00bbweiterlesen<\/a><\/p>\n","protected":false},"featured_media":23312,"comment_status":"open","ping_status":"closed","template":"","meta":[],"product_brand":[],"product_cat":[141,88],"product_tag":[90],"class_list":{"0":"post-24475","1":"product","2":"type-product","3":"status-publish","4":"has-post-thumbnail","6":"product_cat-app","7":"product_cat-qlb","8":"product_tag-deutsch","9":"sales-flash-overlay","10":"woocommerce-text-align-center","11":"woocommerce-image-align-center","12":"do-quantity-buttons","14":"first","15":"instock","16":"virtual","17":"taxable","18":"purchasable","19":"product-type-simple"},"yoast_head":"<!-- This site is optimized with the Yoast SEO plugin v27.3 - https:\/\/yoast.com\/product\/yoast-seo-wordpress\/ -->\n<title>Quantum Light Breath- Experience I \u2013 4 deutsche QLBs zum Streamen aus der Clarity-App - The Clarity Project\u00ae<\/title>\n<meta name=\"robots\" content=\"index, follow, max-snippet:-1, max-image-preview:large, max-video-preview:-1\" \/>\n<link rel=\"canonical\" href=\"https:\/\/clarityproject.de\/en\/product\/app-quantum-light-breath-experience\/\" \/>\n<meta property=\"og:locale\" content=\"en_US\" \/>\n<meta property=\"og:type\" content=\"article\" \/>\n<meta property=\"og:title\" content=\"Quantum Light Breath- Experience I \u2013 4 deutsche QLBs zum Streamen aus der Clarity-App - The Clarity Project\u00ae\" \/>\n<meta property=\"og:description\" content=\"Das Programm &#8220;QLB &#8211; Experience&#8221; \u00a0beinhaltet QLB 1, 2 und 3 von Jeru Kabbal (in deutsch), einen QLB mit Nishkam, sowie ein Erkl\u00e4rvideo \u00a0von Nishkam und ein Intro zum QLB ... \u00bb\u00bbweiterlesen\" \/>\n<meta property=\"og:url\" content=\"https:\/\/clarityproject.de\/en\/product\/app-quantum-light-breath-experience\/\" \/>\n<meta property=\"og:site_name\" content=\"The Clarity Project\u00ae\" \/>\n<meta property=\"article:modified_time\" content=\"2025-09-22T16:14:18+00:00\" \/>\n<meta name=\"twitter:card\" content=\"summary_large_image\" \/>\n<meta name=\"twitter:label1\" content=\"Est. reading time\" \/>\n\t<meta name=\"twitter:data1\" content=\"2 minutes\" \/>\n<script type=\"application\/ld+json\" class=\"yoast-schema-graph\">{\"@context\":\"https:\\\/\\\/schema.org\",\"@graph\":[{\"@type\":\"WebPage\",\"@id\":\"https:\\\/\\\/clarityproject.de\\\/en\\\/product\\\/app-quantum-light-breath-experience\\\/\",\"url\":\"https:\\\/\\\/clarityproject.de\\\/en\\\/product\\\/app-quantum-light-breath-experience\\\/\",\"name\":\"Quantum Light Breath- Experience I \u2013 4 deutsche QLBs zum Streamen aus der Clarity-App - The Clarity Project\u00ae\",\"isPartOf\":{\"@id\":\"https:\\\/\\\/clarityproject.de\\\/en\\\/#website\"},\"primaryImageOfPage\":{\"@id\":\"https:\\\/\\\/clarityproject.de\\\/en\\\/product\\\/app-quantum-light-breath-experience\\\/#primaryimage\"},\"image\":{\"@id\":\"https:\\\/\\\/clarityproject.de\\\/en\\\/product\\\/app-quantum-light-breath-experience\\\/#primaryimage\"},\"thumbnailUrl\":\"https:\\\/\\\/clarityproject.de\\\/wp-content\\\/uploads\\\/QLB-Picto.tiff\",\"datePublished\":\"2022-12-07T12:18:00+00:00\",\"dateModified\":\"2025-09-22T16:14:18+00:00\",\"breadcrumb\":{\"@id\":\"https:\\\/\\\/clarityproject.de\\\/en\\\/product\\\/app-quantum-light-breath-experience\\\/#breadcrumb\"},\"inLanguage\":\"en-US\",\"potentialAction\":[{\"@type\":\"ReadAction\",\"target\":[\"https:\\\/\\\/clarityproject.de\\\/en\\\/product\\\/app-quantum-light-breath-experience\\\/\"]}]},{\"@type\":\"ImageObject\",\"inLanguage\":\"en-US\",\"@id\":\"https:\\\/\\\/clarityproject.de\\\/en\\\/product\\\/app-quantum-light-breath-experience\\\/#primaryimage\",\"url\":\"https:\\\/\\\/clarityproject.de\\\/wp-content\\\/uploads\\\/QLB-Picto.tiff\",\"contentUrl\":\"https:\\\/\\\/clarityproject.de\\\/wp-content\\\/uploads\\\/QLB-Picto.tiff\"},{\"@type\":\"BreadcrumbList\",\"@id\":\"https:\\\/\\\/clarityproject.de\\\/en\\\/product\\\/app-quantum-light-breath-experience\\\/#breadcrumb\",\"itemListElement\":[{\"@type\":\"ListItem\",\"position\":1,\"name\":\"Startseite\",\"item\":\"https:\\\/\\\/clarityproject.de\\\/en\\\/\"},{\"@type\":\"ListItem\",\"position\":2,\"name\":\"Shop\",\"item\":\"https:\\\/\\\/clarityproject.de\\\/en\\\/shop-2\\\/\"},{\"@type\":\"ListItem\",\"position\":3,\"name\":\"Quantum Light Breath- Experience I \u2013 4 deutsche QLBs zum Streamen aus der Clarity-App\"}]},{\"@type\":\"WebSite\",\"@id\":\"https:\\\/\\\/clarityproject.de\\\/en\\\/#website\",\"url\":\"https:\\\/\\\/clarityproject.de\\\/en\\\/\",\"name\":\"The Clarity Project\u00ae\",\"description\":\"\",\"publisher\":{\"@id\":\"https:\\\/\\\/clarityproject.de\\\/en\\\/#organization\"},\"potentialAction\":[{\"@type\":\"SearchAction\",\"target\":{\"@type\":\"EntryPoint\",\"urlTemplate\":\"https:\\\/\\\/clarityproject.de\\\/en\\\/?s={search_term_string}\"},\"query-input\":{\"@type\":\"PropertyValueSpecification\",\"valueRequired\":true,\"valueName\":\"search_term_string\"}}],\"inLanguage\":\"en-US\"},{\"@type\":\"Organization\",\"@id\":\"https:\\\/\\\/clarityproject.de\\\/en\\\/#organization\",\"name\":\"Clarity Project\",\"url\":\"https:\\\/\\\/clarityproject.de\\\/en\\\/\",\"logo\":{\"@type\":\"ImageObject\",\"inLanguage\":\"en-US\",\"@id\":\"https:\\\/\\\/clarityproject.de\\\/en\\\/#\\\/schema\\\/logo\\\/image\\\/\",\"url\":\"https:\\\/\\\/clarityproject.de\\\/wp-content\\\/uploads\\\/2021\\\/07\\\/logo-original-clarity.jpg\",\"contentUrl\":\"https:\\\/\\\/clarityproject.de\\\/wp-content\\\/uploads\\\/2021\\\/07\\\/logo-original-clarity.jpg\",\"width\":625,\"height\":899,\"caption\":\"Clarity Project\"},\"image\":{\"@id\":\"https:\\\/\\\/clarityproject.de\\\/en\\\/#\\\/schema\\\/logo\\\/image\\\/\"}}]}<\/script>\n<!-- \/ Yoast SEO plugin. -->","yoast_head_json":{"title":"Quantum Light Breath- Experience I \u2013 4 deutsche QLBs zum Streamen aus der Clarity-App - The Clarity Project\u00ae","robots":{"index":"index","follow":"follow","max-snippet":"max-snippet:-1","max-image-preview":"max-image-preview:large","max-video-preview":"max-video-preview:-1"},"canonical":"https:\/\/clarityproject.de\/en\/product\/app-quantum-light-breath-experience\/","og_locale":"en_US","og_type":"article","og_title":"Quantum Light Breath- Experience I \u2013 4 deutsche QLBs zum Streamen aus der Clarity-App - The Clarity Project\u00ae","og_description":"Das Programm &#8220;QLB &#8211; Experience&#8221; \u00a0beinhaltet QLB 1, 2 und 3 von Jeru Kabbal (in deutsch), einen QLB mit Nishkam, sowie ein Erkl\u00e4rvideo \u00a0von Nishkam und ein Intro zum QLB ... \u00bb\u00bbweiterlesen","og_url":"https:\/\/clarityproject.de\/en\/product\/app-quantum-light-breath-experience\/","og_site_name":"The Clarity Project\u00ae","article_modified_time":"2025-09-22T16:14:18+00:00","twitter_card":"summary_large_image","twitter_misc":{"Est. reading time":"2 minutes"},"schema":{"@context":"https:\/\/schema.org","@graph":[{"@type":"WebPage","@id":"https:\/\/clarityproject.de\/en\/product\/app-quantum-light-breath-experience\/","url":"https:\/\/clarityproject.de\/en\/product\/app-quantum-light-breath-experience\/","name":"Quantum Light Breath- Experience I \u2013 4 deutsche QLBs zum Streamen aus der Clarity-App - The Clarity Project\u00ae","isPartOf":{"@id":"https:\/\/clarityproject.de\/en\/#website"},"primaryImageOfPage":{"@id":"https:\/\/clarityproject.de\/en\/product\/app-quantum-light-breath-experience\/#primaryimage"},"image":{"@id":"https:\/\/clarityproject.de\/en\/product\/app-quantum-light-breath-experience\/#primaryimage"},"thumbnailUrl":"https:\/\/clarityproject.de\/wp-content\/uploads\/QLB-Picto.tiff","datePublished":"2022-12-07T12:18:00+00:00","dateModified":"2025-09-22T16:14:18+00:00","breadcrumb":{"@id":"https:\/\/clarityproject.de\/en\/product\/app-quantum-light-breath-experience\/#breadcrumb"},"inLanguage":"en-US","potentialAction":[{"@type":"ReadAction","target":["https:\/\/clarityproject.de\/en\/product\/app-quantum-light-breath-experience\/"]}]},{"@type":"ImageObject","inLanguage":"en-US","@id":"https:\/\/clarityproject.de\/en\/product\/app-quantum-light-breath-experience\/#primaryimage","url":"https:\/\/clarityproject.de\/wp-content\/uploads\/QLB-Picto.tiff","contentUrl":"https:\/\/clarityproject.de\/wp-content\/uploads\/QLB-Picto.tiff"},{"@type":"BreadcrumbList","@id":"https:\/\/clarityproject.de\/en\/product\/app-quantum-light-breath-experience\/#breadcrumb","itemListElement":[{"@type":"ListItem","position":1,"name":"Startseite","item":"https:\/\/clarityproject.de\/en\/"},{"@type":"ListItem","position":2,"name":"Shop","item":"https:\/\/clarityproject.de\/en\/shop-2\/"},{"@type":"ListItem","position":3,"name":"Quantum Light Breath- Experience I \u2013 4 deutsche QLBs zum Streamen aus der Clarity-App"}]},{"@type":"WebSite","@id":"https:\/\/clarityproject.de\/en\/#website","url":"https:\/\/clarityproject.de\/en\/","name":"The Clarity Project\u00ae","description":"","publisher":{"@id":"https:\/\/clarityproject.de\/en\/#organization"},"potentialAction":[{"@type":"SearchAction","target":{"@type":"EntryPoint","urlTemplate":"https:\/\/clarityproject.de\/en\/?s={search_term_string}"},"query-input":{"@type":"PropertyValueSpecification","valueRequired":true,"valueName":"search_term_string"}}],"inLanguage":"en-US"},{"@type":"Organization","@id":"https:\/\/clarityproject.de\/en\/#organization","name":"Clarity Project","url":"https:\/\/clarityproject.de\/en\/","logo":{"@type":"ImageObject","inLanguage":"en-US","@id":"https:\/\/clarityproject.de\/en\/#\/schema\/logo\/image\/","url":"https:\/\/clarityproject.de\/wp-content\/uploads\/2021\/07\/logo-original-clarity.jpg","contentUrl":"https:\/\/clarityproject.de\/wp-content\/uploads\/2021\/07\/logo-original-clarity.jpg","width":625,"height":899,"caption":"Clarity Project"},"image":{"@id":"https:\/\/clarityproject.de\/en\/#\/schema\/logo\/image\/"}}]}},"jetpack_sharing_enabled":true,"_links":{"self":[{"href":"https:\/\/clarityproject.de\/en\/wp-json\/wp\/v2\/product\/24475","targetHints":{"allow":["GET"]}}],"collection":[{"href":"https:\/\/clarityproject.de\/en\/wp-json\/wp\/v2\/product"}],"about":[{"href":"https:\/\/clarityproject.de\/en\/wp-json\/wp\/v2\/types\/product"}],"replies":[{"embeddable":true,"href":"https:\/\/clarityproject.de\/en\/wp-json\/wp\/v2\/comments?post=24475"}],"wp:featuredmedia":[{"embeddable":true,"href":"https:\/\/clarityproject.de\/en\/wp-json\/wp\/v2\/media\/23312"}],"wp:attachment":[{"href":"https:\/\/clarityproject.de\/en\/wp-json\/wp\/v2\/media?parent=24475"}],"wp:term":[{"taxonomy":"product_brand","embeddable":true,"href":"https:\/\/clarityproject.de\/en\/wp-json\/wp\/v2\/product_brand?post=24475"},{"taxonomy":"product_cat","embeddable":true,"href":"https:\/\/clarityproject.de\/en\/wp-json\/wp\/v2\/product_cat?post=24475"},{"taxonomy":"product_tag","embeddable":true,"href":"https:\/\/clarityproject.de\/en\/wp-json\/wp\/v2\/product_tag?post=24475"}],"curies":[{"name":"wp","href":"https:\/\/api.w.org\/{rel}","templated":true}]}}