{"id":24121,"date":"2022-09-19T17:19:43","date_gmt":"2022-09-19T15:19:43","guid":{"rendered":"https:\/\/clarityproject.de\/?post_type=product&#038;p=24121"},"modified":"2023-05-17T10:39:29","modified_gmt":"2023-05-17T08:39:29","slug":"app-produkt-clarity-stufe-1-teil-1","status":"publish","type":"product","link":"https:\/\/clarityproject.de\/en\/product\/app-produkt-clarity-stufe-1-teil-1\/","title":{"rendered":"Online Workshop Der Schl\u00fcssel zur L\u00f6sung (Clarity Stufe 1\/Teil I)"},"content":{"rendered":"<p>M\u00f6chtest du beginnen etwas zu ver\u00e4ndern, aber nicht gleich in ein Gruppenseminar eintauchen?<br \/>\nDieser Online Workshop gibt Dir die M\u00f6glichkeit, den ClarityProcess kennenzulernen. Du wirst Schritt f\u00fcr Schritt in das Material eingef\u00fchrt, so wie Du es auch im Pr\u00e4senz-Workshop erfahren w\u00fcrdest.<br \/>\nMit diesem Onlineworkshop (Teil I) bekommst Du bereits neue Perspektiven und M\u00f6glichkeiten, deine im Unterbewusstsein verborgenen Bremsprogramm aufzusp\u00fcrenn- und das ganz privat zu Hause! Nat\u00fcrlich hast du jederzeit die M\u00f6glichkeit Fragen \u00fcber die Chat-Community zu stellen, oder auch ein Live-Coaching dazu zu buchen.<\/p>\n<p>Du ben\u00f6tigst die Passion For Clarity-App daf\u00fcr, die Du gratis downloaden kannst.<\/p>\n<p>Nach Bezahlung erh\u00e4ltst Du Zugriff auf den ersten Teil von 4 Modulen des Online-Workshops-Stufe 1 des ClarityProcess in \u00a0der Passion-for-Clarity-App.<\/p>\n<p>Du hast auch Zugriff auf eine Chat-Community und kannst Fragen stellen, oder Deine Erfahrungen austauschen.<\/p>\n<p>Am besten l\u00e4dst Du Dir die Passion for Clarity-App gleich gratis auf Dein Smartphone oder den Computer und registrierst Dich.<\/p>\n<p>Nur dann k\u00f6nnen wir Dich f\u00fcr die Nutzung der App freischalten.<span class=\"Apple-converted-space\">\u00a0 <\/span>Die Gebrauchsanweisung dazu befindest sich unter dem <a href=\"https:\/\/clarityproject.de\/clarityapp\/\">Haupt-Men\u00fcpunkt\/Reiter &#8220;Clarity-App&#8221;<\/a> auf der Website www.clarityproject.de<\/p>\n<p>Wenn Deine Bestellung eingegangen und die Zahlung erfolgt ist, wird die\u00a0<strong>Passion-for-Clarity-App f\u00fcr Dich freigeschaltet<\/strong>. Dann hast Du Zugriff auf alle Inhalte, die Du erworben hast.<\/p>\n<p>Du kannst das Material auf dem Smartphone oder auf Computer, Tablett etc anschauen\/-h\u00f6ren.<\/p>\n<p>&nbsp;<\/p>\n<p><img loading=\"lazy\" decoding=\"async\" class=\"alignnone wp-image-24482\" src=\"https:\/\/clarityproject.de\/wp-content\/uploads\/App1.png\" alt=\"\" width=\"341\" height=\"656\" srcset=\"https:\/\/clarityproject.de\/wp-content\/uploads\/App1.png 570w, https:\/\/clarityproject.de\/wp-content\/uploads\/App1-156x300.png 156w, https:\/\/clarityproject.de\/wp-content\/uploads\/App1-533x1024.png 533w\" sizes=\"auto, (max-width: 341px) 100vw, 341px\" \/><\/p>\n","protected":false},"excerpt":{"rendered":"<p>Ihre innere Reise mit der Clarity\u00ae-App kann beginnen!<\/p>\n","protected":false},"featured_media":19334,"comment_status":"open","ping_status":"closed","template":"","meta":[],"product_brand":[],"product_cat":[157],"product_tag":[114],"class_list":{"0":"post-24121","1":"product","2":"type-product","3":"status-publish","4":"has-post-thumbnail","6":"product_cat-products-in-the-clarityapp","7":"product_tag-german-en","8":"sales-flash-overlay","9":"woocommerce-text-align-center","10":"woocommerce-image-align-center","11":"do-quantity-buttons","13":"first","14":"instock","15":"virtual","16":"taxable","17":"purchasable","18":"product-type-simple"},"jetpack_sharing_enabled":true,"_links":{"self":[{"href":"https:\/\/clarityproject.de\/en\/wp-json\/wp\/v2\/product\/24121","targetHints":{"allow":["GET"]}}],"collection":[{"href":"https:\/\/clarityproject.de\/en\/wp-json\/wp\/v2\/product"}],"about":[{"href":"https:\/\/clarityproject.de\/en\/wp-json\/wp\/v2\/types\/product"}],"replies":[{"embeddable":true,"href":"https:\/\/clarityproject.de\/en\/wp-json\/wp\/v2\/comments?post=24121"}],"wp:featuredmedia":[{"embeddable":true,"href":"https:\/\/clarityproject.de\/en\/wp-json\/wp\/v2\/media\/19334"}],"wp:attachment":[{"href":"https:\/\/clarityproject.de\/en\/wp-json\/wp\/v2\/media?parent=24121"}],"wp:term":[{"taxonomy":"product_brand","embeddable":true,"href":"https:\/\/clarityproject.de\/en\/wp-json\/wp\/v2\/product_brand?post=24121"},{"taxonomy":"product_cat","embeddable":true,"href":"https:\/\/clarityproject.de\/en\/wp-json\/wp\/v2\/product_cat?post=24121"},{"taxonomy":"product_tag","embeddable":true,"href":"https:\/\/clarityproject.de\/en\/wp-json\/wp\/v2\/product_tag?post=24121"}],"curies":[{"name":"wp","href":"https:\/\/api.w.org\/{rel}","templated":true}]}}