{"id":23573,"date":"2022-06-22T10:00:04","date_gmt":"2022-06-22T08:00:04","guid":{"rendered":"https:\/\/clarityproject.de\/?post_type=product&#038;p=23573"},"modified":"2025-04-29T16:08:22","modified_gmt":"2025-04-29T14:08:22","slug":"syltopia-2","status":"publish","type":"product","link":"https:\/\/clarityproject.de\/en\/product\/syltopia-2\/","title":{"rendered":"SYLTOPIA"},"content":{"rendered":"<p>4. Auflage 2022 nur noch als Ebook (epub) f\u00fcr Kindle und Apple Books erh\u00e4ltlich.<\/p>\n<p>&nbsp;<\/p>\n<p>Die Sylter Abiturientin Hanna Lundt entflieht 2014 aus der Enge ihrer Heimatinsel Sylt in die USA. Sie sehnt sich nach dem prallen Leben jenseits von Schicki\u2010Micki\u2010Rentner\u2010Insel\u2010Flair.<\/p>\n<p>In Amerika gelingt ihr eine steile Karriere als Reporterin. 36 Jahre sp\u00e4ter kehrt Hanna ausgebrannt zur\u00fcck nach Sylt. Sie soll f\u00fcr eine amerikanische Zeitschrift \u00fcber Deutschlands prominente \u00d6ko\u2010Insel berichten, zu der sich Sylt im Jahre 2050 entwickelt hat. In einer rasanten Woche kurvt sie mit einem alten Sylter Medizinmann \u00fcber die Insel und l\u00e4sst sich erz\u00e4hlen, wie es hier zur Revolution kam. Sie erf\u00e4hrt Erschreckendes aus der Vergangenheit und entdeckt ein ganz neues Sylt voll ungeahnter Lebensqualit\u00e4t. Die tiefgreifende Transformation, die die gesamte Insel erfasst hat, macht auch vor Hanna pers\u00f6nlich nicht Halt. Die Konfrontation mit ihrer eigenen Biografie ger\u00e4t zu einer psychologischen Achterbahn, an deren Ende sie zu einer selbstbewussten Frau heranreift, die wieder bereit ist, sich selbst und andere zu lieben.<\/p>\n<h3>Ein heiteres und ber\u00fchrendes Insel-M\u00e4rchen \u2028f\u00fcr Erwachsene.<\/h3>\n<p>Informativ, \u00f6kologisch, psychologisch, \u2028spirituell, vision\u00e4r!<\/p>\n<p>mehr dazu auf<strong> <a href=\"http:\/\/www.syltopia.de\/\" target=\"_blank\" rel=\"noopener noreferrer\">www.syltopia.de<\/a><\/strong><\/p>\n","protected":false},"excerpt":{"rendered":"<div class=\"product-short-description\">\n<div class=\"product-short-description\">\n<div class=\"product-short-description\">\n<div class=\"product-short-description\">\n<div class=\"product-short-description\">SYLTOPIA von Nishkam (Lothar) Koch ist eine Utopie (Roman), in der Elemente der Clarity-Perspektive mit einfliessen. Schauplatz ist die Insel Sylt mit ihren vielen sch\u00f6nen und problematischen Seiten.<br \/>\nDas Buch ist aber auch ein tiefgr\u00fcndiger Lacher f\u00fcr alle die Sylt nicht kennen, vor allem f\u00fcr diejenigen, die in touristischen Hotspots leben.<\/div>\n<\/div>\n<div class=\"addtocart-area\">\n<form class=\"product js-recalculate\" action=\"https:\/\/clarityverlag.de\/de\/shop\/edition-claritycollection\/erste-hilfe-fuer-die-liebe-detail.html#\" autocomplete=\"off\" method=\"post\">\n<div class=\"vm-customfields-wrap\"><\/div>\n<\/form>\n<\/div>\n<\/div>\n<\/div>\n<div class=\"addtocart-area\">\n<form class=\"product js-recalculate\" action=\"https:\/\/clarityverlag.de\/de\/shop\/edition-claritytalks\/buch-schrift\/tauchgaenge-detail.html#\" autocomplete=\"off\" method=\"post\">\n<div class=\"vm-customfields-wrap\">\n<div class=\"product-fields\">\n<div class=\"product-field product-field-type-A\">\n<div id=\"selEFN_chzn\" class=\"chzn-container chzn-container-single chzn-container-single-nosearch\"><\/div>\n<\/div>\n<\/div>\n<\/div>\n<\/form>\n<\/div>\n<\/div>\n","protected":false},"featured_media":23486,"comment_status":"open","ping_status":"closed","template":"","meta":[],"product_brand":[],"product_cat":[83,96],"product_tag":[90,91],"class_list":{"0":"post-23573","1":"product","2":"type-product","3":"status-publish","4":"has-post-thumbnail","6":"product_cat-buecher","7":"product_cat-claritycollection","8":"product_tag-deutsch","9":"product_tag-german","10":"sales-flash-overlay","11":"woocommerce-text-align-center","12":"woocommerce-image-align-center","13":"do-quantity-buttons","15":"first","16":"instock","17":"taxable","18":"shipping-taxable","19":"purchasable","20":"product-type-simple"},"yoast_head":"<!-- This site is optimized with the Yoast SEO plugin v27.2 - https:\/\/yoast.com\/product\/yoast-seo-wordpress\/ -->\n<title>SYLTOPIA - The Clarity Project\u00ae<\/title>\n<meta name=\"robots\" content=\"index, follow, max-snippet:-1, max-image-preview:large, max-video-preview:-1\" \/>\n<link rel=\"canonical\" href=\"https:\/\/clarityproject.de\/en\/product\/syltopia-2\/\" \/>\n<meta property=\"og:locale\" content=\"en_US\" \/>\n<meta property=\"og:type\" content=\"article\" \/>\n<meta property=\"og:title\" content=\"SYLTOPIA - The Clarity Project\u00ae\" \/>\n<meta property=\"og:description\" content=\"SYLTOPIA von Nishkam (Lothar) Koch ist eine Utopie (Roman), in der Elemente der Clarity-Perspektive mit einfliessen. Schauplatz ist die Insel Sylt mit ihren vielen sch\u00f6nen und problematischen Seiten. Das Buch ist aber auch ein tiefgr\u00fcndiger Lacher f\u00fcr alle die Sylt nicht kennen, vor allem f\u00fcr diejenigen, die in touristischen Hotspots leben.\" \/>\n<meta property=\"og:url\" content=\"https:\/\/clarityproject.de\/en\/product\/syltopia-2\/\" \/>\n<meta property=\"og:site_name\" content=\"The Clarity Project\u00ae\" \/>\n<meta property=\"article:modified_time\" content=\"2025-04-29T14:08:22+00:00\" \/>\n<meta property=\"og:image\" content=\"https:\/\/clarityproject.de\/wp-content\/uploads\/Syltopia-Mockup22-e1654066518101.jpg\" \/>\n\t<meta property=\"og:image:width\" content=\"800\" \/>\n\t<meta property=\"og:image:height\" content=\"1171\" \/>\n\t<meta property=\"og:image:type\" content=\"image\/jpeg\" \/>\n<meta name=\"twitter:card\" content=\"summary_large_image\" \/>\n<meta name=\"twitter:label1\" content=\"Est. reading time\" \/>\n\t<meta name=\"twitter:data1\" content=\"2 minutes\" \/>\n<script type=\"application\/ld+json\" class=\"yoast-schema-graph\">{\"@context\":\"https:\/\/schema.org\",\"@graph\":[{\"@type\":\"WebPage\",\"@id\":\"https:\/\/clarityproject.de\/en\/product\/syltopia-2\/\",\"url\":\"https:\/\/clarityproject.de\/en\/product\/syltopia-2\/\",\"name\":\"SYLTOPIA - The Clarity Project\u00ae\",\"isPartOf\":{\"@id\":\"https:\/\/clarityproject.de\/en\/#website\"},\"primaryImageOfPage\":{\"@id\":\"https:\/\/clarityproject.de\/en\/product\/syltopia-2\/#primaryimage\"},\"image\":{\"@id\":\"https:\/\/clarityproject.de\/en\/product\/syltopia-2\/#primaryimage\"},\"thumbnailUrl\":\"https:\/\/clarityproject.de\/wp-content\/uploads\/Syltopia-Mockup22-e1654066518101.jpg\",\"datePublished\":\"2022-06-22T08:00:04+00:00\",\"dateModified\":\"2025-04-29T14:08:22+00:00\",\"breadcrumb\":{\"@id\":\"https:\/\/clarityproject.de\/en\/product\/syltopia-2\/#breadcrumb\"},\"inLanguage\":\"en-US\",\"potentialAction\":[{\"@type\":\"ReadAction\",\"target\":[\"https:\/\/clarityproject.de\/en\/product\/syltopia-2\/\"]}]},{\"@type\":\"ImageObject\",\"inLanguage\":\"en-US\",\"@id\":\"https:\/\/clarityproject.de\/en\/product\/syltopia-2\/#primaryimage\",\"url\":\"https:\/\/clarityproject.de\/wp-content\/uploads\/Syltopia-Mockup22-e1654066518101.jpg\",\"contentUrl\":\"https:\/\/clarityproject.de\/wp-content\/uploads\/Syltopia-Mockup22-e1654066518101.jpg\",\"width\":800,\"height\":1171},{\"@type\":\"BreadcrumbList\",\"@id\":\"https:\/\/clarityproject.de\/en\/product\/syltopia-2\/#breadcrumb\",\"itemListElement\":[{\"@type\":\"ListItem\",\"position\":1,\"name\":\"Startseite\",\"item\":\"https:\/\/clarityproject.de\/en\/\"},{\"@type\":\"ListItem\",\"position\":2,\"name\":\"Shop\",\"item\":\"https:\/\/clarityproject.de\/en\/shop-2\/\"},{\"@type\":\"ListItem\",\"position\":3,\"name\":\"SYLTOPIA\"}]},{\"@type\":\"WebSite\",\"@id\":\"https:\/\/clarityproject.de\/en\/#website\",\"url\":\"https:\/\/clarityproject.de\/en\/\",\"name\":\"The Clarity Project\u00ae\",\"description\":\"\",\"publisher\":{\"@id\":\"https:\/\/clarityproject.de\/en\/#organization\"},\"potentialAction\":[{\"@type\":\"SearchAction\",\"target\":{\"@type\":\"EntryPoint\",\"urlTemplate\":\"https:\/\/clarityproject.de\/en\/?s={search_term_string}\"},\"query-input\":{\"@type\":\"PropertyValueSpecification\",\"valueRequired\":true,\"valueName\":\"search_term_string\"}}],\"inLanguage\":\"en-US\"},{\"@type\":\"Organization\",\"@id\":\"https:\/\/clarityproject.de\/en\/#organization\",\"name\":\"Clarity Project\",\"url\":\"https:\/\/clarityproject.de\/en\/\",\"logo\":{\"@type\":\"ImageObject\",\"inLanguage\":\"en-US\",\"@id\":\"https:\/\/clarityproject.de\/en\/#\/schema\/logo\/image\/\",\"url\":\"https:\/\/clarityproject.de\/wp-content\/uploads\/2021\/07\/logo-original-clarity.jpg\",\"contentUrl\":\"https:\/\/clarityproject.de\/wp-content\/uploads\/2021\/07\/logo-original-clarity.jpg\",\"width\":625,\"height\":899,\"caption\":\"Clarity Project\"},\"image\":{\"@id\":\"https:\/\/clarityproject.de\/en\/#\/schema\/logo\/image\/\"}}]}<\/script>\n<!-- \/ Yoast SEO plugin. -->","yoast_head_json":{"title":"SYLTOPIA - The Clarity Project\u00ae","robots":{"index":"index","follow":"follow","max-snippet":"max-snippet:-1","max-image-preview":"max-image-preview:large","max-video-preview":"max-video-preview:-1"},"canonical":"https:\/\/clarityproject.de\/en\/product\/syltopia-2\/","og_locale":"en_US","og_type":"article","og_title":"SYLTOPIA - The Clarity Project\u00ae","og_description":"SYLTOPIA von Nishkam (Lothar) Koch ist eine Utopie (Roman), in der Elemente der Clarity-Perspektive mit einfliessen. Schauplatz ist die Insel Sylt mit ihren vielen sch\u00f6nen und problematischen Seiten. Das Buch ist aber auch ein tiefgr\u00fcndiger Lacher f\u00fcr alle die Sylt nicht kennen, vor allem f\u00fcr diejenigen, die in touristischen Hotspots leben.","og_url":"https:\/\/clarityproject.de\/en\/product\/syltopia-2\/","og_site_name":"The Clarity Project\u00ae","article_modified_time":"2025-04-29T14:08:22+00:00","og_image":[{"width":800,"height":1171,"url":"https:\/\/clarityproject.de\/wp-content\/uploads\/Syltopia-Mockup22-e1654066518101.jpg","type":"image\/jpeg"}],"twitter_card":"summary_large_image","twitter_misc":{"Est. reading time":"2 minutes"},"schema":{"@context":"https:\/\/schema.org","@graph":[{"@type":"WebPage","@id":"https:\/\/clarityproject.de\/en\/product\/syltopia-2\/","url":"https:\/\/clarityproject.de\/en\/product\/syltopia-2\/","name":"SYLTOPIA - The Clarity Project\u00ae","isPartOf":{"@id":"https:\/\/clarityproject.de\/en\/#website"},"primaryImageOfPage":{"@id":"https:\/\/clarityproject.de\/en\/product\/syltopia-2\/#primaryimage"},"image":{"@id":"https:\/\/clarityproject.de\/en\/product\/syltopia-2\/#primaryimage"},"thumbnailUrl":"https:\/\/clarityproject.de\/wp-content\/uploads\/Syltopia-Mockup22-e1654066518101.jpg","datePublished":"2022-06-22T08:00:04+00:00","dateModified":"2025-04-29T14:08:22+00:00","breadcrumb":{"@id":"https:\/\/clarityproject.de\/en\/product\/syltopia-2\/#breadcrumb"},"inLanguage":"en-US","potentialAction":[{"@type":"ReadAction","target":["https:\/\/clarityproject.de\/en\/product\/syltopia-2\/"]}]},{"@type":"ImageObject","inLanguage":"en-US","@id":"https:\/\/clarityproject.de\/en\/product\/syltopia-2\/#primaryimage","url":"https:\/\/clarityproject.de\/wp-content\/uploads\/Syltopia-Mockup22-e1654066518101.jpg","contentUrl":"https:\/\/clarityproject.de\/wp-content\/uploads\/Syltopia-Mockup22-e1654066518101.jpg","width":800,"height":1171},{"@type":"BreadcrumbList","@id":"https:\/\/clarityproject.de\/en\/product\/syltopia-2\/#breadcrumb","itemListElement":[{"@type":"ListItem","position":1,"name":"Startseite","item":"https:\/\/clarityproject.de\/en\/"},{"@type":"ListItem","position":2,"name":"Shop","item":"https:\/\/clarityproject.de\/en\/shop-2\/"},{"@type":"ListItem","position":3,"name":"SYLTOPIA"}]},{"@type":"WebSite","@id":"https:\/\/clarityproject.de\/en\/#website","url":"https:\/\/clarityproject.de\/en\/","name":"The Clarity Project\u00ae","description":"","publisher":{"@id":"https:\/\/clarityproject.de\/en\/#organization"},"potentialAction":[{"@type":"SearchAction","target":{"@type":"EntryPoint","urlTemplate":"https:\/\/clarityproject.de\/en\/?s={search_term_string}"},"query-input":{"@type":"PropertyValueSpecification","valueRequired":true,"valueName":"search_term_string"}}],"inLanguage":"en-US"},{"@type":"Organization","@id":"https:\/\/clarityproject.de\/en\/#organization","name":"Clarity Project","url":"https:\/\/clarityproject.de\/en\/","logo":{"@type":"ImageObject","inLanguage":"en-US","@id":"https:\/\/clarityproject.de\/en\/#\/schema\/logo\/image\/","url":"https:\/\/clarityproject.de\/wp-content\/uploads\/2021\/07\/logo-original-clarity.jpg","contentUrl":"https:\/\/clarityproject.de\/wp-content\/uploads\/2021\/07\/logo-original-clarity.jpg","width":625,"height":899,"caption":"Clarity Project"},"image":{"@id":"https:\/\/clarityproject.de\/en\/#\/schema\/logo\/image\/"}}]}},"jetpack_sharing_enabled":true,"_links":{"self":[{"href":"https:\/\/clarityproject.de\/en\/wp-json\/wp\/v2\/product\/23573","targetHints":{"allow":["GET"]}}],"collection":[{"href":"https:\/\/clarityproject.de\/en\/wp-json\/wp\/v2\/product"}],"about":[{"href":"https:\/\/clarityproject.de\/en\/wp-json\/wp\/v2\/types\/product"}],"replies":[{"embeddable":true,"href":"https:\/\/clarityproject.de\/en\/wp-json\/wp\/v2\/comments?post=23573"}],"wp:featuredmedia":[{"embeddable":true,"href":"https:\/\/clarityproject.de\/en\/wp-json\/wp\/v2\/media\/23486"}],"wp:attachment":[{"href":"https:\/\/clarityproject.de\/en\/wp-json\/wp\/v2\/media?parent=23573"}],"wp:term":[{"taxonomy":"product_brand","embeddable":true,"href":"https:\/\/clarityproject.de\/en\/wp-json\/wp\/v2\/product_brand?post=23573"},{"taxonomy":"product_cat","embeddable":true,"href":"https:\/\/clarityproject.de\/en\/wp-json\/wp\/v2\/product_cat?post=23573"},{"taxonomy":"product_tag","embeddable":true,"href":"https:\/\/clarityproject.de\/en\/wp-json\/wp\/v2\/product_tag?post=23573"}],"curies":[{"name":"wp","href":"https:\/\/api.w.org\/{rel}","templated":true}]}}