{"id":23371,"date":"2022-05-20T08:57:54","date_gmt":"2022-05-20T06:57:54","guid":{"rendered":"https:\/\/clarityproject.de\/?post_type=product&#038;p=23371"},"modified":"2022-07-04T12:16:14","modified_gmt":"2022-07-04T10:16:14","slug":"tauchgaenge-gebunden-weckrufe-ebook","status":"publish","type":"product","link":"https:\/\/clarityproject.de\/en\/product\/tauchgaenge-gebunden-weckrufe-ebook\/","title":{"rendered":"Tauchg\u00e4nge (gebunden) &#038; Weckrufe (Ebook)"},"content":{"rendered":"<p><strong>ClarityTalks, deutsch, Sammelband I als Buch, Sammelband II als Ebook<\/strong><br \/>\ngebundene Ausgabe mit Leseband- ideal auch zum Verschenken!<\/p>\n<p>Dieses Buch k\u00f6nnen Sie auch als eBook-Ausgabe bekommen. Der Mystiker und Psychotherapeut Jeru Kabbal entwickelte den transpersonalen Wachstumsweg ClarityProcess<sup>\u00ae<\/sup> im Laufe von drei\u00dfig Jahren Praxis. Er lehrte den Gruppenprozess in den USA, in Europa und Asien. Kabbal wurde bekannt als Begr\u00fcnder der Dehypnotherapie und kreierte die Atemmeditation Quantum Light Breath. In Tauchg\u00e4nge sind sechs seiner brillanten<strong> Seminarvortr\u00e4ge (Satsangs) <\/strong>zu Themen wie Arbeit mit dem Unterbewusstsein, Abbau von Blockaden, Ausstieg aus dem Hamsterrad, W\u00fcnschen &amp; Manifestieren, Liebe, Sex &amp; Beziehung und Erleuchtung in Deutsch zusammengestellt worden. Mit Natur-Fotos (Wale und Delphine) von Nishkam Koch<\/p>\n<p>&nbsp;<\/p>\n<p><strong>Beim Kauf des Buches erhalten Sie das Ebook Tauchg\u00e4nge gratis dazu!<br \/>\nUnd Sie bekommen das Ebook Weckrufe (Sammelband II)<\/strong><\/p>\n","protected":false},"excerpt":{"rendered":"<div class=\"product-short-description\">\n<div class=\"product-short-description\"><strong>Sie erhalten das gebundene Buch Tauchg\u00e4nge und \u00a0das Ebook Tauchg\u00e4nge dazu!<br \/>\nZus\u00e4tzlich \u00a0bekommen Sie das Ebook Weckrufe (Sammelband II)<\/strong><\/div>\n<div class=\"addtocart-area\">\n<form class=\"product js-recalculate\" action=\"https:\/\/clarityverlag.de\/de\/shop\/edition-claritytalks\/buch-schrift\/tauchgaenge-detail.html#\" autocomplete=\"off\" method=\"post\">\n<div class=\"vm-customfields-wrap\">\n<div class=\"product-fields\">\n<div class=\"product-field product-field-type-A\">\n<div id=\"selEFN_chzn\" class=\"chzn-container chzn-container-single chzn-container-single-nosearch\"><\/div>\n<\/div>\n<\/div>\n<\/div>\n<\/form>\n<\/div>\n<\/div>\n","protected":false},"featured_media":21861,"comment_status":"open","ping_status":"closed","template":"","meta":[],"product_brand":[],"product_cat":[83,95],"product_tag":[90,91],"class_list":{"0":"post-23371","1":"product","2":"type-product","3":"status-publish","4":"has-post-thumbnail","6":"product_cat-buecher","7":"product_cat-claritytalks","8":"product_tag-deutsch","9":"product_tag-german","10":"sales-flash-overlay","11":"woocommerce-text-align-center","12":"woocommerce-image-align-center","13":"do-quantity-buttons","15":"first","16":"instock","17":"sale","18":"downloadable","19":"taxable","20":"shipping-taxable","21":"purchasable","22":"product-type-simple"},"yoast_head":"<!-- This site is optimized with the Yoast SEO plugin v27.4 - https:\/\/yoast.com\/product\/yoast-seo-wordpress\/ -->\n<title>Tauchg\u00e4nge (gebunden) &amp; Weckrufe (Ebook) - The Clarity Project\u00ae<\/title>\n<meta name=\"robots\" content=\"index, follow, max-snippet:-1, max-image-preview:large, max-video-preview:-1\" \/>\n<link rel=\"canonical\" href=\"https:\/\/clarityproject.de\/en\/product\/tauchgaenge-gebunden-weckrufe-ebook\/\" \/>\n<meta property=\"og:locale\" content=\"en_US\" \/>\n<meta property=\"og:type\" content=\"article\" \/>\n<meta property=\"og:title\" content=\"Tauchg\u00e4nge (gebunden) &amp; Weckrufe (Ebook) - The Clarity Project\u00ae\" \/>\n<meta property=\"og:description\" content=\"Sie erhalten das gebundene Buch Tauchg\u00e4nge und \u00a0das Ebook Tauchg\u00e4nge dazu! Zus\u00e4tzlich \u00a0bekommen Sie das Ebook Weckrufe (Sammelband II)\" \/>\n<meta property=\"og:url\" content=\"https:\/\/clarityproject.de\/en\/product\/tauchgaenge-gebunden-weckrufe-ebook\/\" \/>\n<meta property=\"og:site_name\" content=\"The Clarity Project\u00ae\" \/>\n<meta property=\"article:modified_time\" content=\"2022-07-04T10:16:14+00:00\" \/>\n<meta property=\"og:image\" content=\"https:\/\/clarityproject.de\/wp-content\/uploads\/2021\/12\/Tauchgaenge-mockup-Kopie.jpg\" \/>\n\t<meta property=\"og:image:width\" content=\"2100\" \/>\n\t<meta property=\"og:image:height\" content=\"1400\" \/>\n\t<meta property=\"og:image:type\" content=\"image\/jpeg\" \/>\n<meta name=\"twitter:card\" content=\"summary_large_image\" \/>\n<meta name=\"twitter:label1\" content=\"Est. reading time\" \/>\n\t<meta name=\"twitter:data1\" content=\"1 minute\" \/>\n<script type=\"application\/ld+json\" class=\"yoast-schema-graph\">{\"@context\":\"https:\\\/\\\/schema.org\",\"@graph\":[{\"@type\":\"WebPage\",\"@id\":\"https:\\\/\\\/clarityproject.de\\\/en\\\/product\\\/tauchgaenge-gebunden-weckrufe-ebook\\\/\",\"url\":\"https:\\\/\\\/clarityproject.de\\\/en\\\/product\\\/tauchgaenge-gebunden-weckrufe-ebook\\\/\",\"name\":\"Tauchg\u00e4nge (gebunden) & Weckrufe (Ebook) - The Clarity Project\u00ae\",\"isPartOf\":{\"@id\":\"https:\\\/\\\/clarityproject.de\\\/en\\\/#website\"},\"primaryImageOfPage\":{\"@id\":\"https:\\\/\\\/clarityproject.de\\\/en\\\/product\\\/tauchgaenge-gebunden-weckrufe-ebook\\\/#primaryimage\"},\"image\":{\"@id\":\"https:\\\/\\\/clarityproject.de\\\/en\\\/product\\\/tauchgaenge-gebunden-weckrufe-ebook\\\/#primaryimage\"},\"thumbnailUrl\":\"https:\\\/\\\/clarityproject.de\\\/wp-content\\\/uploads\\\/2021\\\/12\\\/Tauchgaenge-mockup-Kopie.jpg\",\"datePublished\":\"2022-05-20T06:57:54+00:00\",\"dateModified\":\"2022-07-04T10:16:14+00:00\",\"breadcrumb\":{\"@id\":\"https:\\\/\\\/clarityproject.de\\\/en\\\/product\\\/tauchgaenge-gebunden-weckrufe-ebook\\\/#breadcrumb\"},\"inLanguage\":\"en-US\",\"potentialAction\":[{\"@type\":\"ReadAction\",\"target\":[\"https:\\\/\\\/clarityproject.de\\\/en\\\/product\\\/tauchgaenge-gebunden-weckrufe-ebook\\\/\"]}]},{\"@type\":\"ImageObject\",\"inLanguage\":\"en-US\",\"@id\":\"https:\\\/\\\/clarityproject.de\\\/en\\\/product\\\/tauchgaenge-gebunden-weckrufe-ebook\\\/#primaryimage\",\"url\":\"https:\\\/\\\/clarityproject.de\\\/wp-content\\\/uploads\\\/2021\\\/12\\\/Tauchgaenge-mockup-Kopie.jpg\",\"contentUrl\":\"https:\\\/\\\/clarityproject.de\\\/wp-content\\\/uploads\\\/2021\\\/12\\\/Tauchgaenge-mockup-Kopie.jpg\",\"width\":2100,\"height\":1400},{\"@type\":\"BreadcrumbList\",\"@id\":\"https:\\\/\\\/clarityproject.de\\\/en\\\/product\\\/tauchgaenge-gebunden-weckrufe-ebook\\\/#breadcrumb\",\"itemListElement\":[{\"@type\":\"ListItem\",\"position\":1,\"name\":\"Startseite\",\"item\":\"https:\\\/\\\/clarityproject.de\\\/en\\\/\"},{\"@type\":\"ListItem\",\"position\":2,\"name\":\"Shop\",\"item\":\"https:\\\/\\\/clarityproject.de\\\/en\\\/shop-2\\\/\"},{\"@type\":\"ListItem\",\"position\":3,\"name\":\"Tauchg\u00e4nge (gebunden) &#038; Weckrufe (Ebook)\"}]},{\"@type\":\"WebSite\",\"@id\":\"https:\\\/\\\/clarityproject.de\\\/en\\\/#website\",\"url\":\"https:\\\/\\\/clarityproject.de\\\/en\\\/\",\"name\":\"The Clarity Project\u00ae\",\"description\":\"\",\"publisher\":{\"@id\":\"https:\\\/\\\/clarityproject.de\\\/en\\\/#organization\"},\"potentialAction\":[{\"@type\":\"SearchAction\",\"target\":{\"@type\":\"EntryPoint\",\"urlTemplate\":\"https:\\\/\\\/clarityproject.de\\\/en\\\/?s={search_term_string}\"},\"query-input\":{\"@type\":\"PropertyValueSpecification\",\"valueRequired\":true,\"valueName\":\"search_term_string\"}}],\"inLanguage\":\"en-US\"},{\"@type\":\"Organization\",\"@id\":\"https:\\\/\\\/clarityproject.de\\\/en\\\/#organization\",\"name\":\"Clarity Project\",\"url\":\"https:\\\/\\\/clarityproject.de\\\/en\\\/\",\"logo\":{\"@type\":\"ImageObject\",\"inLanguage\":\"en-US\",\"@id\":\"https:\\\/\\\/clarityproject.de\\\/en\\\/#\\\/schema\\\/logo\\\/image\\\/\",\"url\":\"https:\\\/\\\/clarityproject.de\\\/wp-content\\\/uploads\\\/2021\\\/07\\\/logo-original-clarity.jpg\",\"contentUrl\":\"https:\\\/\\\/clarityproject.de\\\/wp-content\\\/uploads\\\/2021\\\/07\\\/logo-original-clarity.jpg\",\"width\":625,\"height\":899,\"caption\":\"Clarity Project\"},\"image\":{\"@id\":\"https:\\\/\\\/clarityproject.de\\\/en\\\/#\\\/schema\\\/logo\\\/image\\\/\"}}]}<\/script>\n<!-- \/ Yoast SEO plugin. -->","yoast_head_json":{"title":"Tauchg\u00e4nge (gebunden) & Weckrufe (Ebook) - The Clarity Project\u00ae","robots":{"index":"index","follow":"follow","max-snippet":"max-snippet:-1","max-image-preview":"max-image-preview:large","max-video-preview":"max-video-preview:-1"},"canonical":"https:\/\/clarityproject.de\/en\/product\/tauchgaenge-gebunden-weckrufe-ebook\/","og_locale":"en_US","og_type":"article","og_title":"Tauchg\u00e4nge (gebunden) & Weckrufe (Ebook) - The Clarity Project\u00ae","og_description":"Sie erhalten das gebundene Buch Tauchg\u00e4nge und \u00a0das Ebook Tauchg\u00e4nge dazu! Zus\u00e4tzlich \u00a0bekommen Sie das Ebook Weckrufe (Sammelband II)","og_url":"https:\/\/clarityproject.de\/en\/product\/tauchgaenge-gebunden-weckrufe-ebook\/","og_site_name":"The Clarity Project\u00ae","article_modified_time":"2022-07-04T10:16:14+00:00","og_image":[{"width":2100,"height":1400,"url":"https:\/\/clarityproject.de\/wp-content\/uploads\/2021\/12\/Tauchgaenge-mockup-Kopie.jpg","type":"image\/jpeg"}],"twitter_card":"summary_large_image","twitter_misc":{"Est. reading time":"1 minute"},"schema":{"@context":"https:\/\/schema.org","@graph":[{"@type":"WebPage","@id":"https:\/\/clarityproject.de\/en\/product\/tauchgaenge-gebunden-weckrufe-ebook\/","url":"https:\/\/clarityproject.de\/en\/product\/tauchgaenge-gebunden-weckrufe-ebook\/","name":"Tauchg\u00e4nge (gebunden) & Weckrufe (Ebook) - The Clarity Project\u00ae","isPartOf":{"@id":"https:\/\/clarityproject.de\/en\/#website"},"primaryImageOfPage":{"@id":"https:\/\/clarityproject.de\/en\/product\/tauchgaenge-gebunden-weckrufe-ebook\/#primaryimage"},"image":{"@id":"https:\/\/clarityproject.de\/en\/product\/tauchgaenge-gebunden-weckrufe-ebook\/#primaryimage"},"thumbnailUrl":"https:\/\/clarityproject.de\/wp-content\/uploads\/2021\/12\/Tauchgaenge-mockup-Kopie.jpg","datePublished":"2022-05-20T06:57:54+00:00","dateModified":"2022-07-04T10:16:14+00:00","breadcrumb":{"@id":"https:\/\/clarityproject.de\/en\/product\/tauchgaenge-gebunden-weckrufe-ebook\/#breadcrumb"},"inLanguage":"en-US","potentialAction":[{"@type":"ReadAction","target":["https:\/\/clarityproject.de\/en\/product\/tauchgaenge-gebunden-weckrufe-ebook\/"]}]},{"@type":"ImageObject","inLanguage":"en-US","@id":"https:\/\/clarityproject.de\/en\/product\/tauchgaenge-gebunden-weckrufe-ebook\/#primaryimage","url":"https:\/\/clarityproject.de\/wp-content\/uploads\/2021\/12\/Tauchgaenge-mockup-Kopie.jpg","contentUrl":"https:\/\/clarityproject.de\/wp-content\/uploads\/2021\/12\/Tauchgaenge-mockup-Kopie.jpg","width":2100,"height":1400},{"@type":"BreadcrumbList","@id":"https:\/\/clarityproject.de\/en\/product\/tauchgaenge-gebunden-weckrufe-ebook\/#breadcrumb","itemListElement":[{"@type":"ListItem","position":1,"name":"Startseite","item":"https:\/\/clarityproject.de\/en\/"},{"@type":"ListItem","position":2,"name":"Shop","item":"https:\/\/clarityproject.de\/en\/shop-2\/"},{"@type":"ListItem","position":3,"name":"Tauchg\u00e4nge (gebunden) &#038; Weckrufe (Ebook)"}]},{"@type":"WebSite","@id":"https:\/\/clarityproject.de\/en\/#website","url":"https:\/\/clarityproject.de\/en\/","name":"The Clarity Project\u00ae","description":"","publisher":{"@id":"https:\/\/clarityproject.de\/en\/#organization"},"potentialAction":[{"@type":"SearchAction","target":{"@type":"EntryPoint","urlTemplate":"https:\/\/clarityproject.de\/en\/?s={search_term_string}"},"query-input":{"@type":"PropertyValueSpecification","valueRequired":true,"valueName":"search_term_string"}}],"inLanguage":"en-US"},{"@type":"Organization","@id":"https:\/\/clarityproject.de\/en\/#organization","name":"Clarity Project","url":"https:\/\/clarityproject.de\/en\/","logo":{"@type":"ImageObject","inLanguage":"en-US","@id":"https:\/\/clarityproject.de\/en\/#\/schema\/logo\/image\/","url":"https:\/\/clarityproject.de\/wp-content\/uploads\/2021\/07\/logo-original-clarity.jpg","contentUrl":"https:\/\/clarityproject.de\/wp-content\/uploads\/2021\/07\/logo-original-clarity.jpg","width":625,"height":899,"caption":"Clarity Project"},"image":{"@id":"https:\/\/clarityproject.de\/en\/#\/schema\/logo\/image\/"}}]}},"jetpack_sharing_enabled":true,"_links":{"self":[{"href":"https:\/\/clarityproject.de\/en\/wp-json\/wp\/v2\/product\/23371","targetHints":{"allow":["GET"]}}],"collection":[{"href":"https:\/\/clarityproject.de\/en\/wp-json\/wp\/v2\/product"}],"about":[{"href":"https:\/\/clarityproject.de\/en\/wp-json\/wp\/v2\/types\/product"}],"replies":[{"embeddable":true,"href":"https:\/\/clarityproject.de\/en\/wp-json\/wp\/v2\/comments?post=23371"}],"wp:featuredmedia":[{"embeddable":true,"href":"https:\/\/clarityproject.de\/en\/wp-json\/wp\/v2\/media\/21861"}],"wp:attachment":[{"href":"https:\/\/clarityproject.de\/en\/wp-json\/wp\/v2\/media?parent=23371"}],"wp:term":[{"taxonomy":"product_brand","embeddable":true,"href":"https:\/\/clarityproject.de\/en\/wp-json\/wp\/v2\/product_brand?post=23371"},{"taxonomy":"product_cat","embeddable":true,"href":"https:\/\/clarityproject.de\/en\/wp-json\/wp\/v2\/product_cat?post=23371"},{"taxonomy":"product_tag","embeddable":true,"href":"https:\/\/clarityproject.de\/en\/wp-json\/wp\/v2\/product_tag?post=23371"}],"curies":[{"name":"wp","href":"https:\/\/api.w.org\/{rel}","templated":true}]}}