{"id":23311,"date":"2022-05-08T15:50:26","date_gmt":"2022-05-08T13:50:26","guid":{"rendered":"https:\/\/clarityproject.de\/?post_type=product&#038;p=23311"},"modified":"2026-01-19T14:19:07","modified_gmt":"2026-01-19T13:19:07","slug":"quantum-light-breath-training","status":"publish","type":"product","link":"https:\/\/clarityproject.de\/en\/product\/quantum-light-breath-training\/","title":{"rendered":"Quantum Light Breath- Training"},"content":{"rendered":"<p>M\u00f6chtest Du das Optimum aus dem QLB herausholen? Spielst Du mit dem Gedanken, den QLB mit Jeru f\u00fcr Gruppen anzuleiten?<br \/>\nDann solltest Du dieses Online Training durchf\u00fchren.<\/p>\n<p>Du ben\u00f6tigst die Passion For Clarity-App daf\u00fcr, die du gratis downloaden kannst.<\/p>\n<p><strong>Du erh\u00e4ltst \u00fcber die Passion for Clarity-App<\/strong><br \/>\n&#8211; 8 Kurzvideos und Bonusmaterial, von insgesamt rund 3 Stunden Dauer.<br \/>\nIn den Kurzvideos erf\u00e4hrst du von dem erfahrenen Jeru Sch\u00fcler und ClarityTrainer Nishkam alle Hintergr\u00fcnde und Anleitungen zum Quantum Light Breath.<br \/>\nIm Bonusmaterial findest du<br \/>\n&#8211; einige \u00dcbungssessions zum richtigen Atmen im QLB, bzw zur Vorbereitung auf den QLB als Audio mp3 (EnergyBreathing), sowie weitere Hintergr\u00fcnde zum Thema Energie-Atmen und<br \/>\n-ein Kurzvideo zum richtigen Sitzen.<br \/>\n-die ClarityLetgo Meditation als stillere Alternative zum QLB<br \/>\n&#8211; Eine von Nishkam gef\u00fchrte Chakra-Entspannung zur Steigerung des Beobachtermodus in der Meditation<br \/>\n&#8211; das Handbuch zum Quantum Light Breath von Nishkam Koch und Jeru Kabbal im Ebookformat (Ein Quantum Licht).<\/p>\n<p><strong>Du hast auch Zugriff<\/strong><br \/>\n&#8211; auf eine Chat-Community und kannst Fragen stellen, oder Deine Erfahrungen austauschen.<br \/>\n&#8211; Du kannst dein QLB-Gruppen-Angebot in der App eintragen, ggf auch auf einer Liste innerhalb der ClarityWebsite<br \/>\nDer letzte Punkt jedoch nur, wenn du die Qualifikation zum QLB Guide erf\u00fcllst.<\/p>\n<p><strong>Auf Nachfrage beim ClarityProject per Email:<\/strong> Wenn du Stufe 3 <strong>und<\/strong> das QLB-OnlineTraining absolviert hast, kannst Du QLB\u00b4s f\u00fcr Gruppen als QLB Guide unter dem ClarityLogo anbieten und dieses in der Werbung daf\u00fcr \u00a0einsetzen. Das ClarityProject ersetzt keine Ausbildung oder Zertifierung f\u00fcr therapeutische Arbeit die staatlich anerkannt w\u00e4re.Du bist ganz allein f\u00fcr Deine Angbote verantwortlich. Bitte wende Dich an Nishkam, um Fragen dazu zu besprechen.<\/p>\n<p>&nbsp;<\/p>\n<p>Am besten l\u00e4dst Du Dir die Passion for Clarity-App gleich gratis auf Dein Smartphone oder den Computer und registrierst Dich.<\/p>\n<p>Nur dann k\u00f6nnen wir Dich f\u00fcr die Nutzung der App freischalten.<span class=\"Apple-converted-space\">\u00a0 <\/span>Die Gebrauchsanweisung dazu befindest sich unter dem <a href=\"https:\/\/clarityproject.de\/clarityapp\/\">Haupt-Men\u00fcpunkt\/Reiter &#8220;Clarity-App&#8221;<\/a> auf der Website www.clarityproject.de<\/p>\n<p>Du kannst das Material auf dem Smartphone oder auf Computer, Tablett etc anschauen\/-h\u00f6ren.<br \/>\nInnerhalb des Smartphones kannst du es downloaden und offline h\u00f6ren.<br \/>\nDer Zugriff endet \u00a0falls diese App eingestellt werden sollte.<\/p>\n<p><img loading=\"lazy\" decoding=\"async\" class=\"alignnone wp-image-24484\" src=\"https:\/\/clarityproject.de\/wp-content\/uploads\/App2.png\" alt=\"\" width=\"285\" height=\"548\" srcset=\"https:\/\/clarityproject.de\/wp-content\/uploads\/App2.png 570w, https:\/\/clarityproject.de\/wp-content\/uploads\/App2-156x300.png 156w, https:\/\/clarityproject.de\/wp-content\/uploads\/App2-533x1024.png 533w\" sizes=\"auto, (max-width: 285px) 100vw, 285px\" \/><\/p>\n","protected":false},"excerpt":{"rendered":"<p>Material f\u00fcr angehende oder praktizierende QLB-Guides<\/p>\n","protected":false},"featured_media":23312,"comment_status":"open","ping_status":"closed","template":"","meta":[],"product_brand":[],"product_cat":[134,97,141,88],"product_tag":[90],"class_list":{"0":"post-23311","1":"product","2":"type-product","3":"status-publish","4":"has-post-thumbnail","6":"product_cat-clarityguides","7":"product_cat-produkte-fuer-kursteilnehmende","8":"product_cat-app","9":"product_cat-qlb","10":"product_tag-deutsch","11":"sales-flash-overlay","12":"woocommerce-text-align-center","13":"woocommerce-image-align-center","14":"do-quantity-buttons","16":"first","17":"instock","18":"taxable","19":"shipping-taxable","20":"purchasable","21":"product-type-simple"},"yoast_head":"<!-- This site is optimized with the Yoast SEO plugin v27.3 - https:\/\/yoast.com\/product\/yoast-seo-wordpress\/ -->\n<title>Quantum Light Breath- Training - The Clarity Project\u00ae<\/title>\n<meta name=\"robots\" content=\"index, follow, max-snippet:-1, max-image-preview:large, max-video-preview:-1\" \/>\n<link rel=\"canonical\" href=\"https:\/\/clarityproject.de\/en\/product\/quantum-light-breath-training\/\" \/>\n<meta property=\"og:locale\" content=\"en_US\" \/>\n<meta property=\"og:type\" content=\"article\" \/>\n<meta property=\"og:title\" content=\"Quantum Light Breath- Training - The Clarity Project\u00ae\" \/>\n<meta property=\"og:description\" content=\"Material f\u00fcr angehende oder praktizierende QLB-Guides\" \/>\n<meta property=\"og:url\" content=\"https:\/\/clarityproject.de\/en\/product\/quantum-light-breath-training\/\" \/>\n<meta property=\"og:site_name\" content=\"The Clarity Project\u00ae\" \/>\n<meta property=\"article:modified_time\" content=\"2026-01-19T13:19:07+00:00\" \/>\n<meta name=\"twitter:card\" content=\"summary_large_image\" \/>\n<meta name=\"twitter:label1\" content=\"Est. reading time\" \/>\n\t<meta name=\"twitter:data1\" content=\"3 minutes\" \/>\n<script type=\"application\/ld+json\" class=\"yoast-schema-graph\">{\"@context\":\"https:\\\/\\\/schema.org\",\"@graph\":[{\"@type\":\"WebPage\",\"@id\":\"https:\\\/\\\/clarityproject.de\\\/en\\\/product\\\/quantum-light-breath-training\\\/\",\"url\":\"https:\\\/\\\/clarityproject.de\\\/en\\\/product\\\/quantum-light-breath-training\\\/\",\"name\":\"Quantum Light Breath- Training - The Clarity Project\u00ae\",\"isPartOf\":{\"@id\":\"https:\\\/\\\/clarityproject.de\\\/en\\\/#website\"},\"primaryImageOfPage\":{\"@id\":\"https:\\\/\\\/clarityproject.de\\\/en\\\/product\\\/quantum-light-breath-training\\\/#primaryimage\"},\"image\":{\"@id\":\"https:\\\/\\\/clarityproject.de\\\/en\\\/product\\\/quantum-light-breath-training\\\/#primaryimage\"},\"thumbnailUrl\":\"https:\\\/\\\/clarityproject.de\\\/wp-content\\\/uploads\\\/QLB-Picto.tiff\",\"datePublished\":\"2022-05-08T13:50:26+00:00\",\"dateModified\":\"2026-01-19T13:19:07+00:00\",\"breadcrumb\":{\"@id\":\"https:\\\/\\\/clarityproject.de\\\/en\\\/product\\\/quantum-light-breath-training\\\/#breadcrumb\"},\"inLanguage\":\"en-US\",\"potentialAction\":[{\"@type\":\"ReadAction\",\"target\":[\"https:\\\/\\\/clarityproject.de\\\/en\\\/product\\\/quantum-light-breath-training\\\/\"]}]},{\"@type\":\"ImageObject\",\"inLanguage\":\"en-US\",\"@id\":\"https:\\\/\\\/clarityproject.de\\\/en\\\/product\\\/quantum-light-breath-training\\\/#primaryimage\",\"url\":\"https:\\\/\\\/clarityproject.de\\\/wp-content\\\/uploads\\\/QLB-Picto.tiff\",\"contentUrl\":\"https:\\\/\\\/clarityproject.de\\\/wp-content\\\/uploads\\\/QLB-Picto.tiff\"},{\"@type\":\"BreadcrumbList\",\"@id\":\"https:\\\/\\\/clarityproject.de\\\/en\\\/product\\\/quantum-light-breath-training\\\/#breadcrumb\",\"itemListElement\":[{\"@type\":\"ListItem\",\"position\":1,\"name\":\"Startseite\",\"item\":\"https:\\\/\\\/clarityproject.de\\\/en\\\/\"},{\"@type\":\"ListItem\",\"position\":2,\"name\":\"Shop\",\"item\":\"https:\\\/\\\/clarityproject.de\\\/en\\\/shop-2\\\/\"},{\"@type\":\"ListItem\",\"position\":3,\"name\":\"Quantum Light Breath- Training\"}]},{\"@type\":\"WebSite\",\"@id\":\"https:\\\/\\\/clarityproject.de\\\/en\\\/#website\",\"url\":\"https:\\\/\\\/clarityproject.de\\\/en\\\/\",\"name\":\"The Clarity Project\u00ae\",\"description\":\"\",\"publisher\":{\"@id\":\"https:\\\/\\\/clarityproject.de\\\/en\\\/#organization\"},\"potentialAction\":[{\"@type\":\"SearchAction\",\"target\":{\"@type\":\"EntryPoint\",\"urlTemplate\":\"https:\\\/\\\/clarityproject.de\\\/en\\\/?s={search_term_string}\"},\"query-input\":{\"@type\":\"PropertyValueSpecification\",\"valueRequired\":true,\"valueName\":\"search_term_string\"}}],\"inLanguage\":\"en-US\"},{\"@type\":\"Organization\",\"@id\":\"https:\\\/\\\/clarityproject.de\\\/en\\\/#organization\",\"name\":\"Clarity Project\",\"url\":\"https:\\\/\\\/clarityproject.de\\\/en\\\/\",\"logo\":{\"@type\":\"ImageObject\",\"inLanguage\":\"en-US\",\"@id\":\"https:\\\/\\\/clarityproject.de\\\/en\\\/#\\\/schema\\\/logo\\\/image\\\/\",\"url\":\"https:\\\/\\\/clarityproject.de\\\/wp-content\\\/uploads\\\/2021\\\/07\\\/logo-original-clarity.jpg\",\"contentUrl\":\"https:\\\/\\\/clarityproject.de\\\/wp-content\\\/uploads\\\/2021\\\/07\\\/logo-original-clarity.jpg\",\"width\":625,\"height\":899,\"caption\":\"Clarity Project\"},\"image\":{\"@id\":\"https:\\\/\\\/clarityproject.de\\\/en\\\/#\\\/schema\\\/logo\\\/image\\\/\"}}]}<\/script>\n<!-- \/ Yoast SEO plugin. -->","yoast_head_json":{"title":"Quantum Light Breath- Training - The Clarity Project\u00ae","robots":{"index":"index","follow":"follow","max-snippet":"max-snippet:-1","max-image-preview":"max-image-preview:large","max-video-preview":"max-video-preview:-1"},"canonical":"https:\/\/clarityproject.de\/en\/product\/quantum-light-breath-training\/","og_locale":"en_US","og_type":"article","og_title":"Quantum Light Breath- Training - The Clarity Project\u00ae","og_description":"Material f\u00fcr angehende oder praktizierende QLB-Guides","og_url":"https:\/\/clarityproject.de\/en\/product\/quantum-light-breath-training\/","og_site_name":"The Clarity Project\u00ae","article_modified_time":"2026-01-19T13:19:07+00:00","twitter_card":"summary_large_image","twitter_misc":{"Est. reading time":"3 minutes"},"schema":{"@context":"https:\/\/schema.org","@graph":[{"@type":"WebPage","@id":"https:\/\/clarityproject.de\/en\/product\/quantum-light-breath-training\/","url":"https:\/\/clarityproject.de\/en\/product\/quantum-light-breath-training\/","name":"Quantum Light Breath- Training - The Clarity Project\u00ae","isPartOf":{"@id":"https:\/\/clarityproject.de\/en\/#website"},"primaryImageOfPage":{"@id":"https:\/\/clarityproject.de\/en\/product\/quantum-light-breath-training\/#primaryimage"},"image":{"@id":"https:\/\/clarityproject.de\/en\/product\/quantum-light-breath-training\/#primaryimage"},"thumbnailUrl":"https:\/\/clarityproject.de\/wp-content\/uploads\/QLB-Picto.tiff","datePublished":"2022-05-08T13:50:26+00:00","dateModified":"2026-01-19T13:19:07+00:00","breadcrumb":{"@id":"https:\/\/clarityproject.de\/en\/product\/quantum-light-breath-training\/#breadcrumb"},"inLanguage":"en-US","potentialAction":[{"@type":"ReadAction","target":["https:\/\/clarityproject.de\/en\/product\/quantum-light-breath-training\/"]}]},{"@type":"ImageObject","inLanguage":"en-US","@id":"https:\/\/clarityproject.de\/en\/product\/quantum-light-breath-training\/#primaryimage","url":"https:\/\/clarityproject.de\/wp-content\/uploads\/QLB-Picto.tiff","contentUrl":"https:\/\/clarityproject.de\/wp-content\/uploads\/QLB-Picto.tiff"},{"@type":"BreadcrumbList","@id":"https:\/\/clarityproject.de\/en\/product\/quantum-light-breath-training\/#breadcrumb","itemListElement":[{"@type":"ListItem","position":1,"name":"Startseite","item":"https:\/\/clarityproject.de\/en\/"},{"@type":"ListItem","position":2,"name":"Shop","item":"https:\/\/clarityproject.de\/en\/shop-2\/"},{"@type":"ListItem","position":3,"name":"Quantum Light Breath- Training"}]},{"@type":"WebSite","@id":"https:\/\/clarityproject.de\/en\/#website","url":"https:\/\/clarityproject.de\/en\/","name":"The Clarity Project\u00ae","description":"","publisher":{"@id":"https:\/\/clarityproject.de\/en\/#organization"},"potentialAction":[{"@type":"SearchAction","target":{"@type":"EntryPoint","urlTemplate":"https:\/\/clarityproject.de\/en\/?s={search_term_string}"},"query-input":{"@type":"PropertyValueSpecification","valueRequired":true,"valueName":"search_term_string"}}],"inLanguage":"en-US"},{"@type":"Organization","@id":"https:\/\/clarityproject.de\/en\/#organization","name":"Clarity Project","url":"https:\/\/clarityproject.de\/en\/","logo":{"@type":"ImageObject","inLanguage":"en-US","@id":"https:\/\/clarityproject.de\/en\/#\/schema\/logo\/image\/","url":"https:\/\/clarityproject.de\/wp-content\/uploads\/2021\/07\/logo-original-clarity.jpg","contentUrl":"https:\/\/clarityproject.de\/wp-content\/uploads\/2021\/07\/logo-original-clarity.jpg","width":625,"height":899,"caption":"Clarity Project"},"image":{"@id":"https:\/\/clarityproject.de\/en\/#\/schema\/logo\/image\/"}}]}},"jetpack_sharing_enabled":true,"_links":{"self":[{"href":"https:\/\/clarityproject.de\/en\/wp-json\/wp\/v2\/product\/23311","targetHints":{"allow":["GET"]}}],"collection":[{"href":"https:\/\/clarityproject.de\/en\/wp-json\/wp\/v2\/product"}],"about":[{"href":"https:\/\/clarityproject.de\/en\/wp-json\/wp\/v2\/types\/product"}],"replies":[{"embeddable":true,"href":"https:\/\/clarityproject.de\/en\/wp-json\/wp\/v2\/comments?post=23311"}],"wp:featuredmedia":[{"embeddable":true,"href":"https:\/\/clarityproject.de\/en\/wp-json\/wp\/v2\/media\/23312"}],"wp:attachment":[{"href":"https:\/\/clarityproject.de\/en\/wp-json\/wp\/v2\/media?parent=23311"}],"wp:term":[{"taxonomy":"product_brand","embeddable":true,"href":"https:\/\/clarityproject.de\/en\/wp-json\/wp\/v2\/product_brand?post=23311"},{"taxonomy":"product_cat","embeddable":true,"href":"https:\/\/clarityproject.de\/en\/wp-json\/wp\/v2\/product_cat?post=23311"},{"taxonomy":"product_tag","embeddable":true,"href":"https:\/\/clarityproject.de\/en\/wp-json\/wp\/v2\/product_tag?post=23311"}],"curies":[{"name":"wp","href":"https:\/\/api.w.org\/{rel}","templated":true}]}}