{"id":22994,"date":"2022-03-16T14:41:08","date_gmt":"2022-03-16T13:41:08","guid":{"rendered":"https:\/\/clarityproject.de\/?post_type=product&#038;p=22994"},"modified":"2022-03-16T14:51:19","modified_gmt":"2022-03-16T13:51:19","slug":"das-laecheln-des-buddha-video-prompter-fuer-guides","status":"publish","type":"product","link":"https:\/\/clarityproject.de\/en\/product\/das-laecheln-des-buddha-video-prompter-fuer-guides\/","title":{"rendered":"Das L\u00e4cheln des Buddha Video-Prompter f\u00fcr Guides"},"content":{"rendered":"<p><strong>Das L\u00e4cheln des Buddhas<\/strong><br \/>\nOriginaltitel: Buddha-Statue<\/p>\n<p>Text: Jeru Kabbal, \u00fcbersetzt ins Deutsche und gesprochen von: Nishkam Koch<\/p>\n<p>Musik: Christian Obermaier (Christian Obermaier ist Musiker beim M\u00fcnchner Rundfunkorchester, Komponist\/Arrangeur im eigenen Tonstudio und Clarity Sch\u00fcler. Er wirkte musikalisch bei \u00fcber 100 CD- und zahlreichen TV-Produktionen mit.)<\/p>\n<p>Diese gef\u00fchrte Phantasie und Sitz-Meditation verst\u00e4rkt den Grad innerer Ausdehnung und die Verbundenheit mit dem Ganzen. Sie f\u00fchrt in sehr entspannte Stille und Freude.<\/p>\n<p>Tempo: sehr ruhige Atmosph\u00e4re, Hinf\u00fchrung zur Meditation, ca. 60 min<\/p>\n<p>&nbsp;<\/p>\n<p>Du bekommst ein Video (.mov), das wie ein Prompter funktioniert. Es spielt die Musik ohne Text ab und gibt die den Text schriftlich auf den Bildschirm, sodass du als Guide die Traumreise leicht anleiten kannst.<br \/>\nDie Datei wird dir nach dem Kauf per WeTransfer zugesendet.<\/p>\n","protected":false},"excerpt":{"rendered":"<p>Traumreise\/Meditation als \u00a0Videoanleitung f\u00fcr Guides<\/p>\n","protected":false},"featured_media":21849,"comment_status":"open","ping_status":"closed","template":"","meta":[],"product_brand":[],"product_cat":[134],"product_tag":[],"class_list":{"0":"post-22994","1":"product","2":"type-product","3":"status-publish","4":"has-post-thumbnail","6":"product_cat-clarityguides","7":"sales-flash-overlay","8":"woocommerce-text-align-center","9":"woocommerce-image-align-center","10":"do-quantity-buttons","12":"first","13":"instock","14":"downloadable","15":"virtual","16":"taxable","17":"purchasable","18":"product-type-simple"},"jetpack_sharing_enabled":true,"_links":{"self":[{"href":"https:\/\/clarityproject.de\/en\/wp-json\/wp\/v2\/product\/22994","targetHints":{"allow":["GET"]}}],"collection":[{"href":"https:\/\/clarityproject.de\/en\/wp-json\/wp\/v2\/product"}],"about":[{"href":"https:\/\/clarityproject.de\/en\/wp-json\/wp\/v2\/types\/product"}],"replies":[{"embeddable":true,"href":"https:\/\/clarityproject.de\/en\/wp-json\/wp\/v2\/comments?post=22994"}],"wp:featuredmedia":[{"embeddable":true,"href":"https:\/\/clarityproject.de\/en\/wp-json\/wp\/v2\/media\/21849"}],"wp:attachment":[{"href":"https:\/\/clarityproject.de\/en\/wp-json\/wp\/v2\/media?parent=22994"}],"wp:term":[{"taxonomy":"product_brand","embeddable":true,"href":"https:\/\/clarityproject.de\/en\/wp-json\/wp\/v2\/product_brand?post=22994"},{"taxonomy":"product_cat","embeddable":true,"href":"https:\/\/clarityproject.de\/en\/wp-json\/wp\/v2\/product_cat?post=22994"},{"taxonomy":"product_tag","embeddable":true,"href":"https:\/\/clarityproject.de\/en\/wp-json\/wp\/v2\/product_tag?post=22994"}],"curies":[{"name":"wp","href":"https:\/\/api.w.org\/{rel}","templated":true}]}}