{"id":22013,"date":"2021-12-09T13:01:20","date_gmt":"2021-12-09T12:01:20","guid":{"rendered":"https:\/\/clarityproject.de\/?post_type=product&#038;p=22013"},"modified":"2021-12-23T16:30:25","modified_gmt":"2021-12-23T15:30:25","slug":"yoga-workout-im-clarityprocess","status":"publish","type":"product","link":"https:\/\/clarityproject.de\/en\/product\/yoga-workout-im-clarityprocess\/","title":{"rendered":"Sufi Atem Meditation"},"content":{"rendered":"<p>Die original Sufi-Atemmeditation!<\/p>\n<p>In dieser aktiven Meditation wird mittels tiefem Atem und kraftvoller Bewegung der Weg durch die Chakren gereinigt und damit der Energieflu\u00df aktiviert. Diese St\u00e4rkung der Vertikalen f\u00f6rdert unsere Wachheit, Lebendigkeit und Offenheit.<\/p>\n<p>Hintergrund\u00a0wird per email gesendet. Wird auch im ClarityProcess verwendet.<\/p>\n<p>Oruc Guvenc mit seiner Gruppe T\u00fcmata<\/p>\n<p>on demand CD<\/p>\n","protected":false},"excerpt":{"rendered":"<div class=\"product-short-description\">Oruc Guvenc mit seiner Gruppe T\u00fcmata<br \/>\nmp3<\/div>\n<div class=\"addtocart-area\">\n<form class=\"product js-recalculate\" action=\"https:\/\/clarityverlag.de\/de\/shop\/kursteilnehmer\/sufi-atem-meditation-detail.html#\" autocomplete=\"off\" method=\"post\">\n<div class=\"vm-customfields-wrap\"><\/div>\n<\/form>\n<\/div>\n","protected":false},"featured_media":22017,"comment_status":"open","ping_status":"closed","template":"","meta":[],"product_brand":[],"product_cat":[97],"product_tag":[],"class_list":{"0":"post-22013","1":"product","2":"type-product","3":"status-publish","4":"has-post-thumbnail","6":"product_cat-produkte-fuer-kursteilnehmende","7":"sales-flash-overlay","8":"woocommerce-text-align-center","9":"woocommerce-image-align-center","10":"do-quantity-buttons","12":"first","13":"instock","14":"downloadable","15":"virtual","16":"taxable","17":"purchasable","18":"product-type-simple"},"jetpack_sharing_enabled":true,"_links":{"self":[{"href":"https:\/\/clarityproject.de\/en\/wp-json\/wp\/v2\/product\/22013","targetHints":{"allow":["GET"]}}],"collection":[{"href":"https:\/\/clarityproject.de\/en\/wp-json\/wp\/v2\/product"}],"about":[{"href":"https:\/\/clarityproject.de\/en\/wp-json\/wp\/v2\/types\/product"}],"replies":[{"embeddable":true,"href":"https:\/\/clarityproject.de\/en\/wp-json\/wp\/v2\/comments?post=22013"}],"wp:featuredmedia":[{"embeddable":true,"href":"https:\/\/clarityproject.de\/en\/wp-json\/wp\/v2\/media\/22017"}],"wp:attachment":[{"href":"https:\/\/clarityproject.de\/en\/wp-json\/wp\/v2\/media?parent=22013"}],"wp:term":[{"taxonomy":"product_brand","embeddable":true,"href":"https:\/\/clarityproject.de\/en\/wp-json\/wp\/v2\/product_brand?post=22013"},{"taxonomy":"product_cat","embeddable":true,"href":"https:\/\/clarityproject.de\/en\/wp-json\/wp\/v2\/product_cat?post=22013"},{"taxonomy":"product_tag","embeddable":true,"href":"https:\/\/clarityproject.de\/en\/wp-json\/wp\/v2\/product_tag?post=22013"}],"curies":[{"name":"wp","href":"https:\/\/api.w.org\/{rel}","templated":true}]}}