{"id":21995,"date":"2021-12-09T09:50:50","date_gmt":"2021-12-09T08:50:50","guid":{"rendered":"https:\/\/clarityproject.de\/?post_type=product&#038;p=21995"},"modified":"2023-01-05T17:14:41","modified_gmt":"2023-01-05T16:14:41","slug":"fit-mit-fastenwandern","status":"publish","type":"product","link":"https:\/\/clarityproject.de\/en\/product\/fit-mit-fastenwandern\/","title":{"rendered":"Fit mit Fastenwandern"},"content":{"rendered":"<p><strong>Dieses Buch wird innerhalb Deutschlands portofrei versendet!<br \/>\n&#8220;Fit mit Fastenwandern bei Werners auf Sylt&#8221;<\/strong> ist der pers\u00f6nliche Ratgeber einer Expertin, die es wissen muss:<br \/>\nHeike Werner leitet seit 2004 das Fastenhaus auf Sylt und f\u00fchrt damit eine \u00fcber 25-j\u00e4hrige Fasten- Familientradition fort.<\/p>\n<p>Die Kombination aus Fasten und Bewegung an der frischen Luft ist eine hervorragende Gesundheitsvorsorge und unterst\u00fctzt die Heilung vieler Krankheiten. Mit einer achtsamen Vorbereitung und dem richtigen Begleitprogramm wird die Fastenzeit zu einer lebensver\u00e4ndernden Erfahrung.<\/p>\n<p>Heike Werner, die Fastenwander-Expertin von Sylt, schreibt in diesem Buch \u00fcber alle wichtigen Aspekte des Fastenwanderns und gibt viele pers\u00f6nliche Tipps \u2013 auch zu Deutschlands sch\u00f6nster Insel, Sylt.<br \/>\nDer ideale Ratgeber f\u00fcr jeden, der fasten m\u00f6chte; mit den besten Wanderrouten auf Sylt,<br \/>\nbeschrieben vom Insel-Experten Lothar Koch; und mit wundersch\u00f6nen Syltfotografien von Gernot Westendorf und originellen Illustrationen von Lynne Philipp\u00e9.<\/p>\n<p>In Fit mit Fastenwandern bei Werners auf Sylt hat Heike Werner ihre langj\u00e4hrige Erfahrung mit Tausenden von Fasteng\u00e4sten einflie\u00dfen lassen und zahlreiche Rezepte f\u00fcr die Nachfastenzeit beschrieben.<\/p>\n<p>Softcover<br \/>\n180 Seiten<br \/>\n67 Fotos<br \/>\n13 Illustrationen<br \/>\n2.Auflage 2022<\/p>\n<p>Erschienen im ClarityVerlag Dez. 2018<\/p>\n<p><strong>Versand im Inland (D) portofrei!<\/strong> (bitte im Bestellvorgang unter Versandoptionen portofrei w\u00e4hlen, bei Auslandbestellungen fallen Portokosten an).<\/p>\n<p>F\u00e4lschlicherweise \u00fcberwiesene Verpackung\/Portogeb\u00fchren\u00a0\u00fcberweisen wir wegen des Zeitaufwandes nur auf Ihre Anfrage zur\u00fcck. Danke f\u00fcr Ihr Verst\u00e4ndnis.<\/p>\n<p>&nbsp;<\/p>\n<p><strong>Inhalt<\/strong><\/p>\n<p>10 EINF\u00dcHRUNG<\/p>\n<p>11 Willkommen bei Fastenwandern Werner<\/p>\n<p>12 Warum fasten?<\/p>\n<p>17 Warum wandern?<\/p>\n<p>22 Fastenwandern am Meer<\/p>\n<p>26 Heikes f\u00fcnf Top-Gr\u00fcnde f\u00fcr die Fastenkur<\/p>\n<p>28 Ulla Werner \u2013 Interview<\/p>\n<p>mit der Fastenpionierin von Sylt<\/p>\n<p>30 FASTEN<\/p>\n<p>32 Unsere Fastenmethoden<\/p>\n<p>33 Das Fastenwandern<\/p>\n<p>35 Heilfasten nach Buchinger<\/p>\n<p>36 Basenfasten<\/p>\n<p>39 H\u00e4ufige Fragen zum Fasten<\/p>\n<p>44 Unser Fastenprogramm<\/p>\n<p>46 Die vier Phasen des Fastens \u2013 ein \u00dcberblick<\/p>\n<p>47 Die Planung<\/p>\n<p>48 Die Entlastungstage<\/p>\n<p>48 Tipps und Rezepte zur Fastenvorbereitung<\/p>\n<p>51 Entschleunigung des Alltags<\/p>\n<p>53 Die Fastentage<\/p>\n<p>54 Abf\u00fchren mit einem Einlauf<\/p>\n<p>56 Darmreinigung mit Bittersalz<\/p>\n<p>56 Sanfte Massage f\u00fcr den Darm<\/p>\n<p>58 Reichlich trinken<\/p>\n<p>59 Der warme Leberwickel<\/p>\n<p>59 Viel Bewegung<\/p>\n<p>60 \u00dcbung in Achtsamkeit<\/p>\n<p>63 Hunger oder Gel\u00fcste?<\/p>\n<p>66 Fasten bringt Ver\u00e4nderungen<\/p>\n<p>70 Fastenbrechen und Aufbautage<\/p>\n<p>76 Und nach der Fastenzeit?<\/p>\n<p>81 Heikes Rezepte f\u00fcr die Nachfastenzeit<\/p>\n<p>88 Intervallfasten und Vitaltage<\/p>\n<p>94 Alleine fasten<\/p>\n<p>97 Fastenbr\u00fche, Saft und Co<\/p>\n<p>100 WANDERN<\/p>\n<p>102 Die sch\u00f6nsten Wanderungen auf Sylt<\/p>\n<p>105 Tour 1: Vom Fastenhaus nach Rantum<\/p>\n<p>110 Tour 2: H\u00f6rnumer Wattseite und S\u00fcdspitze<\/p>\n<p>115 Tour 3: Vom Fastenhaus nach Kampen<\/p>\n<p>120 Tour 4: List und der hohe Norden<\/p>\n<p>125 Tour 5: \u00dcber Keitum nach Munkmarsch<\/p>\n<p>132 Das Schweigen beim Wandern<\/p>\n<p>134 GESUNDHEIT<\/p>\n<p>136 Fastenwandern in der Wissenschaft<\/p>\n<p>138 Intensive Gesundheitsf\u00f6rderung \u2013 Dr. med.<\/p>\n<p>G\u00fcnter Kirschke \u00fcber die Effekte des Fastens<\/p>\n<p>142 Ein Verdauungsm\u00e4rchen<\/p>\n<p>147 Die St\u00e4rke eines Apfels<\/p>\n<p>148 Mehr Variation durch Superfoods<\/p>\n<p>149 Darmgesundheit<\/p>\n<p>150 Wellness und Therapien<\/p>\n<p>152 SYLT<\/p>\n<p>154 Wissenswertes \u00fcber unsere Insel<\/p>\n<p>158 Sylter Zahlenspiele im \u00dcberblick<\/p>\n<p>160 Die Anreise \u2013 bequem und schnell nach Sylt<\/p>\n<p>162 Ein Urlaubsort f\u00fcr jede Jahreszeit<\/p>\n<p>164 Die ideale Fitness-Insel<\/p>\n<p>165 Heikes Empfehlungen f\u00fcr Sylt-G\u00e4ste<\/p>\n<p>167 Magisches Insel-Licht \u2013 Gernot Westendorf<\/p>\n<p>\u00fcber faszinierende Bildmotive auf Sylt<\/p>\n<p>170 Das Fastenhaus Werner<\/p>\n<p>172 Die Medien bei Fastenwandern Werner<\/p>\n<p>&nbsp;<\/p>\n<p>Pressemitteilung:<\/p>\n<p>Fastenwandern ist zu einem Trend geworden &#8211; jetzt gibt es das Buch dazu. Fastenwandern-Expertin Heike Werner schreibt in ihrem Ratgeber &#8220;Fit mit Fastenwandern &#8211; bei Werner\u2019s auf Sylt&#8221; (ClarityVerlag) \u00fcber alle wichtigen Bereiche des Fastenwanderns und gibt viele pers\u00f6nliche Tipps &#8211; auch \u00fcber Deutschlands sch\u00f6nste Insel Sylt. Das Buch spricht jeden an, der gerne fastet oder einmal das Fasten ausprobieren m\u00f6chte. Dar\u00fcber hinaus enth\u00e4lt das Buch f\u00fcnf ausgew\u00e4hlte Wanderrouten auf der Insel und viele Fotos und Illustrationen.<\/p>\n<p><b>Die besten Fasten- und Wandertipps, erstklassige Farbfotos, anregende Illustrationen<\/b><\/p>\n<p>Wer schlemmen und richtig geniessen will, sollte auch mal Fastentage im Jahr einplanen. Wer sich fit und gesund halten will, der ist mit regelm\u00e4ssiger Ents\u00e4uerung und Entgiftung gut beraten. Entgiften und geniessen &#8211; beides leistet eine Fastenwanderwoche auf unterhaltsame und angenehm unterst\u00fctzende Weise. Davon weiss Heike Werner in ihrem neuen Buch zu berichten, das jetzt im ClarityVerlag erschienen ist.<\/p>\n<p>Heike Werner ist <i>die <\/i>Fastenwandern-Expertin von Deutschland. Sie leitet seit 2004 das\u00a0 &#8220;Fastenhaus Werner&#8221; in Westerland\/Sylt. Nach einem Studium der Orientalistik in Hamburg ist die geb\u00fcrtige Sylterin wieder auf die Insel zur\u00fcckgekehrt. Mit 15 Jahren hat sie ihre erste Fastenerfahrung gemacht, und es geh\u00f6rt f\u00fcr sie zu einem gl\u00fccklichen und gesunden Leben dazu. Sie berichtet in ihrem Ratgeber \u00fcber alle Aspekte dieses wachsenden Fitness- und Gesundheits-Trends und gibt viele pers\u00f6nliche Tipps aus ihrer langj\u00e4hrigen Erfahrung als Leiterin eines Fastenhauses. Thematisiert wird Fasten nach Buchinger und Basenfasten im Rahmen einer Wanderwoche \u00fcber die Insel.<\/p>\n<p>Co-Autor Lothar Koch bereichert die lebendigen und handfesten Ausf\u00fchrungen Heike Werners mit f\u00fcnf detailliert beschriebenen Wanderrouten. Die Beobachtungen des Biologen bei der Begleitung von Fastenwandergruppen geben u.a. einen intensiven Eindruck vom Ablauf der gef\u00fchrten Inseltouren abseits kulinarischer Pfade. Sie erm\u00f6glichen es,\u00a0 auf Sylt ganz individuell und selbstst\u00e4ndig eine Fastenwanderwoche auf den sch\u00f6nsten Wegen\u00a0 durchzuf\u00fchren und\u00a0 nebenbei viel Interessantes \u00fcber die Insel zu erfahren.<\/p>\n<p>Das Buch &#8220;Fit mit Fastenwandern &#8211; bei Werner\u2019s auf Sylt&#8221;\u00a0 ist mit zahlreichen Fotos attraktiv illustriert,\u00a0 u.a. mit Landschaftsimpressionen des Sylter Fotografen Gernot Westendorf . Dazu kommen au\u00dfergew\u00f6hnliche Illustrationen der D\u00fcsseldorfer Designerin Lynne Philipp\u00e9. Ihre Wanderkarten sind nicht nur gute Orientierungshilfen beim Lesen der Wanderrouten, sondern auch Augenweiden f\u00fcr die Leserinnen.<\/p>\n<p>&nbsp;<\/p>\n","protected":false},"excerpt":{"rendered":"<div class=\"product-short-description\">\n<div class=\"product-short-description\">\n<div class=\"product-short-description\">Fit mit Fastenwandern bei Werners auf Sylt<br \/>\nEine tolle Einf\u00fchrung ins Fastenwandern und die Insel Sylt.<br \/>\n<strong>Dieses Buch wird innerhalb Deutschlands portofrei versendet!<\/strong><\/div>\n<\/div>\n<div class=\"addtocart-area\">\n<form class=\"product js-recalculate\" action=\"https:\/\/clarityverlag.de\/de\/shop\/edition-claritytalks\/buch-schrift\/tauchgaenge-detail.html#\" autocomplete=\"off\" method=\"post\">\n<div class=\"vm-customfields-wrap\">\n<div class=\"product-fields\">\n<div class=\"product-field product-field-type-A\">\n<div id=\"selEFN_chzn\" class=\"chzn-container chzn-container-single chzn-container-single-nosearch\"><\/div>\n<\/div>\n<\/div>\n<\/div>\n<\/form>\n<\/div>\n<\/div>\n","protected":false},"featured_media":21859,"comment_status":"open","ping_status":"closed","template":"","meta":[],"product_brand":[],"product_cat":[83,96],"product_tag":[90,91],"class_list":{"0":"post-21995","1":"product","2":"type-product","3":"status-publish","4":"has-post-thumbnail","6":"product_cat-buecher","7":"product_cat-claritycollection","8":"product_tag-deutsch","9":"product_tag-german","10":"sales-flash-overlay","11":"woocommerce-text-align-center","12":"woocommerce-image-align-center","13":"do-quantity-buttons","15":"first","16":"instock","17":"taxable","18":"shipping-taxable","19":"purchasable","20":"product-type-simple"},"yoast_head":"<!-- This site is optimized with the Yoast SEO plugin v27.3 - https:\/\/yoast.com\/product\/yoast-seo-wordpress\/ -->\n<title>Fit mit Fastenwandern - The Clarity Project\u00ae<\/title>\n<meta name=\"robots\" content=\"index, follow, max-snippet:-1, max-image-preview:large, max-video-preview:-1\" \/>\n<link rel=\"canonical\" href=\"https:\/\/clarityproject.de\/en\/product\/fit-mit-fastenwandern\/\" \/>\n<meta property=\"og:locale\" content=\"en_US\" \/>\n<meta property=\"og:type\" content=\"article\" \/>\n<meta property=\"og:title\" content=\"Fit mit Fastenwandern - The Clarity Project\u00ae\" \/>\n<meta property=\"og:description\" content=\"Fit mit Fastenwandern bei Werners auf Sylt Eine tolle Einf\u00fchrung ins Fastenwandern und die Insel Sylt. Dieses Buch wird innerhalb Deutschlands portofrei versendet!\" \/>\n<meta property=\"og:url\" content=\"https:\/\/clarityproject.de\/en\/product\/fit-mit-fastenwandern\/\" \/>\n<meta property=\"og:site_name\" content=\"The Clarity Project\u00ae\" \/>\n<meta property=\"article:modified_time\" content=\"2023-01-05T16:14:41+00:00\" \/>\n<meta property=\"og:image\" content=\"https:\/\/clarityproject.de\/wp-content\/uploads\/2021\/12\/Fastenbuch-titelbild.jpg\" \/>\n\t<meta property=\"og:image:width\" content=\"888\" \/>\n\t<meta property=\"og:image:height\" content=\"1332\" \/>\n\t<meta property=\"og:image:type\" content=\"image\/jpeg\" \/>\n<meta name=\"twitter:card\" content=\"summary_large_image\" \/>\n<meta name=\"twitter:label1\" content=\"Est. reading time\" \/>\n\t<meta name=\"twitter:data1\" content=\"5 minutes\" \/>\n<script type=\"application\/ld+json\" class=\"yoast-schema-graph\">{\"@context\":\"https:\\\/\\\/schema.org\",\"@graph\":[{\"@type\":\"WebPage\",\"@id\":\"https:\\\/\\\/clarityproject.de\\\/en\\\/product\\\/fit-mit-fastenwandern\\\/\",\"url\":\"https:\\\/\\\/clarityproject.de\\\/en\\\/product\\\/fit-mit-fastenwandern\\\/\",\"name\":\"Fit mit Fastenwandern - The Clarity Project\u00ae\",\"isPartOf\":{\"@id\":\"https:\\\/\\\/clarityproject.de\\\/en\\\/#website\"},\"primaryImageOfPage\":{\"@id\":\"https:\\\/\\\/clarityproject.de\\\/en\\\/product\\\/fit-mit-fastenwandern\\\/#primaryimage\"},\"image\":{\"@id\":\"https:\\\/\\\/clarityproject.de\\\/en\\\/product\\\/fit-mit-fastenwandern\\\/#primaryimage\"},\"thumbnailUrl\":\"https:\\\/\\\/clarityproject.de\\\/wp-content\\\/uploads\\\/2021\\\/12\\\/Fastenbuch-titelbild.jpg\",\"datePublished\":\"2021-12-09T08:50:50+00:00\",\"dateModified\":\"2023-01-05T16:14:41+00:00\",\"breadcrumb\":{\"@id\":\"https:\\\/\\\/clarityproject.de\\\/en\\\/product\\\/fit-mit-fastenwandern\\\/#breadcrumb\"},\"inLanguage\":\"en-US\",\"potentialAction\":[{\"@type\":\"ReadAction\",\"target\":[\"https:\\\/\\\/clarityproject.de\\\/en\\\/product\\\/fit-mit-fastenwandern\\\/\"]}]},{\"@type\":\"ImageObject\",\"inLanguage\":\"en-US\",\"@id\":\"https:\\\/\\\/clarityproject.de\\\/en\\\/product\\\/fit-mit-fastenwandern\\\/#primaryimage\",\"url\":\"https:\\\/\\\/clarityproject.de\\\/wp-content\\\/uploads\\\/2021\\\/12\\\/Fastenbuch-titelbild.jpg\",\"contentUrl\":\"https:\\\/\\\/clarityproject.de\\\/wp-content\\\/uploads\\\/2021\\\/12\\\/Fastenbuch-titelbild.jpg\",\"width\":888,\"height\":1332},{\"@type\":\"BreadcrumbList\",\"@id\":\"https:\\\/\\\/clarityproject.de\\\/en\\\/product\\\/fit-mit-fastenwandern\\\/#breadcrumb\",\"itemListElement\":[{\"@type\":\"ListItem\",\"position\":1,\"name\":\"Startseite\",\"item\":\"https:\\\/\\\/clarityproject.de\\\/en\\\/\"},{\"@type\":\"ListItem\",\"position\":2,\"name\":\"Shop\",\"item\":\"https:\\\/\\\/clarityproject.de\\\/en\\\/shop-2\\\/\"},{\"@type\":\"ListItem\",\"position\":3,\"name\":\"Fit mit Fastenwandern\"}]},{\"@type\":\"WebSite\",\"@id\":\"https:\\\/\\\/clarityproject.de\\\/en\\\/#website\",\"url\":\"https:\\\/\\\/clarityproject.de\\\/en\\\/\",\"name\":\"The Clarity Project\u00ae\",\"description\":\"\",\"publisher\":{\"@id\":\"https:\\\/\\\/clarityproject.de\\\/en\\\/#organization\"},\"potentialAction\":[{\"@type\":\"SearchAction\",\"target\":{\"@type\":\"EntryPoint\",\"urlTemplate\":\"https:\\\/\\\/clarityproject.de\\\/en\\\/?s={search_term_string}\"},\"query-input\":{\"@type\":\"PropertyValueSpecification\",\"valueRequired\":true,\"valueName\":\"search_term_string\"}}],\"inLanguage\":\"en-US\"},{\"@type\":\"Organization\",\"@id\":\"https:\\\/\\\/clarityproject.de\\\/en\\\/#organization\",\"name\":\"Clarity Project\",\"url\":\"https:\\\/\\\/clarityproject.de\\\/en\\\/\",\"logo\":{\"@type\":\"ImageObject\",\"inLanguage\":\"en-US\",\"@id\":\"https:\\\/\\\/clarityproject.de\\\/en\\\/#\\\/schema\\\/logo\\\/image\\\/\",\"url\":\"https:\\\/\\\/clarityproject.de\\\/wp-content\\\/uploads\\\/2021\\\/07\\\/logo-original-clarity.jpg\",\"contentUrl\":\"https:\\\/\\\/clarityproject.de\\\/wp-content\\\/uploads\\\/2021\\\/07\\\/logo-original-clarity.jpg\",\"width\":625,\"height\":899,\"caption\":\"Clarity Project\"},\"image\":{\"@id\":\"https:\\\/\\\/clarityproject.de\\\/en\\\/#\\\/schema\\\/logo\\\/image\\\/\"}}]}<\/script>\n<!-- \/ Yoast SEO plugin. -->","yoast_head_json":{"title":"Fit mit Fastenwandern - The Clarity Project\u00ae","robots":{"index":"index","follow":"follow","max-snippet":"max-snippet:-1","max-image-preview":"max-image-preview:large","max-video-preview":"max-video-preview:-1"},"canonical":"https:\/\/clarityproject.de\/en\/product\/fit-mit-fastenwandern\/","og_locale":"en_US","og_type":"article","og_title":"Fit mit Fastenwandern - The Clarity Project\u00ae","og_description":"Fit mit Fastenwandern bei Werners auf Sylt Eine tolle Einf\u00fchrung ins Fastenwandern und die Insel Sylt. Dieses Buch wird innerhalb Deutschlands portofrei versendet!","og_url":"https:\/\/clarityproject.de\/en\/product\/fit-mit-fastenwandern\/","og_site_name":"The Clarity Project\u00ae","article_modified_time":"2023-01-05T16:14:41+00:00","og_image":[{"width":888,"height":1332,"url":"https:\/\/clarityproject.de\/wp-content\/uploads\/2021\/12\/Fastenbuch-titelbild.jpg","type":"image\/jpeg"}],"twitter_card":"summary_large_image","twitter_misc":{"Est. reading time":"5 minutes"},"schema":{"@context":"https:\/\/schema.org","@graph":[{"@type":"WebPage","@id":"https:\/\/clarityproject.de\/en\/product\/fit-mit-fastenwandern\/","url":"https:\/\/clarityproject.de\/en\/product\/fit-mit-fastenwandern\/","name":"Fit mit Fastenwandern - The Clarity Project\u00ae","isPartOf":{"@id":"https:\/\/clarityproject.de\/en\/#website"},"primaryImageOfPage":{"@id":"https:\/\/clarityproject.de\/en\/product\/fit-mit-fastenwandern\/#primaryimage"},"image":{"@id":"https:\/\/clarityproject.de\/en\/product\/fit-mit-fastenwandern\/#primaryimage"},"thumbnailUrl":"https:\/\/clarityproject.de\/wp-content\/uploads\/2021\/12\/Fastenbuch-titelbild.jpg","datePublished":"2021-12-09T08:50:50+00:00","dateModified":"2023-01-05T16:14:41+00:00","breadcrumb":{"@id":"https:\/\/clarityproject.de\/en\/product\/fit-mit-fastenwandern\/#breadcrumb"},"inLanguage":"en-US","potentialAction":[{"@type":"ReadAction","target":["https:\/\/clarityproject.de\/en\/product\/fit-mit-fastenwandern\/"]}]},{"@type":"ImageObject","inLanguage":"en-US","@id":"https:\/\/clarityproject.de\/en\/product\/fit-mit-fastenwandern\/#primaryimage","url":"https:\/\/clarityproject.de\/wp-content\/uploads\/2021\/12\/Fastenbuch-titelbild.jpg","contentUrl":"https:\/\/clarityproject.de\/wp-content\/uploads\/2021\/12\/Fastenbuch-titelbild.jpg","width":888,"height":1332},{"@type":"BreadcrumbList","@id":"https:\/\/clarityproject.de\/en\/product\/fit-mit-fastenwandern\/#breadcrumb","itemListElement":[{"@type":"ListItem","position":1,"name":"Startseite","item":"https:\/\/clarityproject.de\/en\/"},{"@type":"ListItem","position":2,"name":"Shop","item":"https:\/\/clarityproject.de\/en\/shop-2\/"},{"@type":"ListItem","position":3,"name":"Fit mit Fastenwandern"}]},{"@type":"WebSite","@id":"https:\/\/clarityproject.de\/en\/#website","url":"https:\/\/clarityproject.de\/en\/","name":"The Clarity Project\u00ae","description":"","publisher":{"@id":"https:\/\/clarityproject.de\/en\/#organization"},"potentialAction":[{"@type":"SearchAction","target":{"@type":"EntryPoint","urlTemplate":"https:\/\/clarityproject.de\/en\/?s={search_term_string}"},"query-input":{"@type":"PropertyValueSpecification","valueRequired":true,"valueName":"search_term_string"}}],"inLanguage":"en-US"},{"@type":"Organization","@id":"https:\/\/clarityproject.de\/en\/#organization","name":"Clarity Project","url":"https:\/\/clarityproject.de\/en\/","logo":{"@type":"ImageObject","inLanguage":"en-US","@id":"https:\/\/clarityproject.de\/en\/#\/schema\/logo\/image\/","url":"https:\/\/clarityproject.de\/wp-content\/uploads\/2021\/07\/logo-original-clarity.jpg","contentUrl":"https:\/\/clarityproject.de\/wp-content\/uploads\/2021\/07\/logo-original-clarity.jpg","width":625,"height":899,"caption":"Clarity Project"},"image":{"@id":"https:\/\/clarityproject.de\/en\/#\/schema\/logo\/image\/"}}]}},"jetpack_sharing_enabled":true,"_links":{"self":[{"href":"https:\/\/clarityproject.de\/en\/wp-json\/wp\/v2\/product\/21995","targetHints":{"allow":["GET"]}}],"collection":[{"href":"https:\/\/clarityproject.de\/en\/wp-json\/wp\/v2\/product"}],"about":[{"href":"https:\/\/clarityproject.de\/en\/wp-json\/wp\/v2\/types\/product"}],"replies":[{"embeddable":true,"href":"https:\/\/clarityproject.de\/en\/wp-json\/wp\/v2\/comments?post=21995"}],"wp:featuredmedia":[{"embeddable":true,"href":"https:\/\/clarityproject.de\/en\/wp-json\/wp\/v2\/media\/21859"}],"wp:attachment":[{"href":"https:\/\/clarityproject.de\/en\/wp-json\/wp\/v2\/media?parent=21995"}],"wp:term":[{"taxonomy":"product_brand","embeddable":true,"href":"https:\/\/clarityproject.de\/en\/wp-json\/wp\/v2\/product_brand?post=21995"},{"taxonomy":"product_cat","embeddable":true,"href":"https:\/\/clarityproject.de\/en\/wp-json\/wp\/v2\/product_cat?post=21995"},{"taxonomy":"product_tag","embeddable":true,"href":"https:\/\/clarityproject.de\/en\/wp-json\/wp\/v2\/product_tag?post=21995"}],"curies":[{"name":"wp","href":"https:\/\/api.w.org\/{rel}","templated":true}]}}