{"id":21994,"date":"2021-12-09T09:47:23","date_gmt":"2021-12-09T08:47:23","guid":{"rendered":"https:\/\/clarityproject.de\/?post_type=product&#038;p=21994"},"modified":"2023-12-14T09:47:21","modified_gmt":"2023-12-14T08:47:21","slug":"die-insel-der-delfine","status":"publish","type":"product","link":"https:\/\/clarityproject.de\/en\/product\/die-insel-der-delfine\/","title":{"rendered":"Die Insel der Delfine"},"content":{"rendered":"<p>Das ClarityProject nutzt seit Beginn Delfine in B\u00fcchern und auf Covern als Symbole f\u00fcr Sch\u00f6nheit, Lebendigkeit, Unbeschwertheit und Freiheit. Mit der Herausgabe dieses Buches m\u00f6chten wir den Walen und Delfinen unsere Dankbarkeit zur\u00fcckgeben.<\/p>\n<p><strong><i>Begegnungen auf dem Meer vor La Gomera<\/i><\/strong><\/p>\n<p><strong>Die Insel der Delfine \u00a0\u2013 gebundene Ausgabe<br \/>\n<\/strong><\/p>\n<p>Bildband und Forscher- Geschichten von Fabian Ritter<\/p>\n<p>Die Faszination der Wale und Delfine geht wohl vor allem von der Magie des Augenblicks aus, in die uns diese hochentwickelten Tiere bei einer Begegnung auf dem Meer hinein katapultieren. Die Eleganz, \u00c4sthetik und Lebendigkeit, mit der sich Delfine zeigen, die Gr\u00f6\u00dfe, Ruhe und Gelassenheit der Wale, erfasst augenblicklich unsere volle Aufmerksamkeit. Wir h\u00f6ren f\u00fcr einen Moment auf, \u00fcber Dinge nachzudenken, die hier und jetzt keine Bedeutung haben und werden ganz in das Erleben hinein gezogen. Das ist wahre Meditation!<br \/>\n(Aus dem Vorwort von Lothar Nishkam Koch)<\/p>\n<p><strong>Ein Euro pro Verkauftem Buch geht an die Meeresschutzorganisation <a href=\"https:\/\/m-e-e-r.de\" target=\"_blank\" rel=\"noopener\">M.E.E.R. e.V.<\/a><\/strong><\/p>\n","protected":false},"excerpt":{"rendered":"<div class=\"product-short-description\">\n<div class=\"product-short-description\">\n<div class=\"product-short-description\">Die Insel der Delfine &#8211; sanfte Begegnungen mit Walen vor La Gomera<br \/>\ngebundene Ausgabe- 1 Euro f\u00fcr den Meeresschutz.<\/div>\n<div class=\"addtocart-area\">\n<form class=\"product js-recalculate\" action=\"https:\/\/clarityverlag.de\/de\/shop\/edition-claritycollection\/die-insel-der-delfine-gebundene-ausgabe-detail.html#\" autocomplete=\"off\" method=\"post\">\n<div class=\"vm-customfields-wrap\"><\/div>\n<\/form>\n<\/div>\n<\/div>\n<div class=\"addtocart-area\">\n<form class=\"product js-recalculate\" action=\"https:\/\/clarityverlag.de\/de\/shop\/edition-claritytalks\/buch-schrift\/tauchgaenge-detail.html#\" autocomplete=\"off\" method=\"post\">\n<div class=\"vm-customfields-wrap\">\n<div class=\"product-fields\">\n<div class=\"product-field product-field-type-A\">\n<div id=\"selEFN_chzn\" class=\"chzn-container chzn-container-single chzn-container-single-nosearch\"><\/div>\n<\/div>\n<\/div>\n<\/div>\n<\/form>\n<\/div>\n<\/div>\n","protected":false},"featured_media":22369,"comment_status":"open","ping_status":"closed","template":"","meta":[],"product_brand":[],"product_cat":[96,83],"product_tag":[90,91],"class_list":{"0":"post-21994","1":"product","2":"type-product","3":"status-publish","4":"has-post-thumbnail","6":"product_cat-claritycollection","7":"product_cat-buecher","8":"product_tag-deutsch","9":"product_tag-german","10":"sales-flash-overlay","11":"woocommerce-text-align-center","12":"woocommerce-image-align-center","13":"do-quantity-buttons","15":"first","16":"instock","17":"taxable","18":"shipping-taxable","19":"purchasable","20":"product-type-simple"},"jetpack_sharing_enabled":true,"_links":{"self":[{"href":"https:\/\/clarityproject.de\/en\/wp-json\/wp\/v2\/product\/21994","targetHints":{"allow":["GET"]}}],"collection":[{"href":"https:\/\/clarityproject.de\/en\/wp-json\/wp\/v2\/product"}],"about":[{"href":"https:\/\/clarityproject.de\/en\/wp-json\/wp\/v2\/types\/product"}],"replies":[{"embeddable":true,"href":"https:\/\/clarityproject.de\/en\/wp-json\/wp\/v2\/comments?post=21994"}],"wp:featuredmedia":[{"embeddable":true,"href":"https:\/\/clarityproject.de\/en\/wp-json\/wp\/v2\/media\/22369"}],"wp:attachment":[{"href":"https:\/\/clarityproject.de\/en\/wp-json\/wp\/v2\/media?parent=21994"}],"wp:term":[{"taxonomy":"product_brand","embeddable":true,"href":"https:\/\/clarityproject.de\/en\/wp-json\/wp\/v2\/product_brand?post=21994"},{"taxonomy":"product_cat","embeddable":true,"href":"https:\/\/clarityproject.de\/en\/wp-json\/wp\/v2\/product_cat?post=21994"},{"taxonomy":"product_tag","embeddable":true,"href":"https:\/\/clarityproject.de\/en\/wp-json\/wp\/v2\/product_tag?post=21994"}],"curies":[{"name":"wp","href":"https:\/\/api.w.org\/{rel}","templated":true}]}}