{"id":21973,"date":"2021-12-08T17:57:31","date_gmt":"2021-12-08T16:57:31","guid":{"rendered":"https:\/\/clarityproject.de\/?post_type=product&#038;p=21973"},"modified":"2022-06-25T17:05:57","modified_gmt":"2022-06-25T15:05:57","slug":"weckrufe","status":"publish","type":"product","link":"https:\/\/clarityproject.de\/en\/product\/weckrufe\/","title":{"rendered":"Weckrufe"},"content":{"rendered":"<p>In der Ebookversion Sammelband II &#8220;Weckrufe&#8221; sind sechs Originalvortr\u00e4ge von Jeru Kabbal in Deutsche \u00fcbersetzt worden, die sich \u00fcberwiegend mit dem Thema &#8220;Aufwachen&#8221; befassen. Jeru beschreibt auf seine einzigartig einfache und treffende Weise &#8220;wie die Dinge sind&#8221; und wie man aus dem metaphysischen Traum unserer Alltagsrealit\u00e4t erwachen kann.<\/p>\n<p>Herausgegeben zum 80. Geburtstag (20.3.2010)<br \/>\nvon Jeru Kabbal<\/p>\n<p>Mit einem Vorwort von Dr. Stephan Hagen, W\u00fcrzburg<\/p>\n<p>Mit Natur-Fotos von Nishkam Koch<\/p>\n<p>&nbsp;<\/p>\n<p>Alle\u00a0 Texte wurden anl\u00e4sslich spontaner Vortr\u00e4ge von Jeru Kabbal im Rahmen von Clarity Process Workshops des Instituts for acceleratet personal transformation (APT) aufgezeichnet und aus dem Amerikanischen \u00fcbersetzt.<\/p>\n","protected":false},"excerpt":{"rendered":"<div class=\"product-short-description\">\n<div class=\"product-short-description\">Sammelband II: Sechs original Vortr\u00e4ge von Jeru Kabbal in deutsch.<\/div>\n<div class=\"addtocart-area\">\n<form class=\"product js-recalculate\" action=\"https:\/\/clarityverlag.de\/de\/shop\/edition-claritytalks\/buch-schrift\/tauchgaenge-detail.html#\" autocomplete=\"off\" method=\"post\">\n<div class=\"vm-customfields-wrap\">\n<div class=\"product-fields\">\n<div class=\"product-field product-field-type-A\">\n<div id=\"selEFN_chzn\" class=\"chzn-container chzn-container-single chzn-container-single-nosearch\"><\/div>\n<\/div>\n<\/div>\n<\/div>\n<\/form>\n<\/div>\n<\/div>\n","protected":false},"featured_media":21883,"comment_status":"open","ping_status":"closed","template":"","meta":[],"product_brand":[],"product_cat":[83,95],"product_tag":[90,91],"class_list":{"0":"post-21973","1":"product","2":"type-product","3":"status-publish","4":"has-post-thumbnail","6":"product_cat-buecher","7":"product_cat-claritytalks","8":"product_tag-deutsch","9":"product_tag-german","10":"sales-flash-overlay","11":"woocommerce-text-align-center","12":"woocommerce-image-align-center","13":"do-quantity-buttons","14":"wc-has-gallery","16":"first","17":"instock","18":"downloadable","19":"virtual","20":"taxable","21":"purchasable","22":"product-type-simple"},"yoast_head":"<!-- This site is optimized with the Yoast SEO plugin v27.3 - https:\/\/yoast.com\/product\/yoast-seo-wordpress\/ -->\n<title>Weckrufe - The Clarity Project\u00ae<\/title>\n<meta name=\"robots\" content=\"index, follow, max-snippet:-1, max-image-preview:large, max-video-preview:-1\" \/>\n<link rel=\"canonical\" href=\"https:\/\/clarityproject.de\/en\/product\/weckrufe\/\" \/>\n<meta property=\"og:locale\" content=\"en_US\" \/>\n<meta property=\"og:type\" content=\"article\" \/>\n<meta property=\"og:title\" content=\"Weckrufe - The Clarity Project\u00ae\" \/>\n<meta property=\"og:description\" content=\"Sammelband II: Sechs original Vortr\u00e4ge von Jeru Kabbal in deutsch.\" \/>\n<meta property=\"og:url\" content=\"https:\/\/clarityproject.de\/en\/product\/weckrufe\/\" \/>\n<meta property=\"og:site_name\" content=\"The Clarity Project\u00ae\" \/>\n<meta property=\"article:modified_time\" content=\"2022-06-25T15:05:57+00:00\" \/>\n<meta property=\"og:image\" content=\"https:\/\/clarityproject.de\/wp-content\/uploads\/2021\/12\/image-10.jpeg\" \/>\n\t<meta property=\"og:image:width\" content=\"400\" \/>\n\t<meta property=\"og:image:height\" content=\"400\" \/>\n\t<meta property=\"og:image:type\" content=\"image\/jpeg\" \/>\n<meta name=\"twitter:card\" content=\"summary_large_image\" \/>\n<meta name=\"twitter:label1\" content=\"Est. reading time\" \/>\n\t<meta name=\"twitter:data1\" content=\"1 minute\" \/>\n<script type=\"application\/ld+json\" class=\"yoast-schema-graph\">{\"@context\":\"https:\\\/\\\/schema.org\",\"@graph\":[{\"@type\":\"WebPage\",\"@id\":\"https:\\\/\\\/clarityproject.de\\\/en\\\/product\\\/weckrufe\\\/\",\"url\":\"https:\\\/\\\/clarityproject.de\\\/en\\\/product\\\/weckrufe\\\/\",\"name\":\"Weckrufe - The Clarity Project\u00ae\",\"isPartOf\":{\"@id\":\"https:\\\/\\\/clarityproject.de\\\/en\\\/#website\"},\"primaryImageOfPage\":{\"@id\":\"https:\\\/\\\/clarityproject.de\\\/en\\\/product\\\/weckrufe\\\/#primaryimage\"},\"image\":{\"@id\":\"https:\\\/\\\/clarityproject.de\\\/en\\\/product\\\/weckrufe\\\/#primaryimage\"},\"thumbnailUrl\":\"https:\\\/\\\/clarityproject.de\\\/wp-content\\\/uploads\\\/2021\\\/12\\\/image-10.jpeg\",\"datePublished\":\"2021-12-08T16:57:31+00:00\",\"dateModified\":\"2022-06-25T15:05:57+00:00\",\"breadcrumb\":{\"@id\":\"https:\\\/\\\/clarityproject.de\\\/en\\\/product\\\/weckrufe\\\/#breadcrumb\"},\"inLanguage\":\"en-US\",\"potentialAction\":[{\"@type\":\"ReadAction\",\"target\":[\"https:\\\/\\\/clarityproject.de\\\/en\\\/product\\\/weckrufe\\\/\"]}]},{\"@type\":\"ImageObject\",\"inLanguage\":\"en-US\",\"@id\":\"https:\\\/\\\/clarityproject.de\\\/en\\\/product\\\/weckrufe\\\/#primaryimage\",\"url\":\"https:\\\/\\\/clarityproject.de\\\/wp-content\\\/uploads\\\/2021\\\/12\\\/image-10.jpeg\",\"contentUrl\":\"https:\\\/\\\/clarityproject.de\\\/wp-content\\\/uploads\\\/2021\\\/12\\\/image-10.jpeg\",\"width\":400,\"height\":400},{\"@type\":\"BreadcrumbList\",\"@id\":\"https:\\\/\\\/clarityproject.de\\\/en\\\/product\\\/weckrufe\\\/#breadcrumb\",\"itemListElement\":[{\"@type\":\"ListItem\",\"position\":1,\"name\":\"Startseite\",\"item\":\"https:\\\/\\\/clarityproject.de\\\/en\\\/\"},{\"@type\":\"ListItem\",\"position\":2,\"name\":\"Shop\",\"item\":\"https:\\\/\\\/clarityproject.de\\\/en\\\/shop-2\\\/\"},{\"@type\":\"ListItem\",\"position\":3,\"name\":\"Weckrufe\"}]},{\"@type\":\"WebSite\",\"@id\":\"https:\\\/\\\/clarityproject.de\\\/en\\\/#website\",\"url\":\"https:\\\/\\\/clarityproject.de\\\/en\\\/\",\"name\":\"The Clarity Project\u00ae\",\"description\":\"\",\"publisher\":{\"@id\":\"https:\\\/\\\/clarityproject.de\\\/en\\\/#organization\"},\"potentialAction\":[{\"@type\":\"SearchAction\",\"target\":{\"@type\":\"EntryPoint\",\"urlTemplate\":\"https:\\\/\\\/clarityproject.de\\\/en\\\/?s={search_term_string}\"},\"query-input\":{\"@type\":\"PropertyValueSpecification\",\"valueRequired\":true,\"valueName\":\"search_term_string\"}}],\"inLanguage\":\"en-US\"},{\"@type\":\"Organization\",\"@id\":\"https:\\\/\\\/clarityproject.de\\\/en\\\/#organization\",\"name\":\"Clarity Project\",\"url\":\"https:\\\/\\\/clarityproject.de\\\/en\\\/\",\"logo\":{\"@type\":\"ImageObject\",\"inLanguage\":\"en-US\",\"@id\":\"https:\\\/\\\/clarityproject.de\\\/en\\\/#\\\/schema\\\/logo\\\/image\\\/\",\"url\":\"https:\\\/\\\/clarityproject.de\\\/wp-content\\\/uploads\\\/2021\\\/07\\\/logo-original-clarity.jpg\",\"contentUrl\":\"https:\\\/\\\/clarityproject.de\\\/wp-content\\\/uploads\\\/2021\\\/07\\\/logo-original-clarity.jpg\",\"width\":625,\"height\":899,\"caption\":\"Clarity Project\"},\"image\":{\"@id\":\"https:\\\/\\\/clarityproject.de\\\/en\\\/#\\\/schema\\\/logo\\\/image\\\/\"}}]}<\/script>\n<!-- \/ Yoast SEO plugin. -->","yoast_head_json":{"title":"Weckrufe - The Clarity Project\u00ae","robots":{"index":"index","follow":"follow","max-snippet":"max-snippet:-1","max-image-preview":"max-image-preview:large","max-video-preview":"max-video-preview:-1"},"canonical":"https:\/\/clarityproject.de\/en\/product\/weckrufe\/","og_locale":"en_US","og_type":"article","og_title":"Weckrufe - The Clarity Project\u00ae","og_description":"Sammelband II: Sechs original Vortr\u00e4ge von Jeru Kabbal in deutsch.","og_url":"https:\/\/clarityproject.de\/en\/product\/weckrufe\/","og_site_name":"The Clarity Project\u00ae","article_modified_time":"2022-06-25T15:05:57+00:00","og_image":[{"width":400,"height":400,"url":"https:\/\/clarityproject.de\/wp-content\/uploads\/2021\/12\/image-10.jpeg","type":"image\/jpeg"}],"twitter_card":"summary_large_image","twitter_misc":{"Est. reading time":"1 minute"},"schema":{"@context":"https:\/\/schema.org","@graph":[{"@type":"WebPage","@id":"https:\/\/clarityproject.de\/en\/product\/weckrufe\/","url":"https:\/\/clarityproject.de\/en\/product\/weckrufe\/","name":"Weckrufe - The Clarity Project\u00ae","isPartOf":{"@id":"https:\/\/clarityproject.de\/en\/#website"},"primaryImageOfPage":{"@id":"https:\/\/clarityproject.de\/en\/product\/weckrufe\/#primaryimage"},"image":{"@id":"https:\/\/clarityproject.de\/en\/product\/weckrufe\/#primaryimage"},"thumbnailUrl":"https:\/\/clarityproject.de\/wp-content\/uploads\/2021\/12\/image-10.jpeg","datePublished":"2021-12-08T16:57:31+00:00","dateModified":"2022-06-25T15:05:57+00:00","breadcrumb":{"@id":"https:\/\/clarityproject.de\/en\/product\/weckrufe\/#breadcrumb"},"inLanguage":"en-US","potentialAction":[{"@type":"ReadAction","target":["https:\/\/clarityproject.de\/en\/product\/weckrufe\/"]}]},{"@type":"ImageObject","inLanguage":"en-US","@id":"https:\/\/clarityproject.de\/en\/product\/weckrufe\/#primaryimage","url":"https:\/\/clarityproject.de\/wp-content\/uploads\/2021\/12\/image-10.jpeg","contentUrl":"https:\/\/clarityproject.de\/wp-content\/uploads\/2021\/12\/image-10.jpeg","width":400,"height":400},{"@type":"BreadcrumbList","@id":"https:\/\/clarityproject.de\/en\/product\/weckrufe\/#breadcrumb","itemListElement":[{"@type":"ListItem","position":1,"name":"Startseite","item":"https:\/\/clarityproject.de\/en\/"},{"@type":"ListItem","position":2,"name":"Shop","item":"https:\/\/clarityproject.de\/en\/shop-2\/"},{"@type":"ListItem","position":3,"name":"Weckrufe"}]},{"@type":"WebSite","@id":"https:\/\/clarityproject.de\/en\/#website","url":"https:\/\/clarityproject.de\/en\/","name":"The Clarity Project\u00ae","description":"","publisher":{"@id":"https:\/\/clarityproject.de\/en\/#organization"},"potentialAction":[{"@type":"SearchAction","target":{"@type":"EntryPoint","urlTemplate":"https:\/\/clarityproject.de\/en\/?s={search_term_string}"},"query-input":{"@type":"PropertyValueSpecification","valueRequired":true,"valueName":"search_term_string"}}],"inLanguage":"en-US"},{"@type":"Organization","@id":"https:\/\/clarityproject.de\/en\/#organization","name":"Clarity Project","url":"https:\/\/clarityproject.de\/en\/","logo":{"@type":"ImageObject","inLanguage":"en-US","@id":"https:\/\/clarityproject.de\/en\/#\/schema\/logo\/image\/","url":"https:\/\/clarityproject.de\/wp-content\/uploads\/2021\/07\/logo-original-clarity.jpg","contentUrl":"https:\/\/clarityproject.de\/wp-content\/uploads\/2021\/07\/logo-original-clarity.jpg","width":625,"height":899,"caption":"Clarity Project"},"image":{"@id":"https:\/\/clarityproject.de\/en\/#\/schema\/logo\/image\/"}}]}},"jetpack_sharing_enabled":true,"_links":{"self":[{"href":"https:\/\/clarityproject.de\/en\/wp-json\/wp\/v2\/product\/21973","targetHints":{"allow":["GET"]}}],"collection":[{"href":"https:\/\/clarityproject.de\/en\/wp-json\/wp\/v2\/product"}],"about":[{"href":"https:\/\/clarityproject.de\/en\/wp-json\/wp\/v2\/types\/product"}],"replies":[{"embeddable":true,"href":"https:\/\/clarityproject.de\/en\/wp-json\/wp\/v2\/comments?post=21973"}],"wp:featuredmedia":[{"embeddable":true,"href":"https:\/\/clarityproject.de\/en\/wp-json\/wp\/v2\/media\/21883"}],"wp:attachment":[{"href":"https:\/\/clarityproject.de\/en\/wp-json\/wp\/v2\/media?parent=21973"}],"wp:term":[{"taxonomy":"product_brand","embeddable":true,"href":"https:\/\/clarityproject.de\/en\/wp-json\/wp\/v2\/product_brand?post=21973"},{"taxonomy":"product_cat","embeddable":true,"href":"https:\/\/clarityproject.de\/en\/wp-json\/wp\/v2\/product_cat?post=21973"},{"taxonomy":"product_tag","embeddable":true,"href":"https:\/\/clarityproject.de\/en\/wp-json\/wp\/v2\/product_tag?post=21973"}],"curies":[{"name":"wp","href":"https:\/\/api.w.org\/{rel}","templated":true}]}}