{"id":21970,"date":"2021-12-08T17:50:27","date_gmt":"2021-12-08T16:50:27","guid":{"rendered":"https:\/\/clarityproject.de\/?post_type=product&#038;p=21970"},"modified":"2023-08-16T17:44:57","modified_gmt":"2023-08-16T15:44:57","slug":"tauchgaenge","status":"publish","type":"product","link":"https:\/\/clarityproject.de\/en\/product\/tauchgaenge\/","title":{"rendered":"Tauchg\u00e4nge"},"content":{"rendered":"<p><strong>ClarityTalks, deutsch, Sammelband I<\/strong><br \/>\ngebundene Ausgabe mit Leseband- ideal auch zum Verschenken!<\/p>\n<p>Dieses Buch k\u00f6nnen Sie auch als eBook-Ausgabe bekommen. Der Mystiker und Psychotherapeut Jeru Kabbal entwickelte den transpersonalen Wachstumsweg ClarityProcess<sup>\u00ae<\/sup> im Laufe von drei\u00dfig Jahren Praxis. Er lehrte den Gruppenprozess in den USA, in Europa und Asien. Kabbal wurde bekannt als Begr\u00fcnder der Dehypnotherapie und kreierte die Atemmeditation Quantum Light Breath. In Tauchg\u00e4nge sind sechs seiner brillanten<strong> Seminarvortr\u00e4ge (Satsangs) <\/strong>zu Themen wie Arbeit mit dem Unterbewusstsein, Abbau von Blockaden, Ausstieg aus dem Hamsterrad, W\u00fcnschen &amp; Manifestieren, Liebe, Sex &amp; Beziehung und Erleuchtung in Deutsch zusammengestellt worden. Mit Natur-Fotos (Wale und Delphine) von Nishkam Koch<\/p>\n<p>&nbsp;<\/p>\n<p><strong>Beim Kauf des Buches erhalten Sie das Ebook gratis dazu!<\/strong><\/p>\n","protected":false},"excerpt":{"rendered":"<div class=\"product-short-description\">\n<div class=\"product-short-description\">Sammelband I: Sechs original Vortr\u00e4ge von Jeru Kabbal in deutsch. Gebundene Ausgabe und Ebook<\/div>\n<div class=\"addtocart-area\">\n<form class=\"product js-recalculate\" action=\"https:\/\/clarityverlag.de\/de\/shop\/edition-claritytalks\/buch-schrift\/tauchgaenge-detail.html#\" autocomplete=\"off\" method=\"post\">\n<div class=\"vm-customfields-wrap\">\n<div class=\"product-fields\">\n<div class=\"product-field product-field-type-A\">\n<div id=\"selEFN_chzn\" class=\"chzn-container chzn-container-single chzn-container-single-nosearch\"><\/div>\n<\/div>\n<\/div>\n<\/div>\n<\/form>\n<\/div>\n<\/div>\n","protected":false},"featured_media":21861,"comment_status":"open","ping_status":"closed","template":"","meta":[],"product_brand":[],"product_cat":[102,104],"product_tag":[114,116],"class_list":{"0":"post-21970","1":"product","2":"type-product","3":"status-publish","4":"has-post-thumbnail","6":"product_cat-ebooks","7":"product_cat-claritytalks-en","8":"product_tag-german-en","9":"product_tag-german-en-2","10":"sales-flash-overlay","11":"woocommerce-text-align-center","12":"woocommerce-image-align-center","13":"do-quantity-buttons","15":"first","16":"instock","17":"sale","18":"taxable","19":"shipping-taxable","20":"purchasable","21":"product-type-variable"},"yoast_head":"<!-- This site is optimized with the Yoast SEO plugin v27.4 - https:\/\/yoast.com\/product\/yoast-seo-wordpress\/ -->\n<title>Tauchg\u00e4nge - The Clarity Project\u00ae<\/title>\n<meta name=\"robots\" content=\"index, follow, max-snippet:-1, max-image-preview:large, max-video-preview:-1\" \/>\n<link rel=\"canonical\" href=\"https:\/\/clarityproject.de\/en\/product\/tauchgaenge\/\" \/>\n<meta property=\"og:locale\" content=\"en_US\" \/>\n<meta property=\"og:type\" content=\"article\" \/>\n<meta property=\"og:title\" content=\"Tauchg\u00e4nge - The Clarity Project\u00ae\" \/>\n<meta property=\"og:description\" content=\"Sammelband I: Sechs original Vortr\u00e4ge von Jeru Kabbal in deutsch. Gebundene Ausgabe und Ebook\" \/>\n<meta property=\"og:url\" content=\"https:\/\/clarityproject.de\/en\/product\/tauchgaenge\/\" \/>\n<meta property=\"og:site_name\" content=\"The Clarity Project\u00ae\" \/>\n<meta property=\"article:modified_time\" content=\"2023-08-16T15:44:57+00:00\" \/>\n<meta property=\"og:image\" content=\"https:\/\/clarityproject.de\/wp-content\/uploads\/2021\/12\/Tauchgaenge-mockup-Kopie.jpg\" \/>\n\t<meta property=\"og:image:width\" content=\"2100\" \/>\n\t<meta property=\"og:image:height\" content=\"1400\" \/>\n\t<meta property=\"og:image:type\" content=\"image\/jpeg\" \/>\n<meta name=\"twitter:card\" content=\"summary_large_image\" \/>\n<meta name=\"twitter:label1\" content=\"Est. reading time\" \/>\n\t<meta name=\"twitter:data1\" content=\"1 minute\" \/>\n<script type=\"application\/ld+json\" class=\"yoast-schema-graph\">{\"@context\":\"https:\\\/\\\/schema.org\",\"@graph\":[{\"@type\":\"WebPage\",\"@id\":\"https:\\\/\\\/clarityproject.de\\\/en\\\/product\\\/tauchgaenge\\\/\",\"url\":\"https:\\\/\\\/clarityproject.de\\\/en\\\/product\\\/tauchgaenge\\\/\",\"name\":\"Tauchg\u00e4nge - The Clarity Project\u00ae\",\"isPartOf\":{\"@id\":\"https:\\\/\\\/clarityproject.de\\\/en\\\/#website\"},\"primaryImageOfPage\":{\"@id\":\"https:\\\/\\\/clarityproject.de\\\/en\\\/product\\\/tauchgaenge\\\/#primaryimage\"},\"image\":{\"@id\":\"https:\\\/\\\/clarityproject.de\\\/en\\\/product\\\/tauchgaenge\\\/#primaryimage\"},\"thumbnailUrl\":\"https:\\\/\\\/clarityproject.de\\\/wp-content\\\/uploads\\\/2021\\\/12\\\/Tauchgaenge-mockup-Kopie.jpg\",\"datePublished\":\"2021-12-08T16:50:27+00:00\",\"dateModified\":\"2023-08-16T15:44:57+00:00\",\"breadcrumb\":{\"@id\":\"https:\\\/\\\/clarityproject.de\\\/en\\\/product\\\/tauchgaenge\\\/#breadcrumb\"},\"inLanguage\":\"en-US\",\"potentialAction\":[{\"@type\":\"ReadAction\",\"target\":[\"https:\\\/\\\/clarityproject.de\\\/en\\\/product\\\/tauchgaenge\\\/\"]}]},{\"@type\":\"ImageObject\",\"inLanguage\":\"en-US\",\"@id\":\"https:\\\/\\\/clarityproject.de\\\/en\\\/product\\\/tauchgaenge\\\/#primaryimage\",\"url\":\"https:\\\/\\\/clarityproject.de\\\/wp-content\\\/uploads\\\/2021\\\/12\\\/Tauchgaenge-mockup-Kopie.jpg\",\"contentUrl\":\"https:\\\/\\\/clarityproject.de\\\/wp-content\\\/uploads\\\/2021\\\/12\\\/Tauchgaenge-mockup-Kopie.jpg\",\"width\":2100,\"height\":1400},{\"@type\":\"BreadcrumbList\",\"@id\":\"https:\\\/\\\/clarityproject.de\\\/en\\\/product\\\/tauchgaenge\\\/#breadcrumb\",\"itemListElement\":[{\"@type\":\"ListItem\",\"position\":1,\"name\":\"Startseite\",\"item\":\"https:\\\/\\\/clarityproject.de\\\/en\\\/\"},{\"@type\":\"ListItem\",\"position\":2,\"name\":\"Shop\",\"item\":\"https:\\\/\\\/clarityproject.de\\\/en\\\/shop-2\\\/\"},{\"@type\":\"ListItem\",\"position\":3,\"name\":\"Tauchg\u00e4nge\"}]},{\"@type\":\"WebSite\",\"@id\":\"https:\\\/\\\/clarityproject.de\\\/en\\\/#website\",\"url\":\"https:\\\/\\\/clarityproject.de\\\/en\\\/\",\"name\":\"The Clarity Project\u00ae\",\"description\":\"\",\"publisher\":{\"@id\":\"https:\\\/\\\/clarityproject.de\\\/en\\\/#organization\"},\"potentialAction\":[{\"@type\":\"SearchAction\",\"target\":{\"@type\":\"EntryPoint\",\"urlTemplate\":\"https:\\\/\\\/clarityproject.de\\\/en\\\/?s={search_term_string}\"},\"query-input\":{\"@type\":\"PropertyValueSpecification\",\"valueRequired\":true,\"valueName\":\"search_term_string\"}}],\"inLanguage\":\"en-US\"},{\"@type\":\"Organization\",\"@id\":\"https:\\\/\\\/clarityproject.de\\\/en\\\/#organization\",\"name\":\"Clarity Project\",\"url\":\"https:\\\/\\\/clarityproject.de\\\/en\\\/\",\"logo\":{\"@type\":\"ImageObject\",\"inLanguage\":\"en-US\",\"@id\":\"https:\\\/\\\/clarityproject.de\\\/en\\\/#\\\/schema\\\/logo\\\/image\\\/\",\"url\":\"https:\\\/\\\/clarityproject.de\\\/wp-content\\\/uploads\\\/2021\\\/07\\\/logo-original-clarity.jpg\",\"contentUrl\":\"https:\\\/\\\/clarityproject.de\\\/wp-content\\\/uploads\\\/2021\\\/07\\\/logo-original-clarity.jpg\",\"width\":625,\"height\":899,\"caption\":\"Clarity Project\"},\"image\":{\"@id\":\"https:\\\/\\\/clarityproject.de\\\/en\\\/#\\\/schema\\\/logo\\\/image\\\/\"}}]}<\/script>\n<!-- \/ Yoast SEO plugin. -->","yoast_head_json":{"title":"Tauchg\u00e4nge - The Clarity Project\u00ae","robots":{"index":"index","follow":"follow","max-snippet":"max-snippet:-1","max-image-preview":"max-image-preview:large","max-video-preview":"max-video-preview:-1"},"canonical":"https:\/\/clarityproject.de\/en\/product\/tauchgaenge\/","og_locale":"en_US","og_type":"article","og_title":"Tauchg\u00e4nge - The Clarity Project\u00ae","og_description":"Sammelband I: Sechs original Vortr\u00e4ge von Jeru Kabbal in deutsch. Gebundene Ausgabe und Ebook","og_url":"https:\/\/clarityproject.de\/en\/product\/tauchgaenge\/","og_site_name":"The Clarity Project\u00ae","article_modified_time":"2023-08-16T15:44:57+00:00","og_image":[{"width":2100,"height":1400,"url":"https:\/\/clarityproject.de\/wp-content\/uploads\/2021\/12\/Tauchgaenge-mockup-Kopie.jpg","type":"image\/jpeg"}],"twitter_card":"summary_large_image","twitter_misc":{"Est. reading time":"1 minute"},"schema":{"@context":"https:\/\/schema.org","@graph":[{"@type":"WebPage","@id":"https:\/\/clarityproject.de\/en\/product\/tauchgaenge\/","url":"https:\/\/clarityproject.de\/en\/product\/tauchgaenge\/","name":"Tauchg\u00e4nge - The Clarity Project\u00ae","isPartOf":{"@id":"https:\/\/clarityproject.de\/en\/#website"},"primaryImageOfPage":{"@id":"https:\/\/clarityproject.de\/en\/product\/tauchgaenge\/#primaryimage"},"image":{"@id":"https:\/\/clarityproject.de\/en\/product\/tauchgaenge\/#primaryimage"},"thumbnailUrl":"https:\/\/clarityproject.de\/wp-content\/uploads\/2021\/12\/Tauchgaenge-mockup-Kopie.jpg","datePublished":"2021-12-08T16:50:27+00:00","dateModified":"2023-08-16T15:44:57+00:00","breadcrumb":{"@id":"https:\/\/clarityproject.de\/en\/product\/tauchgaenge\/#breadcrumb"},"inLanguage":"en-US","potentialAction":[{"@type":"ReadAction","target":["https:\/\/clarityproject.de\/en\/product\/tauchgaenge\/"]}]},{"@type":"ImageObject","inLanguage":"en-US","@id":"https:\/\/clarityproject.de\/en\/product\/tauchgaenge\/#primaryimage","url":"https:\/\/clarityproject.de\/wp-content\/uploads\/2021\/12\/Tauchgaenge-mockup-Kopie.jpg","contentUrl":"https:\/\/clarityproject.de\/wp-content\/uploads\/2021\/12\/Tauchgaenge-mockup-Kopie.jpg","width":2100,"height":1400},{"@type":"BreadcrumbList","@id":"https:\/\/clarityproject.de\/en\/product\/tauchgaenge\/#breadcrumb","itemListElement":[{"@type":"ListItem","position":1,"name":"Startseite","item":"https:\/\/clarityproject.de\/en\/"},{"@type":"ListItem","position":2,"name":"Shop","item":"https:\/\/clarityproject.de\/en\/shop-2\/"},{"@type":"ListItem","position":3,"name":"Tauchg\u00e4nge"}]},{"@type":"WebSite","@id":"https:\/\/clarityproject.de\/en\/#website","url":"https:\/\/clarityproject.de\/en\/","name":"The Clarity Project\u00ae","description":"","publisher":{"@id":"https:\/\/clarityproject.de\/en\/#organization"},"potentialAction":[{"@type":"SearchAction","target":{"@type":"EntryPoint","urlTemplate":"https:\/\/clarityproject.de\/en\/?s={search_term_string}"},"query-input":{"@type":"PropertyValueSpecification","valueRequired":true,"valueName":"search_term_string"}}],"inLanguage":"en-US"},{"@type":"Organization","@id":"https:\/\/clarityproject.de\/en\/#organization","name":"Clarity Project","url":"https:\/\/clarityproject.de\/en\/","logo":{"@type":"ImageObject","inLanguage":"en-US","@id":"https:\/\/clarityproject.de\/en\/#\/schema\/logo\/image\/","url":"https:\/\/clarityproject.de\/wp-content\/uploads\/2021\/07\/logo-original-clarity.jpg","contentUrl":"https:\/\/clarityproject.de\/wp-content\/uploads\/2021\/07\/logo-original-clarity.jpg","width":625,"height":899,"caption":"Clarity Project"},"image":{"@id":"https:\/\/clarityproject.de\/en\/#\/schema\/logo\/image\/"}}]}},"jetpack_sharing_enabled":true,"_links":{"self":[{"href":"https:\/\/clarityproject.de\/en\/wp-json\/wp\/v2\/product\/21970","targetHints":{"allow":["GET"]}}],"collection":[{"href":"https:\/\/clarityproject.de\/en\/wp-json\/wp\/v2\/product"}],"about":[{"href":"https:\/\/clarityproject.de\/en\/wp-json\/wp\/v2\/types\/product"}],"replies":[{"embeddable":true,"href":"https:\/\/clarityproject.de\/en\/wp-json\/wp\/v2\/comments?post=21970"}],"wp:featuredmedia":[{"embeddable":true,"href":"https:\/\/clarityproject.de\/en\/wp-json\/wp\/v2\/media\/21861"}],"wp:attachment":[{"href":"https:\/\/clarityproject.de\/en\/wp-json\/wp\/v2\/media?parent=21970"}],"wp:term":[{"taxonomy":"product_brand","embeddable":true,"href":"https:\/\/clarityproject.de\/en\/wp-json\/wp\/v2\/product_brand?post=21970"},{"taxonomy":"product_cat","embeddable":true,"href":"https:\/\/clarityproject.de\/en\/wp-json\/wp\/v2\/product_cat?post=21970"},{"taxonomy":"product_tag","embeddable":true,"href":"https:\/\/clarityproject.de\/en\/wp-json\/wp\/v2\/product_tag?post=21970"}],"curies":[{"name":"wp","href":"https:\/\/api.w.org\/{rel}","templated":true}]}}