{"id":21964,"date":"2021-12-08T17:18:50","date_gmt":"2021-12-08T16:18:50","guid":{"rendered":"https:\/\/clarityproject.de\/?post_type=product&#038;p=21964"},"modified":"2023-04-19T08:53:54","modified_gmt":"2023-04-19T06:53:54","slug":"medi-aktionspaket-buch-cd-kopie","status":"publish","type":"product","link":"https:\/\/clarityproject.de\/en\/product\/medi-aktionspaket-buch-cd-kopie\/","title":{"rendered":"Jeru Kabbals ClarityProcess"},"content":{"rendered":"<p><b>Das Clarity-Fachbuch in Kooperation mit <a href=\"https:\/\/www.uibk.ac.at\/peacestudies\/ma-program\/\" target=\"_blank\" rel=\"noopener noreferrer\">UNESCO-Chairholder Fakult\u00e4t Peace\u00a0Studies Innsbruck<\/a><\/b><\/p>\n<p><b>Jeru Kabbals ClarityProcess\u00ae<br \/>\n<\/b>Leben und Werk eines Pioniers der transpersonalen Psychologie<\/p>\n<p>von Lothar Nishkam Koch<\/p>\n<p>mit einem Vorwort von\u00a0Prof. Dr. Wolfgang Dietrich<\/p>\n<p>&nbsp;<\/p>\n<p><b>Nishkam Koch hat\u00a0das spannende Leben von Jeru recherchiert sowie einen kompakten Abriss zum ClarityProcess aufgeschrieben<\/b>, der diese Arbeit im Kontext der modernen Psychologie darlegt. Der Text hilft allen die Clarity schon kennen nochmal zu einem tieferen Verst\u00e4ndnis seiner Perspektive. F\u00fcr andere die im psychologischen Bereich bereits arbeiten, ist es eine umfassende Einf\u00fchrung in Jerus Werk. F\u00fcr Teacher und Trainer des ClarityProcess sicher ein unentbehrliches Handbuch f\u00fcr die Arbeit.<\/p>\n<p>Paperback: 190\u00a0Seiten,\u00a0Springer Verlag, 2018<\/p>\n<p>M\u00f6chten Sie das Buch als g\u00fcnstigere Ebook Version (pdf): bitte mailen Sie uns diesbez\u00fcglich an<a href=\"mailto:info@clarityproject.de\"> info@clarityproject.de<\/a><\/p>\n<p><strong>LESER-STIMMEN:<\/strong><\/p>\n<pre><em>Lieber Nishkam,<\/em>\r\n\r\n<em>das Springer-Buch finde ich wirklich sehr gut gelungen und herzlichen Gl\u00fcckwunsch dazu an dich und alle, die daran mitgearbeitet haben.<\/em>\r\n\r\n<em>Trotz des Fachbuch-Charakters mit dem wissenschaftlichen Anspruch und den vielen Fakten ist das Buch spannend und erfrischend geschrieben. Das Lesen macht Freude und so ein kompakter \u00dcberblick eignet sich auch zum immer wieder Reinschauen und als Motivation zum Dranbleiben an meiner eigenen Praxis. Den Aufbau und die Struktur finde ich sehr klar, die Inhalte sind gut nachvollziehbar und es ist nat\u00fcrlich interessant, den Weg von Jeru kennenzulernen und\u00a0dass du so offen \u00fcber deine Erfahrungen\u00a0geschrieben hast.<\/em>\r\n\r\n<em>Deutlich wird auch, dass vermutlich viel Arbeit und Energie in dieses Buch-Projekt\u00a0geflossen sind. Ich w\u00fcrde mich auf jeden Fall sehr freuen, wenn es viele interessierte Menschen erreicht und inspiriert.<\/em>\r\n\r\n<em>\u00a0<\/em>\r\n\r\n<em>Herzliche Gr\u00fc\u00dfe und eine sch\u00f6ne Herbstzeit<\/em>\r\n\r\n<em>Maria<\/em>\r\n\r\n\r\n\r\n\r\n<em>Lieber Nishkam,\r\ninnerhalb einer Woche habe ich das Buch zweimal gelesen.\u00a0\r\nErst einmal kreuz und quer, quasi verschlungen.\u00a0\r\nDurch die Hintergrundinformationen wurde mir bewusst, wie ausgereift und erprobt dieser Prozess ist. Es ist mir noch mehr wie vorher schon wie Schuppen von den Augen gefallen , was f\u00fcr ein wertvoller Prozess das ist, an dem ich teilhaben durfte. Und wie dankbar ich sein darf, dass ein Urlaub auf der Casa el Morisco, wo Wilfried den QLB vorgestellt hat, mich dahin gef\u00fchrt hat, den ClarityProzess zu erleben...\r\nIngrid<\/em>\r\n\r\nInhalt<\/pre>\n<p>1. Einleitung 1<\/p>\n<p>1.1 Was ist Clarity. 1<\/p>\n<p>1.2. Wer war Jeru Kabbal? 4<\/p>\n<p><strong>Teil I<\/strong><\/p>\n<p>Jeru Kabbals Weg zu Clarity 5<\/p>\n<p>2. Richard Shoulders &#8211; die fr\u00fchen Jahre 7<\/p>\n<p>2.1 Wehrdienst und Studium 9<\/p>\n<p>2.2 Psychologie wird zum Werkzeug in Politik\u00a0und Werbung 10<\/p>\n<p>2.3 Aufbruch ins Human Potential Movement 11<\/p>\n<p>2.4 Die Entdeckung der humanistischen und\u00a0transpersonalen Psychologie 13<\/p>\n<p>2.5 Dick Shoulders \u2013 Experimente in Deutschland 15<\/p>\n<p>2.6 Die humanistische Psychologie trifft auf Osho\u00a0und wird zur New Age Bewegung 18<\/p>\n<p>2.7 Encounter und Hypnotherapie \u2013 der Process nimmt\u00a0erste Formen an 21<\/p>\n<p>2.8 Ruf und Aufbruch zu Osho 24<\/p>\n<p>3. Star-Therapeut in Poona \u2013 die experimentelle Phase 27<\/p>\n<p>3.1 East meets West 30<\/p>\n<p>3.2 Oshos Einfluss \u2013 DeHypnotherapie 33<\/p>\n<p>3.3 Die Basis des Process steht \u2013\u00a0Erfahrung sammeln in der Praxis 35<\/p>\n<p>4. Oregon und der Neubeginn 39<\/p>\n<p>4.1 Das Ende des Kommune-Traums\u00a0und das Erscheinen von Jeru Kabbal \u2013<\/p>\n<p>Der Process wird verfeinert 45<\/p>\n<p>4.2 Zur\u00fcck nach Deutschland und Holland 48<\/p>\n<p>4.3 Weltreisen und Krankheit 50<\/p>\n<p><strong>\u00dcberleitung<\/strong><\/p>\n<p>Mein Weg zu Jeru Kabbals ClarityProcess<\/p>\n<p>5. Der Atem entfachte das Feuer 53<\/p>\n<p>5.1 Die erste Begegnung mit Jeru 54<\/p>\n<p>5.2 Transformation auf Mallorca 56<\/p>\n<p>5.3 Pizza-Visionen 58<\/p>\n<p>5.4 Mein letzter Workshop mit Jeru 61<\/p>\n<p>5.5 Golden Dust 62<\/p>\n<p>5.6 Post Mortem\u2013 der Process geht weiter 63<\/p>\n<p><strong>Teil II<\/strong><\/p>\n<p>Der ClarityProcess\u00ae \u2013 Ein \u00dcberblick 69<\/p>\n<p>6. Jeru Kabbals Wachstumsprozess in einer Nu\u00dfschale 71<\/p>\n<p>6.1 Ziele des ClarityProcess. 72<\/p>\n<p>6.2 Der ClarityProcess ist keine Methode\u00a0sondern ein systematischer Weg 73<\/p>\n<p>6.3 Die Entwicklung der Seminarstruktur 75<\/p>\n<p>6.4 Die f\u00fcnf organisatorischen Stufen des ClarityProcess. 77<\/p>\n<p>6.5 Die f\u00fcnf Bewusstseins-Ebenen des Reifungsprozesses 80<\/p>\n<p>6.6 Reifung in Spiralen 82<\/p>\n<p>6.7 Der anagogische Prozess 82<\/p>\n<p>6.8 Das Konzept vom Vierj\u00e4hrigen 83<\/p>\n<p>6.9 Der Process gibt Freiheit, Unabh\u00e4ngigkeit\u00a0und Freude 91<\/p>\n<p>6.10 Die Angst vor dem Positiven 92<\/p>\n<p>6.11 Die Natur des W\u00fcnschens 93<\/p>\n<p>6.12 Der Roboter 95<\/p>\n<p>6.13 Der g\u00f6ttliche Aspekt 97<\/p>\n<p>7. Der Process in der Praxis 99<\/p>\n<p>7.1 Der meditative Prozess 99<\/p>\n<p>7.2 Der therapeutische Prozess 100<\/p>\n<p>7.3 Fallstricke und Stolpersteine 101<\/p>\n<p>7.4 Clarity-Tools \u2013 Quantum Light Breath und\u00a0andere wichtige Werkzeuge und \u00dcbungen 104<\/p>\n<p>8. Jeru Kabbals Pionier-Leistung 119<\/p>\n<p>9. Epilog 123<\/p>\n<p>Feedback 125<\/p>\n<p>10. Zeitleiste: Jeru Kabbals Vita und Projekt 127<\/p>\n<p>10.1 Jeru Kabbals wichtigste Seminarvortr\u00e4ge\u00a0(ClarityTalks) 134<\/p>\n<p>Quellen 135<\/p>\n<p>Verzeichnis der Interviewpartner 143<\/p>\n<p>Glossar 145<\/p>\n<p>Sprache: deutsch<\/p>\n<p>&nbsp;<\/p>\n","protected":false},"excerpt":{"rendered":"<p>von Lothar Nishkam Koch<br \/>\nDas Fachbuch: Die Biographie von Jeru Kabbal und die Darlegung der Wurzeln, Hintergr\u00fcnde und Abl\u00e4ufe des ClarityProcess\u00ae gerieten zu einem wissenschaftlich anmutenden und dennoch leicht lesbaren Werk.<\/p>\n<p>&nbsp;<\/p>\n","protected":false},"featured_media":21885,"comment_status":"open","ping_status":"closed","template":"","meta":[],"product_brand":[],"product_cat":[95,83],"product_tag":[90,91],"class_list":{"0":"post-21964","1":"product","2":"type-product","3":"status-publish","4":"has-post-thumbnail","6":"product_cat-claritytalks","7":"product_cat-buecher","8":"product_tag-deutsch","9":"product_tag-german","10":"sales-flash-overlay","11":"woocommerce-text-align-center","12":"woocommerce-image-align-center","13":"do-quantity-buttons","15":"first","16":"instock","17":"taxable","18":"shipping-taxable","19":"purchasable","20":"product-type-simple"},"jetpack_sharing_enabled":true,"_links":{"self":[{"href":"https:\/\/clarityproject.de\/en\/wp-json\/wp\/v2\/product\/21964","targetHints":{"allow":["GET"]}}],"collection":[{"href":"https:\/\/clarityproject.de\/en\/wp-json\/wp\/v2\/product"}],"about":[{"href":"https:\/\/clarityproject.de\/en\/wp-json\/wp\/v2\/types\/product"}],"replies":[{"embeddable":true,"href":"https:\/\/clarityproject.de\/en\/wp-json\/wp\/v2\/comments?post=21964"}],"wp:featuredmedia":[{"embeddable":true,"href":"https:\/\/clarityproject.de\/en\/wp-json\/wp\/v2\/media\/21885"}],"wp:attachment":[{"href":"https:\/\/clarityproject.de\/en\/wp-json\/wp\/v2\/media?parent=21964"}],"wp:term":[{"taxonomy":"product_brand","embeddable":true,"href":"https:\/\/clarityproject.de\/en\/wp-json\/wp\/v2\/product_brand?post=21964"},{"taxonomy":"product_cat","embeddable":true,"href":"https:\/\/clarityproject.de\/en\/wp-json\/wp\/v2\/product_cat?post=21964"},{"taxonomy":"product_tag","embeddable":true,"href":"https:\/\/clarityproject.de\/en\/wp-json\/wp\/v2\/product_tag?post=21964"}],"curies":[{"name":"wp","href":"https:\/\/api.w.org\/{rel}","templated":true}]}}