{"id":21951,"date":"2021-12-08T15:59:07","date_gmt":"2021-12-08T14:59:07","guid":{"rendered":"https:\/\/clarityproject.de\/?post_type=product&#038;p=21951"},"modified":"2025-09-09T17:04:23","modified_gmt":"2025-09-09T15:04:23","slug":"clarity-letgo-meditation","status":"publish","type":"product","link":"https:\/\/clarityproject.de\/en\/product\/clarity-letgo-meditation\/","title":{"rendered":"Clarity LetGo Meditation"},"content":{"rendered":"<p><strong>Clarity\u00ae LetGo Meditation-in deutsch<\/strong><br \/>\nLetGo (engl.) bedeutet Loslassen.<br \/>\nLoslassen wollen wir mit Hilfe dieses meditativen Reinigungsprozesses in Bezug auf \u00fcberfl\u00fcssigen \u201eGedankensalat\u201c- und \u201eGef\u00fchlsdruck\u201c erm\u00f6glichen.<br \/>\nClarity\u00aeLetGo ist eine gute Methode, um aus einem kreisenden Gedankenkarussel auszusteigen, neue Ideen zu finden, leichter Entscheidungen zu treffen und immer mehr mentale Klarheit zu erlauben.<\/p>\n<p>Als reinigende Meditation:<br \/>\nClarity\u00aeLetGo eignet sich zur t\u00e4glichen Anwendung, beispielsweise am Morgen nach dem Aufstehen zur Kl\u00e4rung von Traumbestandteilen aus dem Nachtschlaf, \u2028oder gegen Abend, um sich von den Belastungen eines Arbeitstages zu reinigen.<br \/>\nJe nach Zeit und Lust, kann eine 20 oder 40 min\u00fctige LetGo-Phase gew\u00e4hlt werden. (Bei 20 Min LetGo gleich von dem Intro auf Track 3 \u00fcbergehen.)<\/p>\n<p>Als Entscheidungshilfe:<br \/>\nFalls Du Dich zwischen mehreren M\u00f6glichkeiten partout nicht entscheiden kannst, praktiziere die Clarity\u00ae LetGo Meditation \u00fcber einige Tage jeweils eine Stunde lang. Sprich w\u00e4hrend der beiden Brabbelphasen alle Gedanken und M\u00f6glichkeiten, sowie die damit verbundenen Gef\u00fchle zur anstehenden Thematik aus. La\u00df Dich \u00fcberraschen, inwieweit nach einiger Zeit hilfreiche Ideen oder \u201esonnenklare\u201c Entschl\u00fcsse aus dem \u201eGedankensalat\u201c hervor steigen.<\/p>\n<p>&nbsp;<\/p>\n<p>Diese\u00a0CD kommt mit einem Booklet mit einer Anleitung zum richtigen Praktizieren der Meditation.<\/p>\n<p>Die\u00a0Verpackung dieser\u00a0CD ist aus umweltfreundlicher Pappe\u00a0\u00a0hergestellt.<\/p>\n<p>&nbsp;<\/p>\n<p>&nbsp;<\/p>\n","protected":false},"excerpt":{"rendered":"<div class=\"product-short-description\">von und mit Nishkam, Eine Sitz-Meditation (mit ruhigem Atmen, also kein QLB-Atmen) f\u00fcr turbulente Zeiten. Reinigt den Geist, hilft bei Entscheidungsfindung.<\/div>\n<div class=\"addtocart-area\">\n<form class=\"product js-recalculate\" action=\"https:\/\/clarityverlag.de\/de\/shop\/edition-claritytools\/qlb-atemmeditationen\/clarity-letgo-meditation-detail.html#\" autocomplete=\"off\" method=\"post\">\n<div class=\"vm-customfields-wrap\"><\/div>\n<\/form>\n<\/div>\n","protected":false},"featured_media":21867,"comment_status":"open","ping_status":"closed","template":"","meta":[],"product_brand":[],"product_cat":[94,88,87],"product_tag":[90,91],"class_list":{"0":"post-21951","1":"product","2":"type-product","3":"status-publish","4":"has-post-thumbnail","6":"product_cat-claritytools","7":"product_cat-qlb","8":"product_cat-traumreisen-entspannungen","9":"product_tag-deutsch","10":"product_tag-german","11":"sales-flash-overlay","12":"woocommerce-text-align-center","13":"woocommerce-image-align-center","14":"do-quantity-buttons","16":"first","17":"instock","18":"taxable","19":"shipping-taxable","20":"purchasable","21":"product-type-variable"},"yoast_head":"<!-- This site is optimized with the Yoast SEO plugin v27.4 - https:\/\/yoast.com\/product\/yoast-seo-wordpress\/ -->\n<title>Clarity LetGo Meditation - The Clarity Project\u00ae<\/title>\n<meta name=\"robots\" content=\"index, follow, max-snippet:-1, max-image-preview:large, max-video-preview:-1\" \/>\n<link rel=\"canonical\" href=\"https:\/\/clarityproject.de\/en\/product\/clarity-letgo-meditation\/\" \/>\n<meta property=\"og:locale\" content=\"en_US\" \/>\n<meta property=\"og:type\" content=\"article\" \/>\n<meta property=\"og:title\" content=\"Clarity LetGo Meditation - The Clarity Project\u00ae\" \/>\n<meta property=\"og:description\" content=\"von und mit Nishkam, Eine Sitz-Meditation (mit ruhigem Atmen, also kein QLB-Atmen) f\u00fcr turbulente Zeiten. Reinigt den Geist, hilft bei Entscheidungsfindung.\" \/>\n<meta property=\"og:url\" content=\"https:\/\/clarityproject.de\/en\/product\/clarity-letgo-meditation\/\" \/>\n<meta property=\"og:site_name\" content=\"The Clarity Project\u00ae\" \/>\n<meta property=\"article:modified_time\" content=\"2025-09-09T15:04:23+00:00\" \/>\n<meta property=\"og:image\" content=\"https:\/\/clarityproject.de\/wp-content\/uploads\/2021\/12\/image-2.jpeg\" \/>\n\t<meta property=\"og:image:width\" content=\"400\" \/>\n\t<meta property=\"og:image:height\" content=\"372\" \/>\n\t<meta property=\"og:image:type\" content=\"image\/jpeg\" \/>\n<meta name=\"twitter:card\" content=\"summary_large_image\" \/>\n<meta name=\"twitter:label1\" content=\"Est. reading time\" \/>\n\t<meta name=\"twitter:data1\" content=\"2 minutes\" \/>\n<script type=\"application\/ld+json\" class=\"yoast-schema-graph\">{\"@context\":\"https:\\\/\\\/schema.org\",\"@graph\":[{\"@type\":\"WebPage\",\"@id\":\"https:\\\/\\\/clarityproject.de\\\/en\\\/product\\\/clarity-letgo-meditation\\\/\",\"url\":\"https:\\\/\\\/clarityproject.de\\\/en\\\/product\\\/clarity-letgo-meditation\\\/\",\"name\":\"Clarity LetGo Meditation - The Clarity Project\u00ae\",\"isPartOf\":{\"@id\":\"https:\\\/\\\/clarityproject.de\\\/en\\\/#website\"},\"primaryImageOfPage\":{\"@id\":\"https:\\\/\\\/clarityproject.de\\\/en\\\/product\\\/clarity-letgo-meditation\\\/#primaryimage\"},\"image\":{\"@id\":\"https:\\\/\\\/clarityproject.de\\\/en\\\/product\\\/clarity-letgo-meditation\\\/#primaryimage\"},\"thumbnailUrl\":\"https:\\\/\\\/clarityproject.de\\\/wp-content\\\/uploads\\\/2021\\\/12\\\/image-2.jpeg\",\"datePublished\":\"2021-12-08T14:59:07+00:00\",\"dateModified\":\"2025-09-09T15:04:23+00:00\",\"breadcrumb\":{\"@id\":\"https:\\\/\\\/clarityproject.de\\\/en\\\/product\\\/clarity-letgo-meditation\\\/#breadcrumb\"},\"inLanguage\":\"en-US\",\"potentialAction\":[{\"@type\":\"ReadAction\",\"target\":[\"https:\\\/\\\/clarityproject.de\\\/en\\\/product\\\/clarity-letgo-meditation\\\/\"]}]},{\"@type\":\"ImageObject\",\"inLanguage\":\"en-US\",\"@id\":\"https:\\\/\\\/clarityproject.de\\\/en\\\/product\\\/clarity-letgo-meditation\\\/#primaryimage\",\"url\":\"https:\\\/\\\/clarityproject.de\\\/wp-content\\\/uploads\\\/2021\\\/12\\\/image-2.jpeg\",\"contentUrl\":\"https:\\\/\\\/clarityproject.de\\\/wp-content\\\/uploads\\\/2021\\\/12\\\/image-2.jpeg\",\"width\":400,\"height\":372},{\"@type\":\"BreadcrumbList\",\"@id\":\"https:\\\/\\\/clarityproject.de\\\/en\\\/product\\\/clarity-letgo-meditation\\\/#breadcrumb\",\"itemListElement\":[{\"@type\":\"ListItem\",\"position\":1,\"name\":\"Startseite\",\"item\":\"https:\\\/\\\/clarityproject.de\\\/en\\\/\"},{\"@type\":\"ListItem\",\"position\":2,\"name\":\"Shop\",\"item\":\"https:\\\/\\\/clarityproject.de\\\/en\\\/shop-2\\\/\"},{\"@type\":\"ListItem\",\"position\":3,\"name\":\"Clarity LetGo Meditation\"}]},{\"@type\":\"WebSite\",\"@id\":\"https:\\\/\\\/clarityproject.de\\\/en\\\/#website\",\"url\":\"https:\\\/\\\/clarityproject.de\\\/en\\\/\",\"name\":\"The Clarity Project\u00ae\",\"description\":\"\",\"publisher\":{\"@id\":\"https:\\\/\\\/clarityproject.de\\\/en\\\/#organization\"},\"potentialAction\":[{\"@type\":\"SearchAction\",\"target\":{\"@type\":\"EntryPoint\",\"urlTemplate\":\"https:\\\/\\\/clarityproject.de\\\/en\\\/?s={search_term_string}\"},\"query-input\":{\"@type\":\"PropertyValueSpecification\",\"valueRequired\":true,\"valueName\":\"search_term_string\"}}],\"inLanguage\":\"en-US\"},{\"@type\":\"Organization\",\"@id\":\"https:\\\/\\\/clarityproject.de\\\/en\\\/#organization\",\"name\":\"Clarity Project\",\"url\":\"https:\\\/\\\/clarityproject.de\\\/en\\\/\",\"logo\":{\"@type\":\"ImageObject\",\"inLanguage\":\"en-US\",\"@id\":\"https:\\\/\\\/clarityproject.de\\\/en\\\/#\\\/schema\\\/logo\\\/image\\\/\",\"url\":\"https:\\\/\\\/clarityproject.de\\\/wp-content\\\/uploads\\\/2021\\\/07\\\/logo-original-clarity.jpg\",\"contentUrl\":\"https:\\\/\\\/clarityproject.de\\\/wp-content\\\/uploads\\\/2021\\\/07\\\/logo-original-clarity.jpg\",\"width\":625,\"height\":899,\"caption\":\"Clarity Project\"},\"image\":{\"@id\":\"https:\\\/\\\/clarityproject.de\\\/en\\\/#\\\/schema\\\/logo\\\/image\\\/\"}}]}<\/script>\n<!-- \/ Yoast SEO plugin. -->","yoast_head_json":{"title":"Clarity LetGo Meditation - The Clarity Project\u00ae","robots":{"index":"index","follow":"follow","max-snippet":"max-snippet:-1","max-image-preview":"max-image-preview:large","max-video-preview":"max-video-preview:-1"},"canonical":"https:\/\/clarityproject.de\/en\/product\/clarity-letgo-meditation\/","og_locale":"en_US","og_type":"article","og_title":"Clarity LetGo Meditation - The Clarity Project\u00ae","og_description":"von und mit Nishkam, Eine Sitz-Meditation (mit ruhigem Atmen, also kein QLB-Atmen) f\u00fcr turbulente Zeiten. Reinigt den Geist, hilft bei Entscheidungsfindung.","og_url":"https:\/\/clarityproject.de\/en\/product\/clarity-letgo-meditation\/","og_site_name":"The Clarity Project\u00ae","article_modified_time":"2025-09-09T15:04:23+00:00","og_image":[{"width":400,"height":372,"url":"https:\/\/clarityproject.de\/wp-content\/uploads\/2021\/12\/image-2.jpeg","type":"image\/jpeg"}],"twitter_card":"summary_large_image","twitter_misc":{"Est. reading time":"2 minutes"},"schema":{"@context":"https:\/\/schema.org","@graph":[{"@type":"WebPage","@id":"https:\/\/clarityproject.de\/en\/product\/clarity-letgo-meditation\/","url":"https:\/\/clarityproject.de\/en\/product\/clarity-letgo-meditation\/","name":"Clarity LetGo Meditation - The Clarity Project\u00ae","isPartOf":{"@id":"https:\/\/clarityproject.de\/en\/#website"},"primaryImageOfPage":{"@id":"https:\/\/clarityproject.de\/en\/product\/clarity-letgo-meditation\/#primaryimage"},"image":{"@id":"https:\/\/clarityproject.de\/en\/product\/clarity-letgo-meditation\/#primaryimage"},"thumbnailUrl":"https:\/\/clarityproject.de\/wp-content\/uploads\/2021\/12\/image-2.jpeg","datePublished":"2021-12-08T14:59:07+00:00","dateModified":"2025-09-09T15:04:23+00:00","breadcrumb":{"@id":"https:\/\/clarityproject.de\/en\/product\/clarity-letgo-meditation\/#breadcrumb"},"inLanguage":"en-US","potentialAction":[{"@type":"ReadAction","target":["https:\/\/clarityproject.de\/en\/product\/clarity-letgo-meditation\/"]}]},{"@type":"ImageObject","inLanguage":"en-US","@id":"https:\/\/clarityproject.de\/en\/product\/clarity-letgo-meditation\/#primaryimage","url":"https:\/\/clarityproject.de\/wp-content\/uploads\/2021\/12\/image-2.jpeg","contentUrl":"https:\/\/clarityproject.de\/wp-content\/uploads\/2021\/12\/image-2.jpeg","width":400,"height":372},{"@type":"BreadcrumbList","@id":"https:\/\/clarityproject.de\/en\/product\/clarity-letgo-meditation\/#breadcrumb","itemListElement":[{"@type":"ListItem","position":1,"name":"Startseite","item":"https:\/\/clarityproject.de\/en\/"},{"@type":"ListItem","position":2,"name":"Shop","item":"https:\/\/clarityproject.de\/en\/shop-2\/"},{"@type":"ListItem","position":3,"name":"Clarity LetGo Meditation"}]},{"@type":"WebSite","@id":"https:\/\/clarityproject.de\/en\/#website","url":"https:\/\/clarityproject.de\/en\/","name":"The Clarity Project\u00ae","description":"","publisher":{"@id":"https:\/\/clarityproject.de\/en\/#organization"},"potentialAction":[{"@type":"SearchAction","target":{"@type":"EntryPoint","urlTemplate":"https:\/\/clarityproject.de\/en\/?s={search_term_string}"},"query-input":{"@type":"PropertyValueSpecification","valueRequired":true,"valueName":"search_term_string"}}],"inLanguage":"en-US"},{"@type":"Organization","@id":"https:\/\/clarityproject.de\/en\/#organization","name":"Clarity Project","url":"https:\/\/clarityproject.de\/en\/","logo":{"@type":"ImageObject","inLanguage":"en-US","@id":"https:\/\/clarityproject.de\/en\/#\/schema\/logo\/image\/","url":"https:\/\/clarityproject.de\/wp-content\/uploads\/2021\/07\/logo-original-clarity.jpg","contentUrl":"https:\/\/clarityproject.de\/wp-content\/uploads\/2021\/07\/logo-original-clarity.jpg","width":625,"height":899,"caption":"Clarity Project"},"image":{"@id":"https:\/\/clarityproject.de\/en\/#\/schema\/logo\/image\/"}}]}},"jetpack_sharing_enabled":true,"_links":{"self":[{"href":"https:\/\/clarityproject.de\/en\/wp-json\/wp\/v2\/product\/21951","targetHints":{"allow":["GET"]}}],"collection":[{"href":"https:\/\/clarityproject.de\/en\/wp-json\/wp\/v2\/product"}],"about":[{"href":"https:\/\/clarityproject.de\/en\/wp-json\/wp\/v2\/types\/product"}],"replies":[{"embeddable":true,"href":"https:\/\/clarityproject.de\/en\/wp-json\/wp\/v2\/comments?post=21951"}],"wp:featuredmedia":[{"embeddable":true,"href":"https:\/\/clarityproject.de\/en\/wp-json\/wp\/v2\/media\/21867"}],"wp:attachment":[{"href":"https:\/\/clarityproject.de\/en\/wp-json\/wp\/v2\/media?parent=21951"}],"wp:term":[{"taxonomy":"product_brand","embeddable":true,"href":"https:\/\/clarityproject.de\/en\/wp-json\/wp\/v2\/product_brand?post=21951"},{"taxonomy":"product_cat","embeddable":true,"href":"https:\/\/clarityproject.de\/en\/wp-json\/wp\/v2\/product_cat?post=21951"},{"taxonomy":"product_tag","embeddable":true,"href":"https:\/\/clarityproject.de\/en\/wp-json\/wp\/v2\/product_tag?post=21951"}],"curies":[{"name":"wp","href":"https:\/\/api.w.org\/{rel}","templated":true}]}}