{"id":21915,"date":"2021-12-07T17:32:08","date_gmt":"2021-12-07T16:32:08","guid":{"rendered":"https:\/\/clarityproject.de\/?post_type=product&#038;p=21915"},"modified":"2026-04-19T16:45:05","modified_gmt":"2026-04-19T14:45:05","slug":"quantum-light-breath-qlb-3","status":"publish","type":"product","link":"https:\/\/clarityproject.de\/en\/product\/quantum-light-breath-qlb-3\/","title":{"rendered":"Quantum Light Breath (QLB) 3-mp3"},"content":{"rendered":"<p>Jeru Kabbal leitet pers\u00f6nlich in deutscher Sprache durch den Prozess. Zun\u00e4chst gibt er eine ausf\u00fchrliche Einf\u00fchrung zu dieser Meditation.<\/p>\n<p><strong>Thema:<\/strong> &#8220;\u00d6ffne Dein Herz und sende deine Liebe&#8221;<br \/>\n<strong>Tempo:<\/strong> dynamisch<\/p>\n<p>H\u00f6rprobe Kommentar zum QLB<\/p>\n<audio class=\"wp-audio-shortcode\" id=\"audio-21915-1\" preload=\"none\" style=\"width: 100%;\" controls=\"controls\"><source type=\"audio\/mpeg\" src=\"https:\/\/clarityproject.de\/wp-content\/uploads\/QLB_deutsch_Kommentar_Audiosample.mp3?_=1\" \/><a href=\"https:\/\/clarityproject.de\/wp-content\/uploads\/QLB_deutsch_Kommentar_Audiosample.mp3\">https:\/\/clarityproject.de\/wp-content\/uploads\/QLB_deutsch_Kommentar_Audiosample.mp3<\/a><\/audio>\n<p>Hier gibt es das <b>Booklet zur Quantum Light Breath mp3<\/b> zum Lesen oder <a href=\"https:\/\/issuu.com\/clarityverlag\/docs\/qlb_booklet\" target=\"_blank\" rel=\"noopener\">zum Downloaden<\/a>.<br \/>\n<strong><br \/>\nNach Kauf und Erhalt des Downloadlinks\u00a0\u00a0QLBs bitte z\u00fcgig downloaden (Link nur wenige Tage g\u00fcltig)<\/strong><\/p>\n<div id=\"tab-description\" class=\"woocommerce-Tabs-panel woocommerce-Tabs-panel--description panel entry-content wc-tab\" role=\"tabpanel\" aria-labelledby=\"tab-title-description\">\n<p><strong>Probiere die Atemmeditation aus- Du wirst von der Tiefe \u00fcberrascht sein!<\/strong><\/p>\n<p>Der Quantum Light Breath beschleunigt Deinen pers\u00f6nlichen Wachstumsproze\u00df,<\/p>\n<p>in dem er alte Programme, Muster und Blockaden, die noch im Unterbewu\u00dftsein verankert sind lockert<\/p>\n<p>und schlie\u00dflich \u00fcber den Atem aufl\u00f6st. Du kannst den QLB allein oder in der Gruppe durchf\u00fchren.<\/p>\n<p>Der QLB ist einfach, effektiv und f\u00fchrt \u00fcberraschend schnell zu mehr Klarheit und Wohlbefinden.<\/p>\n<p>\u2022 Atme Dich frei<\/p>\n<p>\u2022 Reinige K\u00f6rper, Geist und Seele<\/p>\n<p>\u2022 \u00d6ffne dich der Existenz im Hier und Jetzt<\/p>\n<p>\u2022 St\u00e4rke Deine Selbstheilungskr\u00e4fte<\/p>\n<p>\u2022 Befreie Dich von hemmenden Mustern und Blockaden<\/p>\n<p>\u2022 La\u00df Deine festgehaltenen \u00c4ngste und Spannungen los<\/p>\n<p>\u2022 Transformiere Stress und \u00c4rger<\/p>\n<p>\u2022 Dehne Dein Energiefeld aus, erweitere Dein Bewu\u00dftsein<\/p>\n<p>\u2022 \u00d6ffne Dich einer direkten extatischen Erfahrung<\/p>\n<\/div>\n<div class=\"wccpf-fields-container\"><\/div>\n","protected":false},"excerpt":{"rendered":"<p>Meditativer Atemprozess von Jeru Kabbal. Thema: &#8220;\u00d6ffne Dein Herz und sende deine Liebe&#8221; Tempo: dynamisch<\/p>\n","protected":false},"featured_media":21843,"comment_status":"open","ping_status":"closed","template":"","meta":[],"product_brand":[],"product_cat":[88,94],"product_tag":[90,91],"class_list":{"0":"post-21915","1":"product","2":"type-product","3":"status-publish","4":"has-post-thumbnail","6":"product_cat-qlb","7":"product_cat-claritytools","8":"product_tag-deutsch","9":"product_tag-german","10":"sales-flash-overlay","11":"woocommerce-text-align-center","12":"woocommerce-image-align-center","13":"do-quantity-buttons","15":"first","16":"instock","17":"taxable","18":"shipping-taxable","19":"purchasable","20":"product-type-variable"},"jetpack_sharing_enabled":true,"_links":{"self":[{"href":"https:\/\/clarityproject.de\/en\/wp-json\/wp\/v2\/product\/21915","targetHints":{"allow":["GET"]}}],"collection":[{"href":"https:\/\/clarityproject.de\/en\/wp-json\/wp\/v2\/product"}],"about":[{"href":"https:\/\/clarityproject.de\/en\/wp-json\/wp\/v2\/types\/product"}],"replies":[{"embeddable":true,"href":"https:\/\/clarityproject.de\/en\/wp-json\/wp\/v2\/comments?post=21915"}],"wp:featuredmedia":[{"embeddable":true,"href":"https:\/\/clarityproject.de\/en\/wp-json\/wp\/v2\/media\/21843"}],"wp:attachment":[{"href":"https:\/\/clarityproject.de\/en\/wp-json\/wp\/v2\/media?parent=21915"}],"wp:term":[{"taxonomy":"product_brand","embeddable":true,"href":"https:\/\/clarityproject.de\/en\/wp-json\/wp\/v2\/product_brand?post=21915"},{"taxonomy":"product_cat","embeddable":true,"href":"https:\/\/clarityproject.de\/en\/wp-json\/wp\/v2\/product_cat?post=21915"},{"taxonomy":"product_tag","embeddable":true,"href":"https:\/\/clarityproject.de\/en\/wp-json\/wp\/v2\/product_tag?post=21915"}],"curies":[{"name":"wp","href":"https:\/\/api.w.org\/{rel}","templated":true}]}}