{"id":21912,"date":"2021-12-07T17:28:39","date_gmt":"2021-12-07T16:28:39","guid":{"rendered":"https:\/\/clarityproject.de\/?post_type=product&#038;p=21912"},"modified":"2026-04-29T16:17:05","modified_gmt":"2026-04-29T14:17:05","slug":"quantum-light-breath-qlb-1","status":"publish","type":"product","link":"https:\/\/clarityproject.de\/en\/product\/quantum-light-breath-qlb-1\/","title":{"rendered":"Quantum Light Breath (QLB) 1 mp3"},"content":{"rendered":"<p>Jeru Kabbal leitet pers\u00f6nlich in deutscher Sprache durch den Prozess. Zun\u00e4chst gibt er eine ausf\u00fchrliche Einf\u00fchrung zu dieser Meditation. Mit dieser Version am besten beginnen.<\/p>\n<p>Meditativer Atemprozess von Jeru Kabbal.<br \/>\n<strong>Thema: <\/strong>&#8220;Bleib ganz im Hier und Jetzt&#8221;<br \/>\n<strong>Tempo:<\/strong> dynamisch<\/p>\n<p>Hier gibt es das <b>Booklet zur Quantum Light Breath CD\/mp3<\/b> <a class=\"_ps2id\" href=\"https:\/\/issuu.com\/clarityverlag\/docs\/qlb_booklet\" data-ps2id-offset=\"\" target=\"_blank\" rel=\"noopener\">zum Lesen.<\/a><\/p>\n<p><strong>Nach Kauf und Erhalt des Downloadlinks\u00a0\u00a0QLBs bitte z\u00fcgig downloaden (Link nur wenige Tage g\u00fcltig)<\/strong><\/p>\n<p>Audio sample Intro\/Kommentar<\/p>\n<audio class=\"wp-audio-shortcode\" id=\"audio-21912-1\" preload=\"none\" style=\"width: 100%;\" controls=\"controls\"><source type=\"audio\/mpeg\" src=\"https:\/\/clarityproject.de\/wp-content\/uploads\/QLB_deutsch_Kommentar_Audiosample.mp3?_=1\" \/><a href=\"https:\/\/clarityproject.de\/wp-content\/uploads\/QLB_deutsch_Kommentar_Audiosample.mp3\">https:\/\/clarityproject.de\/wp-content\/uploads\/QLB_deutsch_Kommentar_Audiosample.mp3<\/a><\/audio>\n<p>&nbsp;<\/p>\n<p><strong>Probiere die Atemmeditation aus- Du wirst von der Tiefe \u00fcberrascht sein!<\/strong><\/p>\n<p>Der Quantum Light Breath beschleunigt Deinen pers\u00f6nlichen Wachstumsproze\u00df,<\/p>\n<p>in dem er alte Programme, Muster und Blockaden, die noch im Unterbewu\u00dftsein verankert sind lockert<span class=\"Apple-converted-space\">\u00a0<\/span><\/p>\n<p>und schlie\u00dflich \u00fcber den Atem aufl\u00f6st. Du kannst den QLB allein oder in der Gruppe durchf\u00fchren.<\/p>\n<p>Der QLB ist einfach, effektiv und f\u00fchrt \u00fcberraschend schnell zu mehr Klarheit und Wohlbefinden.<\/p>\n<p>\u2022 Atme Dich frei<\/p>\n<p>\u2022 Reinige K\u00f6rper, Geist und Seele<\/p>\n<p>\u2022 \u00d6ffne dich der Existenz im Hier und Jetzt<\/p>\n<p>\u2022 St\u00e4rke Deine Selbstheilungskr\u00e4fte<\/p>\n<p>\u2022 Befreie Dich von hemmenden Mustern und Blockaden<\/p>\n<p>\u2022 La\u00df Deine festgehaltenen \u00c4ngste und Spannungen los<\/p>\n<p>\u2022 Transformiere Stress und \u00c4rger<\/p>\n<p>\u2022 Dehne Dein Energiefeld aus, erweitere Dein Bewu\u00dftsein<\/p>\n<p>\u2022 \u00d6ffne Dich einer direkten extatischen Erfahrung<\/p>\n","protected":false},"excerpt":{"rendered":"<p>Meditativer Atemprozess von Jeru Kabbal. Thema:&#8221; Bleib ganz im Hier und Jetzt&#8221;<\/p>\n<p>Als mp3<\/p>\n<p>&nbsp;<\/p>\n","protected":false},"featured_media":21913,"comment_status":"open","ping_status":"closed","template":"","meta":[],"product_brand":[],"product_cat":[88,94],"product_tag":[91],"class_list":{"0":"post-21912","1":"product","2":"type-product","3":"status-publish","4":"has-post-thumbnail","6":"product_cat-qlb","7":"product_cat-claritytools","8":"product_tag-german","9":"sales-flash-overlay","10":"woocommerce-text-align-center","11":"woocommerce-image-align-center","12":"do-quantity-buttons","14":"first","15":"instock","16":"downloadable","17":"virtual","18":"taxable","19":"purchasable","20":"product-type-simple"},"jetpack_sharing_enabled":true,"_links":{"self":[{"href":"https:\/\/clarityproject.de\/en\/wp-json\/wp\/v2\/product\/21912","targetHints":{"allow":["GET"]}}],"collection":[{"href":"https:\/\/clarityproject.de\/en\/wp-json\/wp\/v2\/product"}],"about":[{"href":"https:\/\/clarityproject.de\/en\/wp-json\/wp\/v2\/types\/product"}],"replies":[{"embeddable":true,"href":"https:\/\/clarityproject.de\/en\/wp-json\/wp\/v2\/comments?post=21912"}],"wp:featuredmedia":[{"embeddable":true,"href":"https:\/\/clarityproject.de\/en\/wp-json\/wp\/v2\/media\/21913"}],"wp:attachment":[{"href":"https:\/\/clarityproject.de\/en\/wp-json\/wp\/v2\/media?parent=21912"}],"wp:term":[{"taxonomy":"product_brand","embeddable":true,"href":"https:\/\/clarityproject.de\/en\/wp-json\/wp\/v2\/product_brand?post=21912"},{"taxonomy":"product_cat","embeddable":true,"href":"https:\/\/clarityproject.de\/en\/wp-json\/wp\/v2\/product_cat?post=21912"},{"taxonomy":"product_tag","embeddable":true,"href":"https:\/\/clarityproject.de\/en\/wp-json\/wp\/v2\/product_tag?post=21912"}],"curies":[{"name":"wp","href":"https:\/\/api.w.org\/{rel}","templated":true}]}}