{"id":21905,"date":"2021-12-08T13:50:38","date_gmt":"2021-12-08T12:50:38","guid":{"rendered":"https:\/\/clarityproject.de\/?post_type=product&#038;p=21905"},"modified":"2023-02-08T22:32:16","modified_gmt":"2023-02-08T21:32:16","slug":"das-laecheln-des-buddha","status":"publish","type":"product","link":"https:\/\/clarityproject.de\/en\/product\/das-laecheln-des-buddha\/","title":{"rendered":"Das L\u00e4cheln des Buddha"},"content":{"rendered":"<p><strong>Das L\u00e4cheln des Buddhas<\/strong><br \/>\nOriginaltitel: Buddha-Statue<\/p>\n<p>Text: Jeru Kabbal, \u00fcbersetzt ins Deutsche und gesprochen von: Nishkam Koch<\/p>\n<p>Musik: Christian Obermaier (Christian Obermaier ist Musiker beim M\u00fcnchner Rundfunkorchester, Komponist\/Arrangeur im eigenen Tonstudio und Clarity Sch\u00fcler. Er wirkte musikalisch bei \u00fcber 100 CD- und zahlreichen TV-Produktionen mit.)<\/p>\n<p>Diese gef\u00fchrte Phantasie und Sitz-Meditation verst\u00e4rkt den Grad innerer Ausdehnung und die Verbundenheit mit dem Ganzen. Sie f\u00fchrt in sehr entspannte Stille und Freude.<\/p>\n<p>Tempo: sehr ruhige Atmosph\u00e4re, Hinf\u00fchrung zur Meditation, ca. 60 min<\/p>\n<p>&nbsp;<\/p>\n<p>Diese\u00a0CD kommt mit einem Booklet mit einer Anleitung zum richtigen Praktizieren der Meditation.<\/p>\n<p>Die\u00a0Verpackung dieser\u00a0CD ist aus umweltfreundlicher Pappe\u00a0\u00a0hergestellt.<\/p>\n","protected":false},"excerpt":{"rendered":"<p>Traumreise\/Meditation mit Nishkam, Diese Traumreise nach Jeru Kabbal ist eine gute Erg\u00e4nzung zur Quantum Light Breath Meditation (QLB).Hinf\u00fchrung zur stillen Meditation, ca. 60 min, in deutsch\/german<\/p>\n","protected":false},"featured_media":21849,"comment_status":"open","ping_status":"closed","template":"","meta":[],"product_brand":[],"product_cat":[87],"product_tag":[],"class_list":{"0":"post-21905","1":"product","2":"type-product","3":"status-publish","4":"has-post-thumbnail","6":"product_cat-traumreisen-entspannungen","7":"sales-flash-overlay","8":"woocommerce-text-align-center","9":"woocommerce-image-align-center","10":"do-quantity-buttons","12":"first","13":"instock","14":"taxable","15":"shipping-taxable","16":"purchasable","17":"product-type-variable"},"yoast_head":"<!-- This site is optimized with the Yoast SEO plugin v27.4 - https:\/\/yoast.com\/product\/yoast-seo-wordpress\/ -->\n<title>Das L\u00e4cheln des Buddha - The Clarity Project\u00ae<\/title>\n<meta name=\"robots\" content=\"index, follow, max-snippet:-1, max-image-preview:large, max-video-preview:-1\" \/>\n<link rel=\"canonical\" href=\"https:\/\/clarityproject.de\/en\/product\/das-laecheln-des-buddha\/\" \/>\n<meta property=\"og:locale\" content=\"en_US\" \/>\n<meta property=\"og:type\" content=\"article\" \/>\n<meta property=\"og:title\" content=\"Das L\u00e4cheln des Buddha - The Clarity Project\u00ae\" \/>\n<meta property=\"og:description\" content=\"Traumreise\/Meditation mit Nishkam, Diese Traumreise nach Jeru Kabbal ist eine gute Erg\u00e4nzung zur Quantum Light Breath Meditation (QLB).Hinf\u00fchrung zur stillen Meditation, ca. 60 min, in deutsch\/german\" \/>\n<meta property=\"og:url\" content=\"https:\/\/clarityproject.de\/en\/product\/das-laecheln-des-buddha\/\" \/>\n<meta property=\"og:site_name\" content=\"The Clarity Project\u00ae\" \/>\n<meta property=\"article:modified_time\" content=\"2023-02-08T21:32:16+00:00\" \/>\n<meta property=\"og:image\" content=\"https:\/\/clarityproject.de\/wp-content\/uploads\/2021\/12\/Traum_Cover_Titel-2-Kopie.jpg\" \/>\n\t<meta property=\"og:image:width\" content=\"866\" \/>\n\t<meta property=\"og:image:height\" content=\"788\" \/>\n\t<meta property=\"og:image:type\" content=\"image\/jpeg\" \/>\n<meta name=\"twitter:card\" content=\"summary_large_image\" \/>\n<meta name=\"twitter:label1\" content=\"Est. reading time\" \/>\n\t<meta name=\"twitter:data1\" content=\"1 minute\" \/>\n<script type=\"application\/ld+json\" class=\"yoast-schema-graph\">{\"@context\":\"https:\\\/\\\/schema.org\",\"@graph\":[{\"@type\":\"WebPage\",\"@id\":\"https:\\\/\\\/clarityproject.de\\\/en\\\/product\\\/das-laecheln-des-buddha\\\/\",\"url\":\"https:\\\/\\\/clarityproject.de\\\/en\\\/product\\\/das-laecheln-des-buddha\\\/\",\"name\":\"Das L\u00e4cheln des Buddha - The Clarity Project\u00ae\",\"isPartOf\":{\"@id\":\"https:\\\/\\\/clarityproject.de\\\/en\\\/#website\"},\"primaryImageOfPage\":{\"@id\":\"https:\\\/\\\/clarityproject.de\\\/en\\\/product\\\/das-laecheln-des-buddha\\\/#primaryimage\"},\"image\":{\"@id\":\"https:\\\/\\\/clarityproject.de\\\/en\\\/product\\\/das-laecheln-des-buddha\\\/#primaryimage\"},\"thumbnailUrl\":\"https:\\\/\\\/clarityproject.de\\\/wp-content\\\/uploads\\\/2021\\\/12\\\/Traum_Cover_Titel-2-Kopie.jpg\",\"datePublished\":\"2021-12-08T12:50:38+00:00\",\"dateModified\":\"2023-02-08T21:32:16+00:00\",\"breadcrumb\":{\"@id\":\"https:\\\/\\\/clarityproject.de\\\/en\\\/product\\\/das-laecheln-des-buddha\\\/#breadcrumb\"},\"inLanguage\":\"en-US\",\"potentialAction\":[{\"@type\":\"ReadAction\",\"target\":[\"https:\\\/\\\/clarityproject.de\\\/en\\\/product\\\/das-laecheln-des-buddha\\\/\"]}]},{\"@type\":\"ImageObject\",\"inLanguage\":\"en-US\",\"@id\":\"https:\\\/\\\/clarityproject.de\\\/en\\\/product\\\/das-laecheln-des-buddha\\\/#primaryimage\",\"url\":\"https:\\\/\\\/clarityproject.de\\\/wp-content\\\/uploads\\\/2021\\\/12\\\/Traum_Cover_Titel-2-Kopie.jpg\",\"contentUrl\":\"https:\\\/\\\/clarityproject.de\\\/wp-content\\\/uploads\\\/2021\\\/12\\\/Traum_Cover_Titel-2-Kopie.jpg\",\"width\":866,\"height\":788},{\"@type\":\"BreadcrumbList\",\"@id\":\"https:\\\/\\\/clarityproject.de\\\/en\\\/product\\\/das-laecheln-des-buddha\\\/#breadcrumb\",\"itemListElement\":[{\"@type\":\"ListItem\",\"position\":1,\"name\":\"Startseite\",\"item\":\"https:\\\/\\\/clarityproject.de\\\/en\\\/\"},{\"@type\":\"ListItem\",\"position\":2,\"name\":\"Shop\",\"item\":\"https:\\\/\\\/clarityproject.de\\\/en\\\/shop-2\\\/\"},{\"@type\":\"ListItem\",\"position\":3,\"name\":\"Das L\u00e4cheln des Buddha\"}]},{\"@type\":\"WebSite\",\"@id\":\"https:\\\/\\\/clarityproject.de\\\/en\\\/#website\",\"url\":\"https:\\\/\\\/clarityproject.de\\\/en\\\/\",\"name\":\"The Clarity Project\u00ae\",\"description\":\"\",\"publisher\":{\"@id\":\"https:\\\/\\\/clarityproject.de\\\/en\\\/#organization\"},\"potentialAction\":[{\"@type\":\"SearchAction\",\"target\":{\"@type\":\"EntryPoint\",\"urlTemplate\":\"https:\\\/\\\/clarityproject.de\\\/en\\\/?s={search_term_string}\"},\"query-input\":{\"@type\":\"PropertyValueSpecification\",\"valueRequired\":true,\"valueName\":\"search_term_string\"}}],\"inLanguage\":\"en-US\"},{\"@type\":\"Organization\",\"@id\":\"https:\\\/\\\/clarityproject.de\\\/en\\\/#organization\",\"name\":\"Clarity Project\",\"url\":\"https:\\\/\\\/clarityproject.de\\\/en\\\/\",\"logo\":{\"@type\":\"ImageObject\",\"inLanguage\":\"en-US\",\"@id\":\"https:\\\/\\\/clarityproject.de\\\/en\\\/#\\\/schema\\\/logo\\\/image\\\/\",\"url\":\"https:\\\/\\\/clarityproject.de\\\/wp-content\\\/uploads\\\/2021\\\/07\\\/logo-original-clarity.jpg\",\"contentUrl\":\"https:\\\/\\\/clarityproject.de\\\/wp-content\\\/uploads\\\/2021\\\/07\\\/logo-original-clarity.jpg\",\"width\":625,\"height\":899,\"caption\":\"Clarity Project\"},\"image\":{\"@id\":\"https:\\\/\\\/clarityproject.de\\\/en\\\/#\\\/schema\\\/logo\\\/image\\\/\"}}]}<\/script>\n<!-- \/ Yoast SEO plugin. -->","yoast_head_json":{"title":"Das L\u00e4cheln des Buddha - The Clarity Project\u00ae","robots":{"index":"index","follow":"follow","max-snippet":"max-snippet:-1","max-image-preview":"max-image-preview:large","max-video-preview":"max-video-preview:-1"},"canonical":"https:\/\/clarityproject.de\/en\/product\/das-laecheln-des-buddha\/","og_locale":"en_US","og_type":"article","og_title":"Das L\u00e4cheln des Buddha - The Clarity Project\u00ae","og_description":"Traumreise\/Meditation mit Nishkam, Diese Traumreise nach Jeru Kabbal ist eine gute Erg\u00e4nzung zur Quantum Light Breath Meditation (QLB).Hinf\u00fchrung zur stillen Meditation, ca. 60 min, in deutsch\/german","og_url":"https:\/\/clarityproject.de\/en\/product\/das-laecheln-des-buddha\/","og_site_name":"The Clarity Project\u00ae","article_modified_time":"2023-02-08T21:32:16+00:00","og_image":[{"width":866,"height":788,"url":"https:\/\/clarityproject.de\/wp-content\/uploads\/2021\/12\/Traum_Cover_Titel-2-Kopie.jpg","type":"image\/jpeg"}],"twitter_card":"summary_large_image","twitter_misc":{"Est. reading time":"1 minute"},"schema":{"@context":"https:\/\/schema.org","@graph":[{"@type":"WebPage","@id":"https:\/\/clarityproject.de\/en\/product\/das-laecheln-des-buddha\/","url":"https:\/\/clarityproject.de\/en\/product\/das-laecheln-des-buddha\/","name":"Das L\u00e4cheln des Buddha - The Clarity Project\u00ae","isPartOf":{"@id":"https:\/\/clarityproject.de\/en\/#website"},"primaryImageOfPage":{"@id":"https:\/\/clarityproject.de\/en\/product\/das-laecheln-des-buddha\/#primaryimage"},"image":{"@id":"https:\/\/clarityproject.de\/en\/product\/das-laecheln-des-buddha\/#primaryimage"},"thumbnailUrl":"https:\/\/clarityproject.de\/wp-content\/uploads\/2021\/12\/Traum_Cover_Titel-2-Kopie.jpg","datePublished":"2021-12-08T12:50:38+00:00","dateModified":"2023-02-08T21:32:16+00:00","breadcrumb":{"@id":"https:\/\/clarityproject.de\/en\/product\/das-laecheln-des-buddha\/#breadcrumb"},"inLanguage":"en-US","potentialAction":[{"@type":"ReadAction","target":["https:\/\/clarityproject.de\/en\/product\/das-laecheln-des-buddha\/"]}]},{"@type":"ImageObject","inLanguage":"en-US","@id":"https:\/\/clarityproject.de\/en\/product\/das-laecheln-des-buddha\/#primaryimage","url":"https:\/\/clarityproject.de\/wp-content\/uploads\/2021\/12\/Traum_Cover_Titel-2-Kopie.jpg","contentUrl":"https:\/\/clarityproject.de\/wp-content\/uploads\/2021\/12\/Traum_Cover_Titel-2-Kopie.jpg","width":866,"height":788},{"@type":"BreadcrumbList","@id":"https:\/\/clarityproject.de\/en\/product\/das-laecheln-des-buddha\/#breadcrumb","itemListElement":[{"@type":"ListItem","position":1,"name":"Startseite","item":"https:\/\/clarityproject.de\/en\/"},{"@type":"ListItem","position":2,"name":"Shop","item":"https:\/\/clarityproject.de\/en\/shop-2\/"},{"@type":"ListItem","position":3,"name":"Das L\u00e4cheln des Buddha"}]},{"@type":"WebSite","@id":"https:\/\/clarityproject.de\/en\/#website","url":"https:\/\/clarityproject.de\/en\/","name":"The Clarity Project\u00ae","description":"","publisher":{"@id":"https:\/\/clarityproject.de\/en\/#organization"},"potentialAction":[{"@type":"SearchAction","target":{"@type":"EntryPoint","urlTemplate":"https:\/\/clarityproject.de\/en\/?s={search_term_string}"},"query-input":{"@type":"PropertyValueSpecification","valueRequired":true,"valueName":"search_term_string"}}],"inLanguage":"en-US"},{"@type":"Organization","@id":"https:\/\/clarityproject.de\/en\/#organization","name":"Clarity Project","url":"https:\/\/clarityproject.de\/en\/","logo":{"@type":"ImageObject","inLanguage":"en-US","@id":"https:\/\/clarityproject.de\/en\/#\/schema\/logo\/image\/","url":"https:\/\/clarityproject.de\/wp-content\/uploads\/2021\/07\/logo-original-clarity.jpg","contentUrl":"https:\/\/clarityproject.de\/wp-content\/uploads\/2021\/07\/logo-original-clarity.jpg","width":625,"height":899,"caption":"Clarity Project"},"image":{"@id":"https:\/\/clarityproject.de\/en\/#\/schema\/logo\/image\/"}}]}},"jetpack_sharing_enabled":true,"_links":{"self":[{"href":"https:\/\/clarityproject.de\/en\/wp-json\/wp\/v2\/product\/21905","targetHints":{"allow":["GET"]}}],"collection":[{"href":"https:\/\/clarityproject.de\/en\/wp-json\/wp\/v2\/product"}],"about":[{"href":"https:\/\/clarityproject.de\/en\/wp-json\/wp\/v2\/types\/product"}],"replies":[{"embeddable":true,"href":"https:\/\/clarityproject.de\/en\/wp-json\/wp\/v2\/comments?post=21905"}],"wp:featuredmedia":[{"embeddable":true,"href":"https:\/\/clarityproject.de\/en\/wp-json\/wp\/v2\/media\/21849"}],"wp:attachment":[{"href":"https:\/\/clarityproject.de\/en\/wp-json\/wp\/v2\/media?parent=21905"}],"wp:term":[{"taxonomy":"product_brand","embeddable":true,"href":"https:\/\/clarityproject.de\/en\/wp-json\/wp\/v2\/product_brand?post=21905"},{"taxonomy":"product_cat","embeddable":true,"href":"https:\/\/clarityproject.de\/en\/wp-json\/wp\/v2\/product_cat?post=21905"},{"taxonomy":"product_tag","embeddable":true,"href":"https:\/\/clarityproject.de\/en\/wp-json\/wp\/v2\/product_tag?post=21905"}],"curies":[{"name":"wp","href":"https:\/\/api.w.org\/{rel}","templated":true}]}}