{"id":21825,"date":"2021-12-07T14:16:18","date_gmt":"2021-12-07T13:16:18","guid":{"rendered":"https:\/\/clarityproject.de\/?post_type=product&#038;p=21825"},"modified":"2022-12-26T15:54:41","modified_gmt":"2022-12-26T14:54:41","slug":"entspannung-fuer-tag-nacht","status":"publish","type":"product","link":"https:\/\/clarityproject.de\/en\/product\/entspannung-fuer-tag-nacht\/","title":{"rendered":"Entspannung f\u00fcr Tag &#038; Nacht"},"content":{"rendered":"<p>ClarityGuide\u00a0Nishkam interpretiert Jeru Kabbals Relaxations einf\u00fchlsam f\u00fcr Entspannungen im Liegen.<\/p>\n<p>Die erste gef\u00fchrte Entspannung sorgt tags\u00fcber f\u00fcr k\u00f6rperliches Loslassen und einen klaren Geist\u00a0 (Fingersignal-Achtsamkeits-Entspannung (Body-Scan)<\/p>\n<p>Die zweite bringt gutes Einschlafen und einen erholsamen Schlaf (Originaltitel: Good Night Sleep) und ist eine \u00dcbung zum Loslassen des K\u00f6rpers.<\/p>\n<p>Christian Obermaier\u00a0 hat dazu \u00a0eigens die passende Trancemusik komponiert und eingespielt. CHRISTIAN OBERMAIER ist Musiker beim M\u00fcnchner Rundfunkorchester, Komponist\/Arrangeur im eigenen Tonstudio und Clarity Sch\u00fcler. Er wirkte musikalisch bei \u00fcber 100 CD- und zahlreichen TV-Produktionen mit.<\/p>\n<p>Hier eine H\u00f6rprobe:<\/p>\n<audio class=\"wp-audio-shortcode\" id=\"audio-21825-1\" preload=\"none\" style=\"width: 100%;\" controls=\"controls\"><source type=\"audio\/mpeg\" src=\"https:\/\/clarityproject.de\/wp-content\/uploads\/Entspannung_fuer_den_Tag_Audiosample.mp3?_=1\" \/><a href=\"https:\/\/clarityproject.de\/wp-content\/uploads\/Entspannung_fuer_den_Tag_Audiosample.mp3\">https:\/\/clarityproject.de\/wp-content\/uploads\/Entspannung_fuer_den_Tag_Audiosample.mp3<\/a><\/audio>\n","protected":false},"excerpt":{"rendered":"<p>Zwei Entspannungstechniken (Body scan und Hypno), um frisch zu werden f\u00fcr den Tag und gut durchzuschlafen f\u00fcr die Nacht.<br \/>\nText: Jeru Kabbal, Musik: Christian Obermaier. In deutsch\/german<\/p>\n","protected":false},"featured_media":21830,"comment_status":"open","ping_status":"closed","template":"","meta":[],"product_brand":[],"product_cat":[87],"product_tag":[90,91],"class_list":{"0":"post-21825","1":"product","2":"type-product","3":"status-publish","4":"has-post-thumbnail","6":"product_cat-traumreisen-entspannungen","7":"product_tag-deutsch","8":"product_tag-german","9":"sales-flash-overlay","10":"woocommerce-text-align-center","11":"woocommerce-image-align-center","12":"do-quantity-buttons","14":"first","15":"instock","16":"taxable","17":"shipping-taxable","18":"purchasable","19":"product-type-variable"},"yoast_head":"<!-- This site is optimized with the Yoast SEO plugin v27.4 - https:\/\/yoast.com\/product\/yoast-seo-wordpress\/ -->\n<title>Entspannung f\u00fcr Tag &#038; Nacht - The Clarity Project\u00ae<\/title>\n<meta name=\"robots\" content=\"index, follow, max-snippet:-1, max-image-preview:large, max-video-preview:-1\" \/>\n<link rel=\"canonical\" href=\"https:\/\/clarityproject.de\/en\/product\/entspannung-fuer-tag-nacht\/\" \/>\n<meta property=\"og:locale\" content=\"en_US\" \/>\n<meta property=\"og:type\" content=\"article\" \/>\n<meta property=\"og:title\" content=\"Entspannung f\u00fcr Tag &#038; Nacht - The Clarity Project\u00ae\" \/>\n<meta property=\"og:description\" content=\"Zwei Entspannungstechniken (Body scan und Hypno), um frisch zu werden f\u00fcr den Tag und gut durchzuschlafen f\u00fcr die Nacht. Text: Jeru Kabbal, Musik: Christian Obermaier. In deutsch\/german\" \/>\n<meta property=\"og:url\" content=\"https:\/\/clarityproject.de\/en\/product\/entspannung-fuer-tag-nacht\/\" \/>\n<meta property=\"og:site_name\" content=\"The Clarity Project\u00ae\" \/>\n<meta property=\"article:modified_time\" content=\"2022-12-26T14:54:41+00:00\" \/>\n<meta property=\"og:image\" content=\"https:\/\/clarityproject.de\/wp-content\/uploads\/2021\/12\/Entspannung_Tag_Nacht3.png\" \/>\n\t<meta property=\"og:image:width\" content=\"482\" \/>\n\t<meta property=\"og:image:height\" content=\"482\" \/>\n\t<meta property=\"og:image:type\" content=\"image\/png\" \/>\n<meta name=\"twitter:card\" content=\"summary_large_image\" \/>\n<meta name=\"twitter:label1\" content=\"Est. reading time\" \/>\n\t<meta name=\"twitter:data1\" content=\"1 minute\" \/>\n<script type=\"application\/ld+json\" class=\"yoast-schema-graph\">{\"@context\":\"https:\\\/\\\/schema.org\",\"@graph\":[{\"@type\":\"WebPage\",\"@id\":\"https:\\\/\\\/clarityproject.de\\\/en\\\/product\\\/entspannung-fuer-tag-nacht\\\/\",\"url\":\"https:\\\/\\\/clarityproject.de\\\/en\\\/product\\\/entspannung-fuer-tag-nacht\\\/\",\"name\":\"Entspannung f\u00fcr Tag &#038; Nacht - The Clarity Project\u00ae\",\"isPartOf\":{\"@id\":\"https:\\\/\\\/clarityproject.de\\\/en\\\/#website\"},\"primaryImageOfPage\":{\"@id\":\"https:\\\/\\\/clarityproject.de\\\/en\\\/product\\\/entspannung-fuer-tag-nacht\\\/#primaryimage\"},\"image\":{\"@id\":\"https:\\\/\\\/clarityproject.de\\\/en\\\/product\\\/entspannung-fuer-tag-nacht\\\/#primaryimage\"},\"thumbnailUrl\":\"https:\\\/\\\/clarityproject.de\\\/wp-content\\\/uploads\\\/2021\\\/12\\\/Entspannung_Tag_Nacht3.png\",\"datePublished\":\"2021-12-07T13:16:18+00:00\",\"dateModified\":\"2022-12-26T14:54:41+00:00\",\"breadcrumb\":{\"@id\":\"https:\\\/\\\/clarityproject.de\\\/en\\\/product\\\/entspannung-fuer-tag-nacht\\\/#breadcrumb\"},\"inLanguage\":\"en-US\",\"potentialAction\":[{\"@type\":\"ReadAction\",\"target\":[\"https:\\\/\\\/clarityproject.de\\\/en\\\/product\\\/entspannung-fuer-tag-nacht\\\/\"]}]},{\"@type\":\"ImageObject\",\"inLanguage\":\"en-US\",\"@id\":\"https:\\\/\\\/clarityproject.de\\\/en\\\/product\\\/entspannung-fuer-tag-nacht\\\/#primaryimage\",\"url\":\"https:\\\/\\\/clarityproject.de\\\/wp-content\\\/uploads\\\/2021\\\/12\\\/Entspannung_Tag_Nacht3.png\",\"contentUrl\":\"https:\\\/\\\/clarityproject.de\\\/wp-content\\\/uploads\\\/2021\\\/12\\\/Entspannung_Tag_Nacht3.png\",\"width\":482,\"height\":482},{\"@type\":\"BreadcrumbList\",\"@id\":\"https:\\\/\\\/clarityproject.de\\\/en\\\/product\\\/entspannung-fuer-tag-nacht\\\/#breadcrumb\",\"itemListElement\":[{\"@type\":\"ListItem\",\"position\":1,\"name\":\"Startseite\",\"item\":\"https:\\\/\\\/clarityproject.de\\\/en\\\/\"},{\"@type\":\"ListItem\",\"position\":2,\"name\":\"Shop\",\"item\":\"https:\\\/\\\/clarityproject.de\\\/en\\\/shop-2\\\/\"},{\"@type\":\"ListItem\",\"position\":3,\"name\":\"Entspannung f\u00fcr Tag &#038; Nacht\"}]},{\"@type\":\"WebSite\",\"@id\":\"https:\\\/\\\/clarityproject.de\\\/en\\\/#website\",\"url\":\"https:\\\/\\\/clarityproject.de\\\/en\\\/\",\"name\":\"The Clarity Project\u00ae\",\"description\":\"\",\"publisher\":{\"@id\":\"https:\\\/\\\/clarityproject.de\\\/en\\\/#organization\"},\"potentialAction\":[{\"@type\":\"SearchAction\",\"target\":{\"@type\":\"EntryPoint\",\"urlTemplate\":\"https:\\\/\\\/clarityproject.de\\\/en\\\/?s={search_term_string}\"},\"query-input\":{\"@type\":\"PropertyValueSpecification\",\"valueRequired\":true,\"valueName\":\"search_term_string\"}}],\"inLanguage\":\"en-US\"},{\"@type\":\"Organization\",\"@id\":\"https:\\\/\\\/clarityproject.de\\\/en\\\/#organization\",\"name\":\"Clarity Project\",\"url\":\"https:\\\/\\\/clarityproject.de\\\/en\\\/\",\"logo\":{\"@type\":\"ImageObject\",\"inLanguage\":\"en-US\",\"@id\":\"https:\\\/\\\/clarityproject.de\\\/en\\\/#\\\/schema\\\/logo\\\/image\\\/\",\"url\":\"https:\\\/\\\/clarityproject.de\\\/wp-content\\\/uploads\\\/2021\\\/07\\\/logo-original-clarity.jpg\",\"contentUrl\":\"https:\\\/\\\/clarityproject.de\\\/wp-content\\\/uploads\\\/2021\\\/07\\\/logo-original-clarity.jpg\",\"width\":625,\"height\":899,\"caption\":\"Clarity Project\"},\"image\":{\"@id\":\"https:\\\/\\\/clarityproject.de\\\/en\\\/#\\\/schema\\\/logo\\\/image\\\/\"}}]}<\/script>\n<!-- \/ Yoast SEO plugin. -->","yoast_head_json":{"title":"Entspannung f\u00fcr Tag &#038; Nacht - The Clarity Project\u00ae","robots":{"index":"index","follow":"follow","max-snippet":"max-snippet:-1","max-image-preview":"max-image-preview:large","max-video-preview":"max-video-preview:-1"},"canonical":"https:\/\/clarityproject.de\/en\/product\/entspannung-fuer-tag-nacht\/","og_locale":"en_US","og_type":"article","og_title":"Entspannung f\u00fcr Tag &#038; Nacht - The Clarity Project\u00ae","og_description":"Zwei Entspannungstechniken (Body scan und Hypno), um frisch zu werden f\u00fcr den Tag und gut durchzuschlafen f\u00fcr die Nacht. Text: Jeru Kabbal, Musik: Christian Obermaier. In deutsch\/german","og_url":"https:\/\/clarityproject.de\/en\/product\/entspannung-fuer-tag-nacht\/","og_site_name":"The Clarity Project\u00ae","article_modified_time":"2022-12-26T14:54:41+00:00","og_image":[{"width":482,"height":482,"url":"https:\/\/clarityproject.de\/wp-content\/uploads\/2021\/12\/Entspannung_Tag_Nacht3.png","type":"image\/png"}],"twitter_card":"summary_large_image","twitter_misc":{"Est. reading time":"1 minute"},"schema":{"@context":"https:\/\/schema.org","@graph":[{"@type":"WebPage","@id":"https:\/\/clarityproject.de\/en\/product\/entspannung-fuer-tag-nacht\/","url":"https:\/\/clarityproject.de\/en\/product\/entspannung-fuer-tag-nacht\/","name":"Entspannung f\u00fcr Tag &#038; Nacht - The Clarity Project\u00ae","isPartOf":{"@id":"https:\/\/clarityproject.de\/en\/#website"},"primaryImageOfPage":{"@id":"https:\/\/clarityproject.de\/en\/product\/entspannung-fuer-tag-nacht\/#primaryimage"},"image":{"@id":"https:\/\/clarityproject.de\/en\/product\/entspannung-fuer-tag-nacht\/#primaryimage"},"thumbnailUrl":"https:\/\/clarityproject.de\/wp-content\/uploads\/2021\/12\/Entspannung_Tag_Nacht3.png","datePublished":"2021-12-07T13:16:18+00:00","dateModified":"2022-12-26T14:54:41+00:00","breadcrumb":{"@id":"https:\/\/clarityproject.de\/en\/product\/entspannung-fuer-tag-nacht\/#breadcrumb"},"inLanguage":"en-US","potentialAction":[{"@type":"ReadAction","target":["https:\/\/clarityproject.de\/en\/product\/entspannung-fuer-tag-nacht\/"]}]},{"@type":"ImageObject","inLanguage":"en-US","@id":"https:\/\/clarityproject.de\/en\/product\/entspannung-fuer-tag-nacht\/#primaryimage","url":"https:\/\/clarityproject.de\/wp-content\/uploads\/2021\/12\/Entspannung_Tag_Nacht3.png","contentUrl":"https:\/\/clarityproject.de\/wp-content\/uploads\/2021\/12\/Entspannung_Tag_Nacht3.png","width":482,"height":482},{"@type":"BreadcrumbList","@id":"https:\/\/clarityproject.de\/en\/product\/entspannung-fuer-tag-nacht\/#breadcrumb","itemListElement":[{"@type":"ListItem","position":1,"name":"Startseite","item":"https:\/\/clarityproject.de\/en\/"},{"@type":"ListItem","position":2,"name":"Shop","item":"https:\/\/clarityproject.de\/en\/shop-2\/"},{"@type":"ListItem","position":3,"name":"Entspannung f\u00fcr Tag &#038; Nacht"}]},{"@type":"WebSite","@id":"https:\/\/clarityproject.de\/en\/#website","url":"https:\/\/clarityproject.de\/en\/","name":"The Clarity Project\u00ae","description":"","publisher":{"@id":"https:\/\/clarityproject.de\/en\/#organization"},"potentialAction":[{"@type":"SearchAction","target":{"@type":"EntryPoint","urlTemplate":"https:\/\/clarityproject.de\/en\/?s={search_term_string}"},"query-input":{"@type":"PropertyValueSpecification","valueRequired":true,"valueName":"search_term_string"}}],"inLanguage":"en-US"},{"@type":"Organization","@id":"https:\/\/clarityproject.de\/en\/#organization","name":"Clarity Project","url":"https:\/\/clarityproject.de\/en\/","logo":{"@type":"ImageObject","inLanguage":"en-US","@id":"https:\/\/clarityproject.de\/en\/#\/schema\/logo\/image\/","url":"https:\/\/clarityproject.de\/wp-content\/uploads\/2021\/07\/logo-original-clarity.jpg","contentUrl":"https:\/\/clarityproject.de\/wp-content\/uploads\/2021\/07\/logo-original-clarity.jpg","width":625,"height":899,"caption":"Clarity Project"},"image":{"@id":"https:\/\/clarityproject.de\/en\/#\/schema\/logo\/image\/"}}]}},"jetpack_sharing_enabled":true,"_links":{"self":[{"href":"https:\/\/clarityproject.de\/en\/wp-json\/wp\/v2\/product\/21825","targetHints":{"allow":["GET"]}}],"collection":[{"href":"https:\/\/clarityproject.de\/en\/wp-json\/wp\/v2\/product"}],"about":[{"href":"https:\/\/clarityproject.de\/en\/wp-json\/wp\/v2\/types\/product"}],"replies":[{"embeddable":true,"href":"https:\/\/clarityproject.de\/en\/wp-json\/wp\/v2\/comments?post=21825"}],"wp:featuredmedia":[{"embeddable":true,"href":"https:\/\/clarityproject.de\/en\/wp-json\/wp\/v2\/media\/21830"}],"wp:attachment":[{"href":"https:\/\/clarityproject.de\/en\/wp-json\/wp\/v2\/media?parent=21825"}],"wp:term":[{"taxonomy":"product_brand","embeddable":true,"href":"https:\/\/clarityproject.de\/en\/wp-json\/wp\/v2\/product_brand?post=21825"},{"taxonomy":"product_cat","embeddable":true,"href":"https:\/\/clarityproject.de\/en\/wp-json\/wp\/v2\/product_cat?post=21825"},{"taxonomy":"product_tag","embeddable":true,"href":"https:\/\/clarityproject.de\/en\/wp-json\/wp\/v2\/product_tag?post=21825"}],"curies":[{"name":"wp","href":"https:\/\/api.w.org\/{rel}","templated":true}]}}