{"id":22506,"date":"2021-12-06T15:27:55","date_gmt":"2021-12-06T14:27:55","guid":{"rendered":"https:\/\/clarityproject.de\/versand__lieferung\/"},"modified":"2025-04-14T12:35:52","modified_gmt":"2025-04-14T10:35:52","slug":"versand__lieferung","status":"publish","type":"page","link":"https:\/\/clarityproject.de\/en\/versand__lieferung\/","title":{"rendered":"Versand &#038; Lieferung"},"content":{"rendered":"<div class=\"gb-container gb-container-4ac37228\"><div class=\"gb-inside-container\">\n\n<p>Unsere Versandkosten staffeln sich wie folgt:<br><\/p>\n\n\n\n<figure class=\"wp-block-table\"><table><tbody><tr><td><strong>Land<\/strong><\/td><td><strong>Versandart<\/strong><\/td><td><strong>Preis<\/strong><\/td><\/tr><tr><td>DE&nbsp;<\/td><td>Versand bis 4 CDs (Grossbrief)<\/td><td>\u20ac&nbsp;3,2<\/td><\/tr><tr><td>DE<\/td><td>Versand&nbsp;ab 4-8 CDs (Maxibrief)<\/td><td>\u20ac 3,7<\/td><\/tr><tr><td>DE<\/td><td>Paketpauschale<\/td><td>\u20ac 6,00<\/td><\/tr><tr><td>&nbsp;DE<\/td><td>&nbsp;Tshirt\/Hoodie<\/td><td>\u00a0kostenlos in D<\/td><\/tr><tr><td>&nbsp;<\/td><td>&nbsp;<\/td><td>&nbsp;<\/td><\/tr><tr><td>EU<\/td><td>Maxiletter EU, zB. 1-6 CDs&nbsp;<\/td><td>\u20ac 4,50<\/td><\/tr><tr><td>EU<\/td><td>Big Maxiletter EU, zB 5-8 CDs&nbsp;<\/td><td>\u20ac 9,0<\/td><\/tr><tr><td>EU<\/td><td>ab 1 kg&nbsp; EU&nbsp; \u20ac<\/td><td>\u20ac 16,00<\/td><\/tr><tr><td>EU<\/td><td>Paket EU (except N + CH)<\/td><td>\u20ac 19,00<\/td><\/tr><tr><td>&nbsp;<\/td><td>\u00a0Tshirt\/Hoodie<\/td><td>&nbsp;<\/td><\/tr><tr><td>World<\/td><td>1-4 CDs world<\/td><td>\u20ac 8,00<\/td><\/tr><tr><td>World<\/td><td>5-8 CDs world<\/td><td>\u20ac 14,00<\/td><\/tr><tr><td>World<\/td><td>(+N, CH) Parcel<\/td><td>\u20ac 33,00<\/td><\/tr><tr><td>&nbsp;<\/td><td>&nbsp;<\/td><td>&nbsp;<\/td><\/tr><tr><td>World<\/td><td>Download<\/td><td>\u20ac 0,00<\/td><\/tr><\/tbody><\/table><\/figure>\n\n\n\n<p><\/p>\n\n\n\n<p><br>&nbsp;Der gelieferten Ware liegt eine Rechnung bei, die den zu zahlenden Gesamtbetrag ausweist. Angaben zu Zahlungsbetr\u00e4gen, die im Bestellvorgang der Internetseite angegeben werden, k\u00f6nnen auf der eigentlichen Rechnung abweichen, da Rabatte und Porti oder spezielle MWSteuerabweichungen in nicht-EU-L\u00e4nder und zollfreie Zonen aus technischen Gr\u00fcnden nicht immer genau berechnet werden. Die korrekte Rechnung ist jedoch nie h\u00f6her, als die auf der Internetseite angegebene Summe, sofern hier das korrekte Porto angeklickt wird. \u00dcberbezahlte Rechnungen, beispielsweise durch Vorauszahlung per Paypal, werden in der Regel nicht automatisch, sondern nur auf Antrag des Kunden zur\u00fcckerstattet<\/p>\n\n<\/div><\/div>","protected":false},"excerpt":{"rendered":"<p>Unsere Versandkosten staffeln sich wie folgt: Land Versandart Preis DE&nbsp; Versand bis 4 CDs (Grossbrief) \u20ac&nbsp;3,2 DE Versand&nbsp;ab 4-8 CDs (Maxibrief) \u20ac 3,7 DE Paketpauschale \u20ac 6,00 &nbsp;DE &nbsp;Tshirt\/Hoodie \u00a0kostenlos &#8230; <a title=\"Versand &#038; Lieferung\" class=\"read-more\" href=\"https:\/\/clarityproject.de\/en\/versand__lieferung\/\" aria-label=\"Read more about Versand &#038; Lieferung\">\u00bb\u00bbweiterlesen<\/a><\/p>\n","protected":false},"author":1,"featured_media":0,"parent":0,"menu_order":0,"comment_status":"closed","ping_status":"closed","template":"","meta":{"footnotes":""},"class_list":["post-22506","page","type-page","status-publish"],"yoast_head":"<!-- This site is optimized with the Yoast SEO plugin v27.4 - https:\/\/yoast.com\/product\/yoast-seo-wordpress\/ -->\n<title>Versand &#038; Lieferung - The Clarity Project\u00ae<\/title>\n<meta name=\"robots\" content=\"index, follow, max-snippet:-1, max-image-preview:large, max-video-preview:-1\" \/>\n<link rel=\"canonical\" href=\"https:\/\/clarityproject.de\/en\/versand__lieferung\/\" \/>\n<meta property=\"og:locale\" content=\"en_US\" \/>\n<meta property=\"og:type\" content=\"article\" \/>\n<meta property=\"og:title\" content=\"Versand &#038; Lieferung - The Clarity Project\u00ae\" \/>\n<meta property=\"og:description\" content=\"Unsere Versandkosten staffeln sich wie folgt: Land Versandart Preis DE&nbsp; Versand bis 4 CDs (Grossbrief) \u20ac&nbsp;3,2 DE Versand&nbsp;ab 4-8 CDs (Maxibrief) \u20ac 3,7 DE Paketpauschale \u20ac 6,00 &nbsp;DE &nbsp;Tshirt\/Hoodie \u00a0kostenlos ... \u00bb\u00bbweiterlesen\" \/>\n<meta property=\"og:url\" content=\"https:\/\/clarityproject.de\/en\/versand__lieferung\/\" \/>\n<meta property=\"og:site_name\" content=\"The Clarity Project\u00ae\" \/>\n<meta property=\"article:modified_time\" content=\"2025-04-14T10:35:52+00:00\" \/>\n<meta name=\"twitter:card\" content=\"summary_large_image\" \/>\n<meta name=\"twitter:label1\" content=\"Est. reading time\" \/>\n\t<meta name=\"twitter:data1\" content=\"2 minutes\" \/>\n<script type=\"application\/ld+json\" class=\"yoast-schema-graph\">{\"@context\":\"https:\\\/\\\/schema.org\",\"@graph\":[{\"@type\":\"WebPage\",\"@id\":\"https:\\\/\\\/clarityproject.de\\\/en\\\/versand__lieferung\\\/\",\"url\":\"https:\\\/\\\/clarityproject.de\\\/en\\\/versand__lieferung\\\/\",\"name\":\"Versand &#038; Lieferung - The Clarity Project\u00ae\",\"isPartOf\":{\"@id\":\"https:\\\/\\\/clarityproject.de\\\/en\\\/#website\"},\"datePublished\":\"2021-12-06T14:27:55+00:00\",\"dateModified\":\"2025-04-14T10:35:52+00:00\",\"breadcrumb\":{\"@id\":\"https:\\\/\\\/clarityproject.de\\\/en\\\/versand__lieferung\\\/#breadcrumb\"},\"inLanguage\":\"en-US\",\"potentialAction\":[{\"@type\":\"ReadAction\",\"target\":[\"https:\\\/\\\/clarityproject.de\\\/en\\\/versand__lieferung\\\/\"]}]},{\"@type\":\"BreadcrumbList\",\"@id\":\"https:\\\/\\\/clarityproject.de\\\/en\\\/versand__lieferung\\\/#breadcrumb\",\"itemListElement\":[{\"@type\":\"ListItem\",\"position\":1,\"name\":\"Startseite\",\"item\":\"https:\\\/\\\/clarityproject.de\\\/en\\\/\"},{\"@type\":\"ListItem\",\"position\":2,\"name\":\"Versand &#038; Lieferung\"}]},{\"@type\":\"WebSite\",\"@id\":\"https:\\\/\\\/clarityproject.de\\\/en\\\/#website\",\"url\":\"https:\\\/\\\/clarityproject.de\\\/en\\\/\",\"name\":\"The Clarity Project\u00ae\",\"description\":\"\",\"publisher\":{\"@id\":\"https:\\\/\\\/clarityproject.de\\\/en\\\/#organization\"},\"potentialAction\":[{\"@type\":\"SearchAction\",\"target\":{\"@type\":\"EntryPoint\",\"urlTemplate\":\"https:\\\/\\\/clarityproject.de\\\/en\\\/?s={search_term_string}\"},\"query-input\":{\"@type\":\"PropertyValueSpecification\",\"valueRequired\":true,\"valueName\":\"search_term_string\"}}],\"inLanguage\":\"en-US\"},{\"@type\":\"Organization\",\"@id\":\"https:\\\/\\\/clarityproject.de\\\/en\\\/#organization\",\"name\":\"Clarity Project\",\"url\":\"https:\\\/\\\/clarityproject.de\\\/en\\\/\",\"logo\":{\"@type\":\"ImageObject\",\"inLanguage\":\"en-US\",\"@id\":\"https:\\\/\\\/clarityproject.de\\\/en\\\/#\\\/schema\\\/logo\\\/image\\\/\",\"url\":\"https:\\\/\\\/clarityproject.de\\\/wp-content\\\/uploads\\\/2021\\\/07\\\/logo-original-clarity.jpg\",\"contentUrl\":\"https:\\\/\\\/clarityproject.de\\\/wp-content\\\/uploads\\\/2021\\\/07\\\/logo-original-clarity.jpg\",\"width\":625,\"height\":899,\"caption\":\"Clarity Project\"},\"image\":{\"@id\":\"https:\\\/\\\/clarityproject.de\\\/en\\\/#\\\/schema\\\/logo\\\/image\\\/\"}}]}<\/script>\n<!-- \/ Yoast SEO plugin. -->","yoast_head_json":{"title":"Versand &#038; Lieferung - The Clarity Project\u00ae","robots":{"index":"index","follow":"follow","max-snippet":"max-snippet:-1","max-image-preview":"max-image-preview:large","max-video-preview":"max-video-preview:-1"},"canonical":"https:\/\/clarityproject.de\/en\/versand__lieferung\/","og_locale":"en_US","og_type":"article","og_title":"Versand &#038; Lieferung - The Clarity Project\u00ae","og_description":"Unsere Versandkosten staffeln sich wie folgt: Land Versandart Preis DE&nbsp; Versand bis 4 CDs (Grossbrief) \u20ac&nbsp;3,2 DE Versand&nbsp;ab 4-8 CDs (Maxibrief) \u20ac 3,7 DE Paketpauschale \u20ac 6,00 &nbsp;DE &nbsp;Tshirt\/Hoodie \u00a0kostenlos ... \u00bb\u00bbweiterlesen","og_url":"https:\/\/clarityproject.de\/en\/versand__lieferung\/","og_site_name":"The Clarity Project\u00ae","article_modified_time":"2025-04-14T10:35:52+00:00","twitter_card":"summary_large_image","twitter_misc":{"Est. reading time":"2 minutes"},"schema":{"@context":"https:\/\/schema.org","@graph":[{"@type":"WebPage","@id":"https:\/\/clarityproject.de\/en\/versand__lieferung\/","url":"https:\/\/clarityproject.de\/en\/versand__lieferung\/","name":"Versand &#038; Lieferung - The Clarity Project\u00ae","isPartOf":{"@id":"https:\/\/clarityproject.de\/en\/#website"},"datePublished":"2021-12-06T14:27:55+00:00","dateModified":"2025-04-14T10:35:52+00:00","breadcrumb":{"@id":"https:\/\/clarityproject.de\/en\/versand__lieferung\/#breadcrumb"},"inLanguage":"en-US","potentialAction":[{"@type":"ReadAction","target":["https:\/\/clarityproject.de\/en\/versand__lieferung\/"]}]},{"@type":"BreadcrumbList","@id":"https:\/\/clarityproject.de\/en\/versand__lieferung\/#breadcrumb","itemListElement":[{"@type":"ListItem","position":1,"name":"Startseite","item":"https:\/\/clarityproject.de\/en\/"},{"@type":"ListItem","position":2,"name":"Versand &#038; Lieferung"}]},{"@type":"WebSite","@id":"https:\/\/clarityproject.de\/en\/#website","url":"https:\/\/clarityproject.de\/en\/","name":"The Clarity Project\u00ae","description":"","publisher":{"@id":"https:\/\/clarityproject.de\/en\/#organization"},"potentialAction":[{"@type":"SearchAction","target":{"@type":"EntryPoint","urlTemplate":"https:\/\/clarityproject.de\/en\/?s={search_term_string}"},"query-input":{"@type":"PropertyValueSpecification","valueRequired":true,"valueName":"search_term_string"}}],"inLanguage":"en-US"},{"@type":"Organization","@id":"https:\/\/clarityproject.de\/en\/#organization","name":"Clarity Project","url":"https:\/\/clarityproject.de\/en\/","logo":{"@type":"ImageObject","inLanguage":"en-US","@id":"https:\/\/clarityproject.de\/en\/#\/schema\/logo\/image\/","url":"https:\/\/clarityproject.de\/wp-content\/uploads\/2021\/07\/logo-original-clarity.jpg","contentUrl":"https:\/\/clarityproject.de\/wp-content\/uploads\/2021\/07\/logo-original-clarity.jpg","width":625,"height":899,"caption":"Clarity Project"},"image":{"@id":"https:\/\/clarityproject.de\/en\/#\/schema\/logo\/image\/"}}]}},"jetpack_sharing_enabled":true,"_links":{"self":[{"href":"https:\/\/clarityproject.de\/en\/wp-json\/wp\/v2\/pages\/22506","targetHints":{"allow":["GET"]}}],"collection":[{"href":"https:\/\/clarityproject.de\/en\/wp-json\/wp\/v2\/pages"}],"about":[{"href":"https:\/\/clarityproject.de\/en\/wp-json\/wp\/v2\/types\/page"}],"author":[{"embeddable":true,"href":"https:\/\/clarityproject.de\/en\/wp-json\/wp\/v2\/users\/1"}],"replies":[{"embeddable":true,"href":"https:\/\/clarityproject.de\/en\/wp-json\/wp\/v2\/comments?post=22506"}],"version-history":[{"count":0,"href":"https:\/\/clarityproject.de\/en\/wp-json\/wp\/v2\/pages\/22506\/revisions"}],"wp:attachment":[{"href":"https:\/\/clarityproject.de\/en\/wp-json\/wp\/v2\/media?parent=22506"}],"curies":[{"name":"wp","href":"https:\/\/api.w.org\/{rel}","templated":true}]}}