{"id":22415,"date":"2021-12-20T15:43:43","date_gmt":"2021-12-20T14:43:43","guid":{"rendered":"https:\/\/clarityproject.de\/our-authors\/nishkam-lothar-koch\/"},"modified":"2026-04-23T18:44:48","modified_gmt":"2026-04-23T16:44:48","slug":"nishkam-lothar-koch","status":"publish","type":"page","link":"https:\/\/clarityproject.de\/en\/our-authors\/nishkam-lothar-koch\/","title":{"rendered":"Nishkam Lothar Koch"},"content":{"rendered":"<div class=\"gb-container gb-container-3949e911\"><div class=\"gb-inside-container\">\n<div class=\"wp-block-image\">\n<figure class=\"alignright size-full\"><img loading=\"lazy\" decoding=\"async\" width=\"172\" height=\"221\" src=\"https:\/\/clarityproject.de\/wp-content\/uploads\/2021\/12\/NishkamKoch.jpg\" alt=\"\" class=\"wp-image-22316\"\/><\/figure>\n<\/div>\n\n\n<p><strong>L. Nishkam Koch<\/strong><\/p>\n\n\n\n<p>Nishkam ist Gr\u00fcnder und Organisator des internationalen ClarityProjects und des ClarityVerlages und H\u00fcter des in Deutschland befindlichen Jeru Kabbal-Archivs.<\/p>\n\n\n\n<p>In diesem Rahmen ist er Herausgeber und \u00dcbersetzer von B\u00fcchern und Audiobeitr\u00e4gen des verstorbenen Therapeuten und Mystikers Jeru Kabbal.\u00a0<\/p>\n\n\n\n<p>Seit dem Tod seines Lehrers im Jahr 2000 begleitet er Menschen auf dessen strukturierten, transpersonalen Wachstumsweg, dem ClarityProcess<sup>\u00ae<\/sup>.\u00a0<\/p>\n\n\n\n<p>Nishkam praktiziert den Atemprozess Quantum Light Breath seit 1994 und bietet auch eigene Live-QLB-Sessions an. Er hat bereits an die tausend Menschen pers\u00f6nlich in die Quantum Light Breath-Meditation eingef\u00fchrt und angeleitet. Er ist auch gepr\u00fcfter\u00a0ist Heilpraktiker f\u00fcr Psychotherapie.<\/p>\n\n\n\n<p><strong>Von Nishkam Lothar Koch erschienen im Clarity<sup>\u00ae<\/sup>Verlag<\/strong><\/p>\n\n\n\n<p>-mehrere Audio-CDs: Entspannung f\u00fcr Tag und Nacht, Das L\u00e4cheln des Buddha, ClarityLetGo-Meditation, QLBs mit Nishkam<\/p>\n\n\n\n<p>&#8211; das Handbuch zum Quantum Light Breath: Ein Quantum Licht und der<br\/>utopische Roman Syltopia, der die Transformation der ber\u00fchmten Ferieninsel Sylt beschreibt, auf der Nishkam lebt<br\/>(<a href=\"http:\/\/www.syltopia.de\" target=\"_blank\" rel=\"noreferrer noopener\">Mehr zu Syltopia<\/a>).<\/p>\n\n\n\n<p>Nishkam Lothar Koch ist Co-Autor von &#8220;Fit mit Fastenwandern bei Werners auf Sylt. Im Feldhaus Verlag erschien der Naturerlebnisf\u00fchrer: Nat\u00fcrlich Sylt.\u00a0<\/p>\n\n\n\n<p>Der Springer Verlag ver\u00f6ffentlichte sein Fachbuch <em>Jeru Kabbal\u00b4s ClarityProcess. Leben und Werk eines Pioniers der transpersonalen Psychologie.\u00a0<\/em><\/p>\n\n<\/div><\/div>","protected":false},"excerpt":{"rendered":"<p>L. Nishkam Koch Nishkam ist Gr\u00fcnder und Organisator des internationalen ClarityProjects und des ClarityVerlages und H\u00fcter des in Deutschland befindlichen Jeru Kabbal-Archivs. In diesem Rahmen ist er Herausgeber und \u00dcbersetzer &#8230; <a title=\"Nishkam Lothar Koch\" class=\"read-more\" href=\"https:\/\/clarityproject.de\/en\/our-authors\/nishkam-lothar-koch\/\" aria-label=\"Read more about Nishkam Lothar Koch\">\u00bb\u00bbweiterlesen<\/a><\/p>\n","protected":false},"author":1,"featured_media":0,"parent":22409,"menu_order":2,"comment_status":"closed","ping_status":"closed","template":"","meta":{"footnotes":""},"class_list":["post-22415","page","type-page","status-publish"],"jetpack_sharing_enabled":true,"_links":{"self":[{"href":"https:\/\/clarityproject.de\/en\/wp-json\/wp\/v2\/pages\/22415","targetHints":{"allow":["GET"]}}],"collection":[{"href":"https:\/\/clarityproject.de\/en\/wp-json\/wp\/v2\/pages"}],"about":[{"href":"https:\/\/clarityproject.de\/en\/wp-json\/wp\/v2\/types\/page"}],"author":[{"embeddable":true,"href":"https:\/\/clarityproject.de\/en\/wp-json\/wp\/v2\/users\/1"}],"replies":[{"embeddable":true,"href":"https:\/\/clarityproject.de\/en\/wp-json\/wp\/v2\/comments?post=22415"}],"version-history":[{"count":1,"href":"https:\/\/clarityproject.de\/en\/wp-json\/wp\/v2\/pages\/22415\/revisions"}],"predecessor-version":[{"id":32710,"href":"https:\/\/clarityproject.de\/en\/wp-json\/wp\/v2\/pages\/22415\/revisions\/32710"}],"up":[{"embeddable":true,"href":"https:\/\/clarityproject.de\/en\/wp-json\/wp\/v2\/pages\/22409"}],"wp:attachment":[{"href":"https:\/\/clarityproject.de\/en\/wp-json\/wp\/v2\/media?parent=22415"}],"curies":[{"name":"wp","href":"https:\/\/api.w.org\/{rel}","templated":true}]}}