{"id":22411,"date":"2021-12-20T15:45:14","date_gmt":"2021-12-20T14:45:14","guid":{"rendered":"https:\/\/clarityproject.de\/our-authors\/fabian-ritter\/"},"modified":"2026-04-23T17:36:09","modified_gmt":"2026-04-23T15:36:09","slug":"fabian-ritter","status":"publish","type":"page","link":"https:\/\/clarityproject.de\/en\/our-authors\/fabian-ritter\/","title":{"rendered":"Fabian Ritter"},"content":{"rendered":"<div class=\"gb-container gb-container-0906b195\"><div class=\"gb-inside-container\">\n<div class=\"wp-block-image\">\n<figure class=\"alignright size-full\"><img loading=\"lazy\" decoding=\"async\" width=\"172\" height=\"221\" src=\"https:\/\/clarityproject.de\/wp-content\/uploads\/2021\/12\/FabianRitter.jpg\" alt=\"\" class=\"wp-image-22330\"\/><\/figure>\n<\/div>\n\n\n<p><strong>Fabian Ritter, Meeresbiologe und Walexperte, Berlin<\/strong><\/p>\n\n\n\n<p>Fabian Ritter ist freiberuflicher Biologe und leitet u. a bei der internationalen gemeinn\u00fctzigen Organisation WDC (Whale and Dolphin Conservation), die sich dem Schutz von Walen, Delfinen und deren Lebensraum widmet, die Kampagne \u201eWalheimat \u2013 sichere Schutzgebiete jetzt!\u201c.<\/p>\n\n\n\n<p>Fabian Ritter ist seit vielen Jahren Mitglied im Wissenschaftsausschuss bei der Internationalen Walfang Kommission (IWC). Seine Faszination f\u00fcr Wale und Delfine machte er mit dem Studium zum Beruf. Nachdem er an mehreren europ\u00e4ischen Delfinforschungsprojekten teilnahm, war er Mitgr\u00fcnder des Vereins M.E.E.R., bei dem er bis heute als Vorsitzender und wissenschaftlicher Leiter t\u00e4tig ist. Ein weiteres seiner Spezialgebiete ist das Fotografieren von Walen, Delfinen und anderen Meerestieren.<\/p>\n\n\n\n<p>Neben der Ver\u00f6ffentlichung zahlreicher wissenschaftlicher Artikel ist Ritter Autor von vier\u00a0B\u00fcchern, h\u00e4lt regelm\u00e4\u00dfig Vortr\u00e4ge und leitet seit vielen Jahren erfolgreich verhaltenbiologische Praktikumskurse auf La Gomera und begleitet Expeditionskreuzfahrten in zahlreiche Gegenden der Welt.<\/p>\n\n\n\n<p>Seine letzte Ver\u00f6ffentlichung ist der Bild-und Leseband: &#8220;<a href=\"https:\/\/clarityverlag.de\/shop\/edition-claritycollection\/delfine-detail.html\" target=\"_blank\" rel=\"noreferrer noopener\">Die Insel der Delfine<\/a>&#8211; Begegnungen auf dem Meer vor La Gomera&#8221; im ClarityVerlag.<\/p>\n\n<\/div><\/div>","protected":false},"excerpt":{"rendered":"<p>Fabian Ritter, Meeresbiologe und Walexperte, Berlin Fabian Ritter ist freiberuflicher Biologe und leitet u. a bei der internationalen gemeinn\u00fctzigen Organisation WDC (Whale and Dolphin Conservation), die sich dem Schutz von &#8230; <a title=\"Fabian Ritter\" class=\"read-more\" href=\"https:\/\/clarityproject.de\/en\/our-authors\/fabian-ritter\/\" aria-label=\"Read more about Fabian Ritter\">\u00bb\u00bbweiterlesen<\/a><\/p>\n","protected":false},"author":1,"featured_media":0,"parent":22409,"menu_order":3,"comment_status":"closed","ping_status":"closed","template":"","meta":{"footnotes":""},"class_list":["post-22411","page","type-page","status-publish"],"jetpack_sharing_enabled":true,"_links":{"self":[{"href":"https:\/\/clarityproject.de\/en\/wp-json\/wp\/v2\/pages\/22411","targetHints":{"allow":["GET"]}}],"collection":[{"href":"https:\/\/clarityproject.de\/en\/wp-json\/wp\/v2\/pages"}],"about":[{"href":"https:\/\/clarityproject.de\/en\/wp-json\/wp\/v2\/types\/page"}],"author":[{"embeddable":true,"href":"https:\/\/clarityproject.de\/en\/wp-json\/wp\/v2\/users\/1"}],"replies":[{"embeddable":true,"href":"https:\/\/clarityproject.de\/en\/wp-json\/wp\/v2\/comments?post=22411"}],"version-history":[{"count":1,"href":"https:\/\/clarityproject.de\/en\/wp-json\/wp\/v2\/pages\/22411\/revisions"}],"predecessor-version":[{"id":32695,"href":"https:\/\/clarityproject.de\/en\/wp-json\/wp\/v2\/pages\/22411\/revisions\/32695"}],"up":[{"embeddable":true,"href":"https:\/\/clarityproject.de\/en\/wp-json\/wp\/v2\/pages\/22409"}],"wp:attachment":[{"href":"https:\/\/clarityproject.de\/en\/wp-json\/wp\/v2\/media?parent=22411"}],"curies":[{"name":"wp","href":"https:\/\/api.w.org\/{rel}","templated":true}]}}